{"id":25185,"date":"2025-07-04T18:22:00","date_gmt":"2025-07-04T16:22:00","guid":{"rendered":"https:\/\/mystikus.dsignpoint.com\/producto\/encens-en-cone-envie\/"},"modified":"2025-07-04T18:22:00","modified_gmt":"2025-07-04T16:22:00","slug":"encens-en-cone-envie","status":"publish","type":"product","link":"https:\/\/mystikus.dsignpoint.com\/fr\/producto\/encens-en-cone-envie\/","title":{"rendered":"Encens en c\u00f4ne Envie"},"content":{"rendered":"<h4>Encens en c\u00f4ne Saint Envie<\/h4>\n<p data-start=\"132\" data-end=\"666\">est un puissant protecteur spirituel formul\u00e9 pour neutraliser le mauvais \u0153il, l&rsquo;envie et les \u00e9nergies n\u00e9gatives envoy\u00e9es par la pens\u00e9e d&rsquo;autrui. En br\u00fblant, sa fum\u00e9e agit comme un bouclier vibratoire qui nettoie l&rsquo;environnement, dissout les charges lourdes et r\u00e9tablit l&rsquo;\u00e9quilibre \u00e9nerg\u00e9tique. Id\u00e9al pour se prot\u00e9ger des regards malveillants, \u00e9viter les influences n\u00e9fastes et maintenir l&rsquo;harmonie \u00e0 la maison, au travail ou dans tout espace personnel. Une d\u00e9fense aromatique contre l&rsquo;\u00e9nergie envieuse et le mauvais \u0153il.   <\/p>\n","protected":false},"excerpt":{"rendered":"<p>Encens en c\u00f4ne Saint Envie est un puissant protecteur spirituel formul\u00e9 pour neutraliser le mauvais \u0153il, l&rsquo;envie et les \u00e9nergies n\u00e9gatives envoy\u00e9es par la pens\u00e9e d&rsquo;autrui. En br\u00fblant, sa fum\u00e9e agit comme un bouclier vibratoire qui nettoie l&rsquo;environnement, dissout les charges lourdes et r\u00e9tablit l&rsquo;\u00e9quilibre \u00e9nerg\u00e9tique. Id\u00e9al pour se prot\u00e9ger des regards malveillants, \u00e9viter les [&hellip;]<\/p>\n","protected":false},"featured_media":23765,"comment_status":"closed","ping_status":"closed","template":"","meta":[],"product_brand":[],"product_cat":[207,197,118,145],"product_tag":[],"class_list":{"0":"post-25185","1":"product","2":"type-product","3":"status-publish","4":"has-post-thumbnail","6":"product_cat-encens-de-but","7":"product_cat-encens-de-intention","8":"product_cat-encens-et-aromes","9":"product_cat-mystikus-collection","11":"first","12":"instock","13":"shipping-taxable","14":"purchasable","15":"product-type-simple"},"_links":{"self":[{"href":"https:\/\/mystikus.dsignpoint.com\/fr\/wp-json\/wp\/v2\/product\/25185","targetHints":{"allow":["GET"]}}],"collection":[{"href":"https:\/\/mystikus.dsignpoint.com\/fr\/wp-json\/wp\/v2\/product"}],"about":[{"href":"https:\/\/mystikus.dsignpoint.com\/fr\/wp-json\/wp\/v2\/types\/product"}],"replies":[{"embeddable":true,"href":"https:\/\/mystikus.dsignpoint.com\/fr\/wp-json\/wp\/v2\/comments?post=25185"}],"wp:featuredmedia":[{"embeddable":true,"href":"https:\/\/mystikus.dsignpoint.com\/fr\/wp-json\/wp\/v2\/media\/23765"}],"wp:attachment":[{"href":"https:\/\/mystikus.dsignpoint.com\/fr\/wp-json\/wp\/v2\/media?parent=25185"}],"wp:term":[{"taxonomy":"product_brand","embeddable":true,"href":"https:\/\/mystikus.dsignpoint.com\/fr\/wp-json\/wp\/v2\/product_brand?post=25185"},{"taxonomy":"product_cat","embeddable":true,"href":"https:\/\/mystikus.dsignpoint.com\/fr\/wp-json\/wp\/v2\/product_cat?post=25185"},{"taxonomy":"product_tag","embeddable":true,"href":"https:\/\/mystikus.dsignpoint.com\/fr\/wp-json\/wp\/v2\/product_tag?post=25185"}],"curies":[{"name":"wp","href":"https:\/\/api.w.org\/{rel}","templated":true}]}}