{"id":25193,"date":"2025-07-04T18:25:08","date_gmt":"2025-07-04T16:25:08","guid":{"rendered":"https:\/\/mystikus.dsignpoint.com\/producto\/encens-en-cone-nettoyage\/"},"modified":"2025-07-04T18:25:08","modified_gmt":"2025-07-04T16:25:08","slug":"encens-en-cone-nettoyage","status":"publish","type":"product","link":"https:\/\/mystikus.dsignpoint.com\/fr\/producto\/encens-en-cone-nettoyage\/","title":{"rendered":"Encens en c\u00f4ne Nettoyage"},"content":{"rendered":"<h4>Encens en c\u00f4ne Saint Nettoyage<\/h4>\n<p data-start=\"132\" data-end=\"616\">est un outil spirituel essentiel pour la purification des environnements, des personnes et des objets. Lorsqu&rsquo;il est allum\u00e9, sa fum\u00e9e sacr\u00e9e agit comme un agent nettoyant qui dissout les mauvaises \u00e9nergies, la lourdeur spirituelle et les vibrations n\u00e9gatives accumul\u00e9es. Id\u00e9al pour effectuer des nettoyages r\u00e9guliers, pr\u00e9parer des espaces avant des rituels ou simplement renouveler l&rsquo;\u00e9nergie du foyer. Un alli\u00e9 parfait pour maintenir l&rsquo;harmonie, la clart\u00e9 et la paix int\u00e9rieure dans votre environnement.   <\/p>\n","protected":false},"excerpt":{"rendered":"<p>Encens en c\u00f4ne Saint Nettoyage est un outil spirituel essentiel pour la purification des environnements, des personnes et des objets. Lorsqu&rsquo;il est allum\u00e9, sa fum\u00e9e sacr\u00e9e agit comme un agent nettoyant qui dissout les mauvaises \u00e9nergies, la lourdeur spirituelle et les vibrations n\u00e9gatives accumul\u00e9es. Id\u00e9al pour effectuer des nettoyages r\u00e9guliers, pr\u00e9parer des espaces avant des [&hellip;]<\/p>\n","protected":false},"featured_media":23767,"comment_status":"closed","ping_status":"closed","template":"","meta":[],"product_brand":[],"product_cat":[207,197,118,145],"product_tag":[],"class_list":{"0":"post-25193","1":"product","2":"type-product","3":"status-publish","4":"has-post-thumbnail","6":"product_cat-encens-de-but","7":"product_cat-encens-de-intention","8":"product_cat-encens-et-aromes","9":"product_cat-mystikus-collection","11":"first","12":"instock","13":"shipping-taxable","14":"purchasable","15":"product-type-simple"},"_links":{"self":[{"href":"https:\/\/mystikus.dsignpoint.com\/fr\/wp-json\/wp\/v2\/product\/25193","targetHints":{"allow":["GET"]}}],"collection":[{"href":"https:\/\/mystikus.dsignpoint.com\/fr\/wp-json\/wp\/v2\/product"}],"about":[{"href":"https:\/\/mystikus.dsignpoint.com\/fr\/wp-json\/wp\/v2\/types\/product"}],"replies":[{"embeddable":true,"href":"https:\/\/mystikus.dsignpoint.com\/fr\/wp-json\/wp\/v2\/comments?post=25193"}],"wp:featuredmedia":[{"embeddable":true,"href":"https:\/\/mystikus.dsignpoint.com\/fr\/wp-json\/wp\/v2\/media\/23767"}],"wp:attachment":[{"href":"https:\/\/mystikus.dsignpoint.com\/fr\/wp-json\/wp\/v2\/media?parent=25193"}],"wp:term":[{"taxonomy":"product_brand","embeddable":true,"href":"https:\/\/mystikus.dsignpoint.com\/fr\/wp-json\/wp\/v2\/product_brand?post=25193"},{"taxonomy":"product_cat","embeddable":true,"href":"https:\/\/mystikus.dsignpoint.com\/fr\/wp-json\/wp\/v2\/product_cat?post=25193"},{"taxonomy":"product_tag","embeddable":true,"href":"https:\/\/mystikus.dsignpoint.com\/fr\/wp-json\/wp\/v2\/product_tag?post=25193"}],"curies":[{"name":"wp","href":"https:\/\/api.w.org\/{rel}","templated":true}]}}