{"id":25197,"date":"2025-07-04T18:17:50","date_gmt":"2025-07-04T16:17:50","guid":{"rendered":"https:\/\/mystikus.dsignpoint.com\/producto\/encens-en-cone-saint-benoit\/"},"modified":"2025-07-04T18:17:50","modified_gmt":"2025-07-04T16:17:50","slug":"encens-en-cone-saint-benoit","status":"publish","type":"product","link":"https:\/\/mystikus.dsignpoint.com\/fr\/producto\/encens-en-cone-saint-benoit\/","title":{"rendered":"Encens en c\u00f4ne Saint Beno\u00eet"},"content":{"rendered":"<h4>Encens en c\u00f4ne Saint Beno\u00eet<\/h4>\n<p data-start=\"125\" data-end=\"599\">est un bouclier spirituel consacr\u00e9 pour prot\u00e9ger contre tout type de mal, d&rsquo;envies, d&rsquo;attaques occultes et d&rsquo;\u00e9nergies sombres. Inspir\u00e9 par le pouvoir de Saint Beno\u00eet et sa c\u00e9l\u00e8bre m\u00e9daille de d\u00e9fense, sa fum\u00e9e, une fois allum\u00e9e, g\u00e9n\u00e8re une barri\u00e8re lumineuse qui repousse les forces n\u00e9gatives, purifie l&rsquo;environnement et renforce l&rsquo;esprit. Id\u00e9al pour b\u00e9nir les espaces, effectuer des rituels de protection ou maintenir l&rsquo;\u00e9nergie du foyer \u00e9lev\u00e9e et s\u00fbre. Un rempart sacr\u00e9 contre les influences du mal.   <\/p>\n","protected":false},"excerpt":{"rendered":"<p>Encens en c\u00f4ne Saint Beno\u00eet est un bouclier spirituel consacr\u00e9 pour prot\u00e9ger contre tout type de mal, d&rsquo;envies, d&rsquo;attaques occultes et d&rsquo;\u00e9nergies sombres. Inspir\u00e9 par le pouvoir de Saint Beno\u00eet et sa c\u00e9l\u00e8bre m\u00e9daille de d\u00e9fense, sa fum\u00e9e, une fois allum\u00e9e, g\u00e9n\u00e8re une barri\u00e8re lumineuse qui repousse les forces n\u00e9gatives, purifie l&rsquo;environnement et renforce l&rsquo;esprit. [&hellip;]<\/p>\n","protected":false},"featured_media":23763,"comment_status":"closed","ping_status":"closed","template":"","meta":[],"product_brand":[],"product_cat":[207,197,118,145],"product_tag":[],"class_list":{"0":"post-25197","1":"product","2":"type-product","3":"status-publish","4":"has-post-thumbnail","6":"product_cat-encens-de-but","7":"product_cat-encens-de-intention","8":"product_cat-encens-et-aromes","9":"product_cat-mystikus-collection","11":"first","12":"instock","13":"shipping-taxable","14":"purchasable","15":"product-type-simple"},"_links":{"self":[{"href":"https:\/\/mystikus.dsignpoint.com\/fr\/wp-json\/wp\/v2\/product\/25197","targetHints":{"allow":["GET"]}}],"collection":[{"href":"https:\/\/mystikus.dsignpoint.com\/fr\/wp-json\/wp\/v2\/product"}],"about":[{"href":"https:\/\/mystikus.dsignpoint.com\/fr\/wp-json\/wp\/v2\/types\/product"}],"replies":[{"embeddable":true,"href":"https:\/\/mystikus.dsignpoint.com\/fr\/wp-json\/wp\/v2\/comments?post=25197"}],"wp:featuredmedia":[{"embeddable":true,"href":"https:\/\/mystikus.dsignpoint.com\/fr\/wp-json\/wp\/v2\/media\/23763"}],"wp:attachment":[{"href":"https:\/\/mystikus.dsignpoint.com\/fr\/wp-json\/wp\/v2\/media?parent=25197"}],"wp:term":[{"taxonomy":"product_brand","embeddable":true,"href":"https:\/\/mystikus.dsignpoint.com\/fr\/wp-json\/wp\/v2\/product_brand?post=25197"},{"taxonomy":"product_cat","embeddable":true,"href":"https:\/\/mystikus.dsignpoint.com\/fr\/wp-json\/wp\/v2\/product_cat?post=25197"},{"taxonomy":"product_tag","embeddable":true,"href":"https:\/\/mystikus.dsignpoint.com\/fr\/wp-json\/wp\/v2\/product_tag?post=25197"}],"curies":[{"name":"wp","href":"https:\/\/api.w.org\/{rel}","templated":true}]}}