{"id":25201,"date":"2025-07-04T18:04:50","date_gmt":"2025-07-04T16:04:50","guid":{"rendered":"https:\/\/mystikus.dsignpoint.com\/producto\/encens-en-cone-saint-cyprien\/"},"modified":"2025-07-04T18:04:50","modified_gmt":"2025-07-04T16:04:50","slug":"encens-en-cone-saint-cyprien","status":"publish","type":"product","link":"https:\/\/mystikus.dsignpoint.com\/fr\/producto\/encens-en-cone-saint-cyprien\/","title":{"rendered":"Encens en c\u00f4ne Saint Cyprien"},"content":{"rendered":"<h4>Encens en c\u00f4ne Saint Cyprien<\/h4>\n<p data-start=\"125\" data-end=\"599\">est un outil spirituel puissant invoqu\u00e9 pour combattre les sorts, la sorcellerie et les mal\u00e9dictions. Inspir\u00e9 par la force protectrice du saint exorciste, sa fum\u00e9e, une fois allum\u00e9e, agit comme un bouclier purificateur qui brise les \u0153uvres obscures, coupe les \u00e9nergies envoy\u00e9es avec m\u00e9chancet\u00e9 et r\u00e9tablit l&rsquo;\u00e9quilibre spirituel. Id\u00e9al pour les nettoyages profonds, les rituels de d\u00e9fense ou les moments o\u00f9 l&rsquo;on soup\u00e7onne des influences n\u00e9gatives. Un alli\u00e9 essentiel pour ceux qui cherchent refuge dans la lumi\u00e8re et la justice spirituelle.   <\/p>\n","protected":false},"excerpt":{"rendered":"<p>Encens en c\u00f4ne Saint Cyprien est un outil spirituel puissant invoqu\u00e9 pour combattre les sorts, la sorcellerie et les mal\u00e9dictions. Inspir\u00e9 par la force protectrice du saint exorciste, sa fum\u00e9e, une fois allum\u00e9e, agit comme un bouclier purificateur qui brise les \u0153uvres obscures, coupe les \u00e9nergies envoy\u00e9es avec m\u00e9chancet\u00e9 et r\u00e9tablit l&rsquo;\u00e9quilibre spirituel. Id\u00e9al pour [&hellip;]<\/p>\n","protected":false},"featured_media":23759,"comment_status":"closed","ping_status":"closed","template":"","meta":[],"product_brand":[],"product_cat":[207,197,118,145],"product_tag":[],"class_list":{"0":"post-25201","1":"product","2":"type-product","3":"status-publish","4":"has-post-thumbnail","6":"product_cat-encens-de-but","7":"product_cat-encens-de-intention","8":"product_cat-encens-et-aromes","9":"product_cat-mystikus-collection","11":"first","12":"instock","13":"shipping-taxable","14":"purchasable","15":"product-type-simple"},"_links":{"self":[{"href":"https:\/\/mystikus.dsignpoint.com\/fr\/wp-json\/wp\/v2\/product\/25201","targetHints":{"allow":["GET"]}}],"collection":[{"href":"https:\/\/mystikus.dsignpoint.com\/fr\/wp-json\/wp\/v2\/product"}],"about":[{"href":"https:\/\/mystikus.dsignpoint.com\/fr\/wp-json\/wp\/v2\/types\/product"}],"replies":[{"embeddable":true,"href":"https:\/\/mystikus.dsignpoint.com\/fr\/wp-json\/wp\/v2\/comments?post=25201"}],"wp:featuredmedia":[{"embeddable":true,"href":"https:\/\/mystikus.dsignpoint.com\/fr\/wp-json\/wp\/v2\/media\/23759"}],"wp:attachment":[{"href":"https:\/\/mystikus.dsignpoint.com\/fr\/wp-json\/wp\/v2\/media?parent=25201"}],"wp:term":[{"taxonomy":"product_brand","embeddable":true,"href":"https:\/\/mystikus.dsignpoint.com\/fr\/wp-json\/wp\/v2\/product_brand?post=25201"},{"taxonomy":"product_cat","embeddable":true,"href":"https:\/\/mystikus.dsignpoint.com\/fr\/wp-json\/wp\/v2\/product_cat?post=25201"},{"taxonomy":"product_tag","embeddable":true,"href":"https:\/\/mystikus.dsignpoint.com\/fr\/wp-json\/wp\/v2\/product_tag?post=25201"}],"curies":[{"name":"wp","href":"https:\/\/api.w.org\/{rel}","templated":true}]}}