{"id":25211,"date":"2025-07-04T18:12:35","date_gmt":"2025-07-04T16:12:35","guid":{"rendered":"https:\/\/mystikus.dsignpoint.com\/producto\/encens-en-cone-decharge\/"},"modified":"2025-07-04T18:12:35","modified_gmt":"2025-07-04T16:12:35","slug":"encens-en-cone-decharge","status":"publish","type":"product","link":"https:\/\/mystikus.dsignpoint.com\/fr\/producto\/encens-en-cone-decharge\/","title":{"rendered":"Encens en c\u00f4ne D\u00e9charge"},"content":{"rendered":"<h4>Encens en c\u00f4ne D\u00e9charge<\/h4>\n<p data-start=\"125\" data-end=\"599\">est un purificateur spirituel formul\u00e9 pour r\u00e9aliser des nettoyages \u00e9nerg\u00e9tiques profonds et \u00e9liminer les charges n\u00e9gatives accumul\u00e9es dans le corps, l\u2019esprit ou l\u2019environnement. En br\u00fblant, sa fum\u00e9e intense agit comme un bain de d\u00e9charge, dissolvant les \u00e9nergies denses, les envies, les tensions et les mauvaises vibrations. Id\u00e9al pour les moments d\u2019\u00e9puisement spirituel, apr\u00e8s des discussions, des visites p\u00e9nibles ou lorsque l\u2019on sent l\u2019atmosph\u00e8re charg\u00e9e. Un outil essentiel pour renouveler votre champ \u00e9nerg\u00e9tique et restaurer la paix int\u00e9rieure.   <\/p>\n","protected":false},"excerpt":{"rendered":"<p>Encens en c\u00f4ne D\u00e9charge est un purificateur spirituel formul\u00e9 pour r\u00e9aliser des nettoyages \u00e9nerg\u00e9tiques profonds et \u00e9liminer les charges n\u00e9gatives accumul\u00e9es dans le corps, l\u2019esprit ou l\u2019environnement. En br\u00fblant, sa fum\u00e9e intense agit comme un bain de d\u00e9charge, dissolvant les \u00e9nergies denses, les envies, les tensions et les mauvaises vibrations. Id\u00e9al pour les moments d\u2019\u00e9puisement [&hellip;]<\/p>\n","protected":false},"featured_media":23761,"comment_status":"closed","ping_status":"closed","template":"","meta":[],"product_brand":[],"product_cat":[207,197,118,145],"product_tag":[],"class_list":{"0":"post-25211","1":"product","2":"type-product","3":"status-publish","4":"has-post-thumbnail","6":"product_cat-encens-de-but","7":"product_cat-encens-de-intention","8":"product_cat-encens-et-aromes","9":"product_cat-mystikus-collection","11":"first","12":"instock","13":"shipping-taxable","14":"purchasable","15":"product-type-simple"},"_links":{"self":[{"href":"https:\/\/mystikus.dsignpoint.com\/fr\/wp-json\/wp\/v2\/product\/25211","targetHints":{"allow":["GET"]}}],"collection":[{"href":"https:\/\/mystikus.dsignpoint.com\/fr\/wp-json\/wp\/v2\/product"}],"about":[{"href":"https:\/\/mystikus.dsignpoint.com\/fr\/wp-json\/wp\/v2\/types\/product"}],"replies":[{"embeddable":true,"href":"https:\/\/mystikus.dsignpoint.com\/fr\/wp-json\/wp\/v2\/comments?post=25211"}],"wp:featuredmedia":[{"embeddable":true,"href":"https:\/\/mystikus.dsignpoint.com\/fr\/wp-json\/wp\/v2\/media\/23761"}],"wp:attachment":[{"href":"https:\/\/mystikus.dsignpoint.com\/fr\/wp-json\/wp\/v2\/media?parent=25211"}],"wp:term":[{"taxonomy":"product_brand","embeddable":true,"href":"https:\/\/mystikus.dsignpoint.com\/fr\/wp-json\/wp\/v2\/product_brand?post=25211"},{"taxonomy":"product_cat","embeddable":true,"href":"https:\/\/mystikus.dsignpoint.com\/fr\/wp-json\/wp\/v2\/product_cat?post=25211"},{"taxonomy":"product_tag","embeddable":true,"href":"https:\/\/mystikus.dsignpoint.com\/fr\/wp-json\/wp\/v2\/product_tag?post=25211"}],"curies":[{"name":"wp","href":"https:\/\/api.w.org\/{rel}","templated":true}]}}