{"id":25225,"date":"2025-07-02T20:24:19","date_gmt":"2025-07-02T18:24:19","guid":{"rendered":"https:\/\/mystikus.dsignpoint.com\/producto\/bracelet-zodiaque-verseau-avec-pierres-naturelles\/"},"modified":"2025-07-02T20:24:19","modified_gmt":"2025-07-02T18:24:19","slug":"bracelet-zodiaque-verseau-avec-pierres-naturelles","status":"publish","type":"product","link":"https:\/\/mystikus.dsignpoint.com\/fr\/producto\/bracelet-zodiaque-verseau-avec-pierres-naturelles\/","title":{"rendered":"Bracelet Zodiaque Verseau avec Pierres Naturelles"},"content":{"rendered":"<h3 data-start=\"107\" data-end=\"160\">Bracelet Zodiaque Verseau avec Pierres Naturelles<\/h3>\n<pre data-start=\"107\" data-end=\"160\">Originalit\u00e9, vision et libert\u00e9 : trois piliers du signe Verseau, repr\u00e9sent\u00e9s dans ce bracelet zodiacal unique. Con\u00e7u sp\u00e9cialement pour les personnes n\u00e9es entre le  <strong data-start=\"332\" data-end=\"366\">20 janvier et le 18 f\u00e9vrier<\/strong>, cette pi\u00e8ce combine <strong data-start=\"387\" data-end=\"423\">trois pierres naturelles puissantes<\/strong> qui s'harmonisent avec l'\u00e9nergie innovante, mentale et humanitaire de ce signe d'air<\/pre>\n","protected":false},"excerpt":{"rendered":"<p>Ajustable<\/p>\n<p>&nbsp;<\/p>\n","protected":false},"featured_media":23748,"comment_status":"closed","ping_status":"closed","template":"","meta":[],"product_brand":[],"product_cat":[134,106],"product_tag":[],"class_list":{"0":"post-25225","1":"product","2":"type-product","3":"status-publish","4":"has-post-thumbnail","6":"product_cat-bracelets","7":"product_cat-mineraux-et-bijoux","9":"first","10":"instock","11":"shipping-taxable","12":"purchasable","13":"product-type-simple"},"_links":{"self":[{"href":"https:\/\/mystikus.dsignpoint.com\/fr\/wp-json\/wp\/v2\/product\/25225","targetHints":{"allow":["GET"]}}],"collection":[{"href":"https:\/\/mystikus.dsignpoint.com\/fr\/wp-json\/wp\/v2\/product"}],"about":[{"href":"https:\/\/mystikus.dsignpoint.com\/fr\/wp-json\/wp\/v2\/types\/product"}],"replies":[{"embeddable":true,"href":"https:\/\/mystikus.dsignpoint.com\/fr\/wp-json\/wp\/v2\/comments?post=25225"}],"wp:featuredmedia":[{"embeddable":true,"href":"https:\/\/mystikus.dsignpoint.com\/fr\/wp-json\/wp\/v2\/media\/23748"}],"wp:attachment":[{"href":"https:\/\/mystikus.dsignpoint.com\/fr\/wp-json\/wp\/v2\/media?parent=25225"}],"wp:term":[{"taxonomy":"product_brand","embeddable":true,"href":"https:\/\/mystikus.dsignpoint.com\/fr\/wp-json\/wp\/v2\/product_brand?post=25225"},{"taxonomy":"product_cat","embeddable":true,"href":"https:\/\/mystikus.dsignpoint.com\/fr\/wp-json\/wp\/v2\/product_cat?post=25225"},{"taxonomy":"product_tag","embeddable":true,"href":"https:\/\/mystikus.dsignpoint.com\/fr\/wp-json\/wp\/v2\/product_tag?post=25225"}],"curies":[{"name":"wp","href":"https:\/\/api.w.org\/{rel}","templated":true}]}}