{"id":25230,"date":"2025-07-02T20:17:38","date_gmt":"2025-07-02T18:17:38","guid":{"rendered":"https:\/\/mystikus.dsignpoint.com\/producto\/bracelet-zodiaque-balance-avec-pierres-naturelles\/"},"modified":"2025-07-02T20:17:38","modified_gmt":"2025-07-02T18:17:38","slug":"bracelet-zodiaque-balance-avec-pierres-naturelles","status":"publish","type":"product","link":"https:\/\/mystikus.dsignpoint.com\/fr\/producto\/bracelet-zodiaque-balance-avec-pierres-naturelles\/","title":{"rendered":"Bracelet Zodiaque Balance avec Pierres Naturelles"},"content":{"rendered":"<h3 data-start=\"107\" data-end=\"160\">Bracelet Zodiaque Balance avec Pierres Naturelles<\/h3>\n<pre data-start=\"107\" data-end=\"160\">Harmonie, beaut\u00e9 et \u00e9quilibre : trois piliers du signe Balance, repr\u00e9sent\u00e9s dans ce bracelet zodiacal unique. Con\u00e7u sp\u00e9cialement pour les personnes n\u00e9es entre le  <strong data-start=\"319\" data-end=\"358\">23 septembre et le 22 octobre<\/strong>, cette pi\u00e8ce combine <strong data-start=\"379\" data-end=\"415\">trois pierres naturelles puissantes<\/strong> qui s'harmonisent avec l'\u00e9nergie diplomatique, amoureuse et esth\u00e9tique de ce signe d'air<\/pre>\n","protected":false},"excerpt":{"rendered":"<p>Ajustable<\/p>\n<p>&nbsp;<\/p>\n","protected":false},"featured_media":23744,"comment_status":"closed","ping_status":"closed","template":"","meta":[],"product_brand":[],"product_cat":[134,106],"product_tag":[],"class_list":{"0":"post-25230","1":"product","2":"type-product","3":"status-publish","4":"has-post-thumbnail","6":"product_cat-bracelets","7":"product_cat-mineraux-et-bijoux","9":"first","10":"instock","11":"shipping-taxable","12":"purchasable","13":"product-type-simple"},"_links":{"self":[{"href":"https:\/\/mystikus.dsignpoint.com\/fr\/wp-json\/wp\/v2\/product\/25230","targetHints":{"allow":["GET"]}}],"collection":[{"href":"https:\/\/mystikus.dsignpoint.com\/fr\/wp-json\/wp\/v2\/product"}],"about":[{"href":"https:\/\/mystikus.dsignpoint.com\/fr\/wp-json\/wp\/v2\/types\/product"}],"replies":[{"embeddable":true,"href":"https:\/\/mystikus.dsignpoint.com\/fr\/wp-json\/wp\/v2\/comments?post=25230"}],"wp:featuredmedia":[{"embeddable":true,"href":"https:\/\/mystikus.dsignpoint.com\/fr\/wp-json\/wp\/v2\/media\/23744"}],"wp:attachment":[{"href":"https:\/\/mystikus.dsignpoint.com\/fr\/wp-json\/wp\/v2\/media?parent=25230"}],"wp:term":[{"taxonomy":"product_brand","embeddable":true,"href":"https:\/\/mystikus.dsignpoint.com\/fr\/wp-json\/wp\/v2\/product_brand?post=25230"},{"taxonomy":"product_cat","embeddable":true,"href":"https:\/\/mystikus.dsignpoint.com\/fr\/wp-json\/wp\/v2\/product_cat?post=25230"},{"taxonomy":"product_tag","embeddable":true,"href":"https:\/\/mystikus.dsignpoint.com\/fr\/wp-json\/wp\/v2\/product_tag?post=25230"}],"curies":[{"name":"wp","href":"https:\/\/api.w.org\/{rel}","templated":true}]}}