{"id":25245,"date":"2025-07-02T20:07:11","date_gmt":"2025-07-02T18:07:11","guid":{"rendered":"https:\/\/mystikus.dsignpoint.com\/producto\/bracelet-zodiaque-poissons-avec-pierres-naturelles\/"},"modified":"2025-07-02T20:07:11","modified_gmt":"2025-07-02T18:07:11","slug":"bracelet-zodiaque-poissons-avec-pierres-naturelles","status":"publish","type":"product","link":"https:\/\/mystikus.dsignpoint.com\/fr\/producto\/bracelet-zodiaque-poissons-avec-pierres-naturelles\/","title":{"rendered":"Bracelet Zodiaque Poissons avec Pierres Naturelles"},"content":{"rendered":"<h3 data-start=\"107\" data-end=\"160\">Bracelet Zodiaque Poissons avec Pierres Naturelles<\/h3>\n<p data-start=\"162\" data-end=\"481\">Sensibilit\u00e9, intuition et connexion spirituelle : trois piliers du signe Poissons, repr\u00e9sent\u00e9s dans ce bracelet zodiacal unique. Con\u00e7ue sp\u00e9cialement pour les personnes n\u00e9es entre le <strong data-start=\"327\" data-end=\"361\">19 f\u00e9vrier et le 20 mars<\/strong>, cette pi\u00e8ce combine <strong data-start=\"382\" data-end=\"418\">trois pierres naturelles puissantes<\/strong> qui s&rsquo;harmonisent avec l&rsquo;\u00e9nergie aimante, empathique et r\u00eaveuse de ce signe d&rsquo;eau <\/p>\n","protected":false},"excerpt":{"rendered":"<p>Ajustable<\/p>\n<p>&nbsp;<\/p>\n","protected":false},"featured_media":23738,"comment_status":"closed","ping_status":"closed","template":"","meta":[],"product_brand":[],"product_cat":[134,106],"product_tag":[],"class_list":{"0":"post-25245","1":"product","2":"type-product","3":"status-publish","4":"has-post-thumbnail","6":"product_cat-bracelets","7":"product_cat-mineraux-et-bijoux","9":"first","10":"instock","11":"shipping-taxable","12":"purchasable","13":"product-type-simple"},"_links":{"self":[{"href":"https:\/\/mystikus.dsignpoint.com\/fr\/wp-json\/wp\/v2\/product\/25245","targetHints":{"allow":["GET"]}}],"collection":[{"href":"https:\/\/mystikus.dsignpoint.com\/fr\/wp-json\/wp\/v2\/product"}],"about":[{"href":"https:\/\/mystikus.dsignpoint.com\/fr\/wp-json\/wp\/v2\/types\/product"}],"replies":[{"embeddable":true,"href":"https:\/\/mystikus.dsignpoint.com\/fr\/wp-json\/wp\/v2\/comments?post=25245"}],"wp:featuredmedia":[{"embeddable":true,"href":"https:\/\/mystikus.dsignpoint.com\/fr\/wp-json\/wp\/v2\/media\/23738"}],"wp:attachment":[{"href":"https:\/\/mystikus.dsignpoint.com\/fr\/wp-json\/wp\/v2\/media?parent=25245"}],"wp:term":[{"taxonomy":"product_brand","embeddable":true,"href":"https:\/\/mystikus.dsignpoint.com\/fr\/wp-json\/wp\/v2\/product_brand?post=25245"},{"taxonomy":"product_cat","embeddable":true,"href":"https:\/\/mystikus.dsignpoint.com\/fr\/wp-json\/wp\/v2\/product_cat?post=25245"},{"taxonomy":"product_tag","embeddable":true,"href":"https:\/\/mystikus.dsignpoint.com\/fr\/wp-json\/wp\/v2\/product_tag?post=25245"}],"curies":[{"name":"wp","href":"https:\/\/api.w.org\/{rel}","templated":true}]}}