{"id":25262,"date":"2025-07-02T19:31:54","date_gmt":"2025-07-02T17:31:54","guid":{"rendered":"https:\/\/mystikus.dsignpoint.com\/producto\/encens-en-cone-energie\/"},"modified":"2025-07-02T19:31:54","modified_gmt":"2025-07-02T17:31:54","slug":"encens-en-cone-energie","status":"publish","type":"product","link":"https:\/\/mystikus.dsignpoint.com\/fr\/producto\/encens-en-cone-energie\/","title":{"rendered":"Encens en c\u00f4ne \u00c9nergie"},"content":{"rendered":"<h4>Encens en c\u00f4ne <strong data-start=\"125\" data-end=\"156\">\u00c9nergie<\/strong><\/h4>\n<p data-start=\"125\" data-end=\"599\">est un stimulant spirituel con\u00e7u pour renouveler la force int\u00e9rieure, \u00e9lever la vitalit\u00e9 et dissiper la fatigue \u00e9motionnelle ou mentale. Lorsqu&rsquo;il est allum\u00e9, son ar\u00f4me vivifiant active la motivation, \u00e9veille l&rsquo;enthousiasme et cr\u00e9e une ambiance dynamique et pleine d&rsquo;\u00e9lan. Id\u00e9al pour commencer la journ\u00e9e avec \u00e9nergie, affronter les moments de fatigue ou retrouver l&rsquo;enthousiasme en p\u00e9riode d&rsquo;\u00e9puisement. Une \u00e9tincelle aromatique qui revitalise le corps, l&rsquo;esprit et l&rsquo;\u00e2me.   <\/p>\n","protected":false},"excerpt":{"rendered":"<p>Encens en c\u00f4ne \u00c9nergie est un stimulant spirituel con\u00e7u pour renouveler la force int\u00e9rieure, \u00e9lever la vitalit\u00e9 et dissiper la fatigue \u00e9motionnelle ou mentale. Lorsqu&rsquo;il est allum\u00e9, son ar\u00f4me vivifiant active la motivation, \u00e9veille l&rsquo;enthousiasme et cr\u00e9e une ambiance dynamique et pleine d&rsquo;\u00e9lan. Id\u00e9al pour commencer la journ\u00e9e avec \u00e9nergie, affronter les moments de fatigue [&hellip;]<\/p>\n","protected":false},"featured_media":23753,"comment_status":"closed","ping_status":"closed","template":"","meta":[],"product_brand":[],"product_cat":[207,197,118,145],"product_tag":[],"class_list":{"0":"post-25262","1":"product","2":"type-product","3":"status-publish","4":"has-post-thumbnail","6":"product_cat-encens-de-but","7":"product_cat-encens-de-intention","8":"product_cat-encens-et-aromes","9":"product_cat-mystikus-collection","11":"first","12":"instock","13":"shipping-taxable","14":"purchasable","15":"product-type-simple"},"_links":{"self":[{"href":"https:\/\/mystikus.dsignpoint.com\/fr\/wp-json\/wp\/v2\/product\/25262","targetHints":{"allow":["GET"]}}],"collection":[{"href":"https:\/\/mystikus.dsignpoint.com\/fr\/wp-json\/wp\/v2\/product"}],"about":[{"href":"https:\/\/mystikus.dsignpoint.com\/fr\/wp-json\/wp\/v2\/types\/product"}],"replies":[{"embeddable":true,"href":"https:\/\/mystikus.dsignpoint.com\/fr\/wp-json\/wp\/v2\/comments?post=25262"}],"wp:featuredmedia":[{"embeddable":true,"href":"https:\/\/mystikus.dsignpoint.com\/fr\/wp-json\/wp\/v2\/media\/23753"}],"wp:attachment":[{"href":"https:\/\/mystikus.dsignpoint.com\/fr\/wp-json\/wp\/v2\/media?parent=25262"}],"wp:term":[{"taxonomy":"product_brand","embeddable":true,"href":"https:\/\/mystikus.dsignpoint.com\/fr\/wp-json\/wp\/v2\/product_brand?post=25262"},{"taxonomy":"product_cat","embeddable":true,"href":"https:\/\/mystikus.dsignpoint.com\/fr\/wp-json\/wp\/v2\/product_cat?post=25262"},{"taxonomy":"product_tag","embeddable":true,"href":"https:\/\/mystikus.dsignpoint.com\/fr\/wp-json\/wp\/v2\/product_tag?post=25262"}],"curies":[{"name":"wp","href":"https:\/\/api.w.org\/{rel}","templated":true}]}}