{"id":25273,"date":"2025-07-02T19:56:41","date_gmt":"2025-07-02T17:56:41","guid":{"rendered":"https:\/\/mystikus.dsignpoint.com\/producto\/bracelet-zodiaque-lion-avec-pierres-naturelles\/"},"modified":"2025-07-02T19:56:41","modified_gmt":"2025-07-02T17:56:41","slug":"bracelet-zodiaque-lion-avec-pierres-naturelles","status":"publish","type":"product","link":"https:\/\/mystikus.dsignpoint.com\/fr\/producto\/bracelet-zodiaque-lion-avec-pierres-naturelles\/","title":{"rendered":"Bracelet Zodiaque Lion avec Pierres Naturelles"},"content":{"rendered":"<h3 data-start=\"107\" data-end=\"160\"><strong data-start=\"114\" data-end=\"160\">Bracelet Zodiaque Lion avec Pierres Naturelles<\/strong><\/h3>\n<p data-start=\"162\" data-end=\"481\">Force, \u00e9clat et passion&nbsp;: trois piliers du signe Lion, repr\u00e9sent\u00e9s dans ce bracelet zodiacal unique. Con\u00e7u sp\u00e9cialement pour les personnes n\u00e9es entre le <strong data-start=\"310\" data-end=\"343\">23&nbsp;juillet et le 22&nbsp;ao\u00fbt<\/strong>, ce bijou combine <strong data-start=\"364\" data-end=\"400\">trois pierres naturelles puissantes<\/strong> qui s\u2019harmonisent avec l\u2019\u00e9nergie vibrante, assur\u00e9e et lumineuse de ce signe de feu. <\/p>\n","protected":false},"excerpt":{"rendered":"<p>Ajustable<\/p>\n<p>&nbsp;<\/p>\n","protected":false},"featured_media":23734,"comment_status":"closed","ping_status":"closed","template":"","meta":[],"product_brand":[],"product_cat":[134,106],"product_tag":[],"class_list":{"0":"post-25273","1":"product","2":"type-product","3":"status-publish","4":"has-post-thumbnail","6":"product_cat-bracelets","7":"product_cat-mineraux-et-bijoux","9":"first","10":"instock","11":"shipping-taxable","12":"purchasable","13":"product-type-simple"},"_links":{"self":[{"href":"https:\/\/mystikus.dsignpoint.com\/fr\/wp-json\/wp\/v2\/product\/25273","targetHints":{"allow":["GET"]}}],"collection":[{"href":"https:\/\/mystikus.dsignpoint.com\/fr\/wp-json\/wp\/v2\/product"}],"about":[{"href":"https:\/\/mystikus.dsignpoint.com\/fr\/wp-json\/wp\/v2\/types\/product"}],"replies":[{"embeddable":true,"href":"https:\/\/mystikus.dsignpoint.com\/fr\/wp-json\/wp\/v2\/comments?post=25273"}],"wp:featuredmedia":[{"embeddable":true,"href":"https:\/\/mystikus.dsignpoint.com\/fr\/wp-json\/wp\/v2\/media\/23734"}],"wp:attachment":[{"href":"https:\/\/mystikus.dsignpoint.com\/fr\/wp-json\/wp\/v2\/media?parent=25273"}],"wp:term":[{"taxonomy":"product_brand","embeddable":true,"href":"https:\/\/mystikus.dsignpoint.com\/fr\/wp-json\/wp\/v2\/product_brand?post=25273"},{"taxonomy":"product_cat","embeddable":true,"href":"https:\/\/mystikus.dsignpoint.com\/fr\/wp-json\/wp\/v2\/product_cat?post=25273"},{"taxonomy":"product_tag","embeddable":true,"href":"https:\/\/mystikus.dsignpoint.com\/fr\/wp-json\/wp\/v2\/product_tag?post=25273"}],"curies":[{"name":"wp","href":"https:\/\/api.w.org\/{rel}","templated":true}]}}