{"id":25277,"date":"2025-07-02T19:27:29","date_gmt":"2025-07-02T17:27:29","guid":{"rendered":"https:\/\/mystikus.dsignpoint.com\/producto\/encens-en-cone-leve-les-affaires\/"},"modified":"2025-07-02T19:27:29","modified_gmt":"2025-07-02T17:27:29","slug":"encens-en-cone-leve-les-affaires","status":"publish","type":"product","link":"https:\/\/mystikus.dsignpoint.com\/fr\/producto\/encens-en-cone-leve-les-affaires\/","title":{"rendered":"Encens en c\u00f4ne L\u00e8ve les affaires"},"content":{"rendered":"<h4>Encens en c\u00f4ne L\u00e8ve les affaires<\/h4>\n<p data-start=\"168\" data-end=\"745\">est un puissant activateur \u00e9nerg\u00e9tique cr\u00e9\u00e9 pour stimuler les ventes, attirer les clients et ouvrir les portes \u00e0 l&rsquo;abondance. Lorsqu&rsquo;il est allum\u00e9, son ar\u00f4me dynamique et vibrant magn\u00e9tise la prosp\u00e9rit\u00e9, revitalise le flux commercial et dissout les \u00e9nergies qui bloquent la croissance \u00e9conomique. Id\u00e9al pour les commerces physiques, les bureaux, les magasins ou les entreprises qui recherchent l&rsquo;expansion, le mouvement et le succ\u00e8s constant. Un outil spirituel pour ceux qui souhaitent voir leur entreprise s&rsquo;\u00e9panouir avec force et de bonnes opportunit\u00e9s.   <\/p>\n","protected":false},"excerpt":{"rendered":"<p>Encens en c\u00f4ne L\u00e8ve les affaires est un puissant activateur \u00e9nerg\u00e9tique cr\u00e9\u00e9 pour stimuler les ventes, attirer les clients et ouvrir les portes \u00e0 l&rsquo;abondance. Lorsqu&rsquo;il est allum\u00e9, son ar\u00f4me dynamique et vibrant magn\u00e9tise la prosp\u00e9rit\u00e9, revitalise le flux commercial et dissout les \u00e9nergies qui bloquent la croissance \u00e9conomique. Id\u00e9al pour les commerces physiques, les [&hellip;]<\/p>\n","protected":false},"featured_media":23754,"comment_status":"closed","ping_status":"closed","template":"","meta":[],"product_brand":[],"product_cat":[207,197,118,145],"product_tag":[],"class_list":{"0":"post-25277","1":"product","2":"type-product","3":"status-publish","4":"has-post-thumbnail","6":"product_cat-encens-de-but","7":"product_cat-encens-de-intention","8":"product_cat-encens-et-aromes","9":"product_cat-mystikus-collection","11":"first","12":"instock","13":"shipping-taxable","14":"purchasable","15":"product-type-simple"},"_links":{"self":[{"href":"https:\/\/mystikus.dsignpoint.com\/fr\/wp-json\/wp\/v2\/product\/25277","targetHints":{"allow":["GET"]}}],"collection":[{"href":"https:\/\/mystikus.dsignpoint.com\/fr\/wp-json\/wp\/v2\/product"}],"about":[{"href":"https:\/\/mystikus.dsignpoint.com\/fr\/wp-json\/wp\/v2\/types\/product"}],"replies":[{"embeddable":true,"href":"https:\/\/mystikus.dsignpoint.com\/fr\/wp-json\/wp\/v2\/comments?post=25277"}],"wp:featuredmedia":[{"embeddable":true,"href":"https:\/\/mystikus.dsignpoint.com\/fr\/wp-json\/wp\/v2\/media\/23754"}],"wp:attachment":[{"href":"https:\/\/mystikus.dsignpoint.com\/fr\/wp-json\/wp\/v2\/media?parent=25277"}],"wp:term":[{"taxonomy":"product_brand","embeddable":true,"href":"https:\/\/mystikus.dsignpoint.com\/fr\/wp-json\/wp\/v2\/product_brand?post=25277"},{"taxonomy":"product_cat","embeddable":true,"href":"https:\/\/mystikus.dsignpoint.com\/fr\/wp-json\/wp\/v2\/product_cat?post=25277"},{"taxonomy":"product_tag","embeddable":true,"href":"https:\/\/mystikus.dsignpoint.com\/fr\/wp-json\/wp\/v2\/product_tag?post=25277"}],"curies":[{"name":"wp","href":"https:\/\/api.w.org\/{rel}","templated":true}]}}