{"id":25282,"date":"2025-07-02T19:19:57","date_gmt":"2025-07-02T17:19:57","guid":{"rendered":"https:\/\/mystikus.dsignpoint.com\/producto\/encens-en-cone-main-de-fatima\/"},"modified":"2025-07-02T19:19:57","modified_gmt":"2025-07-02T17:19:57","slug":"encens-en-cone-main-de-fatima","status":"publish","type":"product","link":"https:\/\/mystikus.dsignpoint.com\/fr\/producto\/encens-en-cone-main-de-fatima\/","title":{"rendered":"Encens en c\u00f4ne Main de Fatima"},"content":{"rendered":"<p><strong>Encens en c\u00f4ne Main de Fatima<\/strong><\/p>\n<p>est un puissant alli\u00e9 spirituel con\u00e7u pour offrir protection, d\u00e9fense \u00e9nerg\u00e9tique et protection contre le mal. Lorsqu&rsquo;il est allum\u00e9, son ar\u00f4me mystique invoque des \u00e9nergies gardiennes qui bloquent les influences n\u00e9gatives, les envies et les attaques spirituelles. Il forme un champ vibratoire de s\u00e9curit\u00e9 et de calme, id\u00e9al pour les rituels de d\u00e9fense, le nettoyage spirituel ou pour maintenir votre maison ou votre espace sacr\u00e9 sous une \u00e9nergie protectrice constante. Inspir\u00e9 par le symbole ancestral de la Main de Fatima, cet encens est un bouclier de lumi\u00e8re et de force.   <\/p>\n","protected":false},"excerpt":{"rendered":"<p>Encens en c\u00f4ne Main de Fatima est un puissant alli\u00e9 spirituel con\u00e7u pour offrir protection, d\u00e9fense \u00e9nerg\u00e9tique et protection contre le mal. Lorsqu&rsquo;il est allum\u00e9, son ar\u00f4me mystique invoque des \u00e9nergies gardiennes qui bloquent les influences n\u00e9gatives, les envies et les attaques spirituelles. Il forme un champ vibratoire de s\u00e9curit\u00e9 et de calme, id\u00e9al pour [&hellip;]<\/p>\n","protected":false},"featured_media":23756,"comment_status":"closed","ping_status":"closed","template":"","meta":[],"product_brand":[],"product_cat":[207,197,118,145],"product_tag":[],"class_list":{"0":"post-25282","1":"product","2":"type-product","3":"status-publish","4":"has-post-thumbnail","6":"product_cat-encens-de-but","7":"product_cat-encens-de-intention","8":"product_cat-encens-et-aromes","9":"product_cat-mystikus-collection","11":"first","12":"instock","13":"shipping-taxable","14":"purchasable","15":"product-type-simple"},"_links":{"self":[{"href":"https:\/\/mystikus.dsignpoint.com\/fr\/wp-json\/wp\/v2\/product\/25282","targetHints":{"allow":["GET"]}}],"collection":[{"href":"https:\/\/mystikus.dsignpoint.com\/fr\/wp-json\/wp\/v2\/product"}],"about":[{"href":"https:\/\/mystikus.dsignpoint.com\/fr\/wp-json\/wp\/v2\/types\/product"}],"replies":[{"embeddable":true,"href":"https:\/\/mystikus.dsignpoint.com\/fr\/wp-json\/wp\/v2\/comments?post=25282"}],"wp:featuredmedia":[{"embeddable":true,"href":"https:\/\/mystikus.dsignpoint.com\/fr\/wp-json\/wp\/v2\/media\/23756"}],"wp:attachment":[{"href":"https:\/\/mystikus.dsignpoint.com\/fr\/wp-json\/wp\/v2\/media?parent=25282"}],"wp:term":[{"taxonomy":"product_brand","embeddable":true,"href":"https:\/\/mystikus.dsignpoint.com\/fr\/wp-json\/wp\/v2\/product_brand?post=25282"},{"taxonomy":"product_cat","embeddable":true,"href":"https:\/\/mystikus.dsignpoint.com\/fr\/wp-json\/wp\/v2\/product_cat?post=25282"},{"taxonomy":"product_tag","embeddable":true,"href":"https:\/\/mystikus.dsignpoint.com\/fr\/wp-json\/wp\/v2\/product_tag?post=25282"}],"curies":[{"name":"wp","href":"https:\/\/api.w.org\/{rel}","templated":true}]}}