{"id":25295,"date":"2025-07-02T19:23:01","date_gmt":"2025-07-02T17:23:01","guid":{"rendered":"https:\/\/mystikus.dsignpoint.com\/producto\/encens-en-cone-ouvre-les-chemins\/"},"modified":"2025-07-02T19:23:01","modified_gmt":"2025-07-02T17:23:01","slug":"encens-en-cone-ouvre-les-chemins","status":"publish","type":"product","link":"https:\/\/mystikus.dsignpoint.com\/fr\/producto\/encens-en-cone-ouvre-les-chemins\/","title":{"rendered":"Encens en c\u00f4ne Ouvre les Chemins"},"content":{"rendered":"<h4>Encens en c\u00f4ne Ouvre les Chemins<\/h4>\n<p data-start=\"168\" data-end=\"745\">est un outil spirituel sp\u00e9cialement formul\u00e9 pour \u00e9liminer les blocages, d\u00e9bloquer les situations stagnantes et faciliter le flux d&rsquo;\u00e9nergie positive dans tous les aspects de la vie. En br\u00fblant, sa fum\u00e9e puissante et harmonisante nettoie le chemin des obstacles invisibles, \u00e9loignant les entraves, les doutes et les \u00e9nergies stagnantes. Id\u00e9al pour d\u00e9marrer de nouveaux projets, prendre des d\u00e9cisions importantes ou lorsque l&rsquo;on a besoin de clart\u00e9 et de mouvement dans les domaines personnel, professionnel ou spirituel. Une impulsion \u00e9nerg\u00e9tique qui ouvre les portes et guide vers de nouvelles opportunit\u00e9s.   <\/p>\n","protected":false},"excerpt":{"rendered":"<p>Encens en c\u00f4ne Ouvre les Chemins est un outil spirituel sp\u00e9cialement formul\u00e9 pour \u00e9liminer les blocages, d\u00e9bloquer les situations stagnantes et faciliter le flux d&rsquo;\u00e9nergie positive dans tous les aspects de la vie. En br\u00fblant, sa fum\u00e9e puissante et harmonisante nettoie le chemin des obstacles invisibles, \u00e9loignant les entraves, les doutes et les \u00e9nergies stagnantes. [&hellip;]<\/p>\n","protected":false},"featured_media":23755,"comment_status":"closed","ping_status":"closed","template":"","meta":[],"product_brand":[],"product_cat":[207,197,118,145],"product_tag":[],"class_list":{"0":"post-25295","1":"product","2":"type-product","3":"status-publish","4":"has-post-thumbnail","6":"product_cat-encens-de-but","7":"product_cat-encens-de-intention","8":"product_cat-encens-et-aromes","9":"product_cat-mystikus-collection","11":"first","12":"instock","13":"shipping-taxable","14":"purchasable","15":"product-type-simple"},"_links":{"self":[{"href":"https:\/\/mystikus.dsignpoint.com\/fr\/wp-json\/wp\/v2\/product\/25295","targetHints":{"allow":["GET"]}}],"collection":[{"href":"https:\/\/mystikus.dsignpoint.com\/fr\/wp-json\/wp\/v2\/product"}],"about":[{"href":"https:\/\/mystikus.dsignpoint.com\/fr\/wp-json\/wp\/v2\/types\/product"}],"replies":[{"embeddable":true,"href":"https:\/\/mystikus.dsignpoint.com\/fr\/wp-json\/wp\/v2\/comments?post=25295"}],"wp:featuredmedia":[{"embeddable":true,"href":"https:\/\/mystikus.dsignpoint.com\/fr\/wp-json\/wp\/v2\/media\/23755"}],"wp:attachment":[{"href":"https:\/\/mystikus.dsignpoint.com\/fr\/wp-json\/wp\/v2\/media?parent=25295"}],"wp:term":[{"taxonomy":"product_brand","embeddable":true,"href":"https:\/\/mystikus.dsignpoint.com\/fr\/wp-json\/wp\/v2\/product_brand?post=25295"},{"taxonomy":"product_cat","embeddable":true,"href":"https:\/\/mystikus.dsignpoint.com\/fr\/wp-json\/wp\/v2\/product_cat?post=25295"},{"taxonomy":"product_tag","embeddable":true,"href":"https:\/\/mystikus.dsignpoint.com\/fr\/wp-json\/wp\/v2\/product_tag?post=25295"}],"curies":[{"name":"wp","href":"https:\/\/api.w.org\/{rel}","templated":true}]}}