{"id":25300,"date":"2025-07-02T19:13:35","date_gmt":"2025-07-02T17:13:35","guid":{"rendered":"https:\/\/mystikus.dsignpoint.com\/producto\/encens-en-cone-miel-damour\/"},"modified":"2025-07-02T19:13:35","modified_gmt":"2025-07-02T17:13:35","slug":"encens-en-cone-miel-damour","status":"publish","type":"product","link":"https:\/\/mystikus.dsignpoint.com\/fr\/producto\/encens-en-cone-miel-damour\/","title":{"rendered":"Encens en c\u00f4ne Miel d&rsquo;Amour"},"content":{"rendered":"<p><strong>Encens en c\u00f4ne Miel d&rsquo;Amour<\/strong><\/p>\n<p>est un produit spirituel cr\u00e9\u00e9 pour attirer l&rsquo;amour, renforcer les liens affectifs et raviver la passion dans les relations. En br\u00fblant, son parfum doux et enveloppant \u00e9veille les \u00e9nergies amoureuses, adoucit les tensions \u00e9motionnelles et ouvre le c\u0153ur \u00e0 l&rsquo;affection et \u00e0 la connexion profonde. Id\u00e9al pour les rituels d&rsquo;amour, les r\u00e9conciliations ou pour attirer une relation harmonieuse et pleine de tendresse. Parfait pour ceux qui souhaitent allumer ou rallumer la flamme de l&rsquo;amour dans leur vie.   <\/p>\n","protected":false},"excerpt":{"rendered":"<p>Encens en c\u00f4ne Miel d&rsquo;Amour est un produit spirituel cr\u00e9\u00e9 pour attirer l&rsquo;amour, renforcer les liens affectifs et raviver la passion dans les relations. En br\u00fblant, son parfum doux et enveloppant \u00e9veille les \u00e9nergies amoureuses, adoucit les tensions \u00e9motionnelles et ouvre le c\u0153ur \u00e0 l&rsquo;affection et \u00e0 la connexion profonde. Id\u00e9al pour les rituels d&rsquo;amour, [&hellip;]<\/p>\n","protected":false},"featured_media":23757,"comment_status":"closed","ping_status":"closed","template":"","meta":[],"product_brand":[],"product_cat":[207,197,118,145],"product_tag":[],"class_list":{"0":"post-25300","1":"product","2":"type-product","3":"status-publish","4":"has-post-thumbnail","6":"product_cat-encens-de-but","7":"product_cat-encens-de-intention","8":"product_cat-encens-et-aromes","9":"product_cat-mystikus-collection","11":"first","12":"instock","13":"shipping-taxable","14":"purchasable","15":"product-type-simple"},"_links":{"self":[{"href":"https:\/\/mystikus.dsignpoint.com\/fr\/wp-json\/wp\/v2\/product\/25300","targetHints":{"allow":["GET"]}}],"collection":[{"href":"https:\/\/mystikus.dsignpoint.com\/fr\/wp-json\/wp\/v2\/product"}],"about":[{"href":"https:\/\/mystikus.dsignpoint.com\/fr\/wp-json\/wp\/v2\/types\/product"}],"replies":[{"embeddable":true,"href":"https:\/\/mystikus.dsignpoint.com\/fr\/wp-json\/wp\/v2\/comments?post=25300"}],"wp:featuredmedia":[{"embeddable":true,"href":"https:\/\/mystikus.dsignpoint.com\/fr\/wp-json\/wp\/v2\/media\/23757"}],"wp:attachment":[{"href":"https:\/\/mystikus.dsignpoint.com\/fr\/wp-json\/wp\/v2\/media?parent=25300"}],"wp:term":[{"taxonomy":"product_brand","embeddable":true,"href":"https:\/\/mystikus.dsignpoint.com\/fr\/wp-json\/wp\/v2\/product_brand?post=25300"},{"taxonomy":"product_cat","embeddable":true,"href":"https:\/\/mystikus.dsignpoint.com\/fr\/wp-json\/wp\/v2\/product_cat?post=25300"},{"taxonomy":"product_tag","embeddable":true,"href":"https:\/\/mystikus.dsignpoint.com\/fr\/wp-json\/wp\/v2\/product_tag?post=25300"}],"curies":[{"name":"wp","href":"https:\/\/api.w.org\/{rel}","templated":true}]}}