{"id":25319,"date":"2025-07-02T19:05:28","date_gmt":"2025-07-02T17:05:28","guid":{"rendered":"https:\/\/mystikus.dsignpoint.com\/producto\/encens-en-cone-chance-rapide\/"},"modified":"2025-07-02T19:05:28","modified_gmt":"2025-07-02T17:05:28","slug":"encens-en-cone-chance-rapide","status":"publish","type":"product","link":"https:\/\/mystikus.dsignpoint.com\/fr\/producto\/encens-en-cone-chance-rapide\/","title":{"rendered":"Encens en c\u00f4ne Chance Rapide"},"content":{"rendered":"<p><strong>Encens en c\u00f4ne Chance Rapide<\/strong><\/p>\n<p>C&rsquo;est un produit spirituel formul\u00e9 pour attirer la chance dans des domaines cl\u00e9s de la vie comme le travail, l&rsquo;argent et l&rsquo;amour. En br\u00fblant, sa fum\u00e9e aromatique active des \u00e9nergies positives qui ouvrent des voies, stimulent de nouvelles opportunit\u00e9s et favorisent la prosp\u00e9rit\u00e9. Il est id\u00e9al pour les rituels d&rsquo;attraction, les manifestations de d\u00e9sirs ou pour maintenir un environnement charg\u00e9 de vibrations favorables et de fortune. Parfait pour ceux qui recherchent un coup de pouce rapide dans leurs objectifs et leurs r\u00eaves.   <\/p>\n","protected":false},"excerpt":{"rendered":"<p><strong>Encens en c\u00f4ne Chance Rapide<\/strong><\/p>\n<p>&nbsp;<\/p>\n","protected":false},"featured_media":23752,"comment_status":"closed","ping_status":"closed","template":"","meta":[],"product_brand":[],"product_cat":[207,197,118,145],"product_tag":[],"class_list":{"0":"post-25319","1":"product","2":"type-product","3":"status-publish","4":"has-post-thumbnail","6":"product_cat-encens-de-but","7":"product_cat-encens-de-intention","8":"product_cat-encens-et-aromes","9":"product_cat-mystikus-collection","11":"first","12":"instock","13":"shipping-taxable","14":"purchasable","15":"product-type-simple"},"_links":{"self":[{"href":"https:\/\/mystikus.dsignpoint.com\/fr\/wp-json\/wp\/v2\/product\/25319","targetHints":{"allow":["GET"]}}],"collection":[{"href":"https:\/\/mystikus.dsignpoint.com\/fr\/wp-json\/wp\/v2\/product"}],"about":[{"href":"https:\/\/mystikus.dsignpoint.com\/fr\/wp-json\/wp\/v2\/types\/product"}],"replies":[{"embeddable":true,"href":"https:\/\/mystikus.dsignpoint.com\/fr\/wp-json\/wp\/v2\/comments?post=25319"}],"wp:featuredmedia":[{"embeddable":true,"href":"https:\/\/mystikus.dsignpoint.com\/fr\/wp-json\/wp\/v2\/media\/23752"}],"wp:attachment":[{"href":"https:\/\/mystikus.dsignpoint.com\/fr\/wp-json\/wp\/v2\/media?parent=25319"}],"wp:term":[{"taxonomy":"product_brand","embeddable":true,"href":"https:\/\/mystikus.dsignpoint.com\/fr\/wp-json\/wp\/v2\/product_brand?post=25319"},{"taxonomy":"product_cat","embeddable":true,"href":"https:\/\/mystikus.dsignpoint.com\/fr\/wp-json\/wp\/v2\/product_cat?post=25319"},{"taxonomy":"product_tag","embeddable":true,"href":"https:\/\/mystikus.dsignpoint.com\/fr\/wp-json\/wp\/v2\/product_tag?post=25319"}],"curies":[{"name":"wp","href":"https:\/\/api.w.org\/{rel}","templated":true}]}}