{"id":25343,"date":"2025-07-02T18:24:26","date_gmt":"2025-07-02T16:24:26","guid":{"rendered":"https:\/\/mystikus.dsignpoint.com\/producto\/encens-aux-herbes-sans-bambou-avec-support-abundance\/"},"modified":"2025-07-02T18:24:26","modified_gmt":"2025-07-02T16:24:26","slug":"encens-aux-herbes-sans-bambou-avec-support-abundance","status":"publish","type":"product","link":"https:\/\/mystikus.dsignpoint.com\/fr\/producto\/encens-aux-herbes-sans-bambou-avec-support-abundance\/","title":{"rendered":"Encens aux herbes sans bambou avec support Abundance"},"content":{"rendered":"<p style=\"font-weight: 400;\">L&rsquo;encens aux herbes sans bambou de Song of India est fabriqu\u00e9 selon l&rsquo;ancienne tradition indienne o\u00f9 la combustion d&rsquo;encens est pratiqu\u00e9e pour ses bienfaits th\u00e9rapeutiques et apaisants. L&rsquo;Ayurveda prescrit la combustion d&rsquo;encens fait d&rsquo;herbes, de r\u00e9sines, d&rsquo;\u00e9pices et d&rsquo;huiles comme un moyen efficace de purifier l&rsquo;air et de lui insuffler un riche parfum qui enchante les sens. <\/p>\n<p><strong>Ar\u00f4me :<\/strong> m\u00e9lange de fleurs, de jasmin et de citron.<\/p>\n<p><b><strong>\u00c0 propos du produit<\/strong><\/b><br \/>\n50 b\u00e2tonnets d&rsquo;encens sans noyau de bambou<br \/>\nBr\u00fbleur d&rsquo;encens en c\u00e9ramique artisanale<br \/>\nNon toxique, sans produits chimiques<br \/>\nEmballage : Papier recycl\u00e9 fait \u00e0 la main avec des informations en anglais<\/p>\n<p><b><strong>Ingr\u00e9dients<\/strong><\/b><br \/>\nR\u00e9sine naturelle d&rsquo;encens, charbon actif, eau de canne \u00e0 sucre, poudre d&rsquo;\u00e9corce, poudre de bois, huiles essentielles.<\/p>\n<p style=\"font-weight: 400;\"><b><strong>Ayurveda<\/strong><\/b><br \/>\nL&rsquo;Ayurveda a \u00e9t\u00e9 r\u00e9v\u00e9l\u00e9 aux voyants de l&rsquo;Inde il y a des milliers d&rsquo;ann\u00e9es. C&rsquo;est la science de la long\u00e9vit\u00e9 qui favorise la sant\u00e9 positive, la beaut\u00e9 naturelle et la longue vie. La sant\u00e9 est maintenue gr\u00e2ce \u00e0 l&rsquo;\u00e9quilibre de trois Doshas ou \u00e9nergies subtiles, connues sous le nom de Vata, Pitta et Kapha.  <\/p>\n","protected":false},"excerpt":{"rendered":"<p>Encens aux herbes sans bambou avec support Abundance<\/p>\n<p>50 b\u00e2tonnets d&rsquo;encens sans noyau de bambou<br \/>\nBr\u00fbleur d&rsquo;encens en c\u00e9ramique artisanale<\/p>\n","protected":false},"featured_media":23712,"comment_status":"open","ping_status":"closed","template":"","meta":[],"product_brand":[],"product_cat":[122],"product_tag":[],"class_list":{"0":"post-25343","1":"product","2":"type-product","3":"status-publish","4":"has-post-thumbnail","6":"product_cat-encens","8":"first","9":"instock","10":"shipping-taxable","11":"purchasable","12":"product-type-simple"},"_links":{"self":[{"href":"https:\/\/mystikus.dsignpoint.com\/fr\/wp-json\/wp\/v2\/product\/25343","targetHints":{"allow":["GET"]}}],"collection":[{"href":"https:\/\/mystikus.dsignpoint.com\/fr\/wp-json\/wp\/v2\/product"}],"about":[{"href":"https:\/\/mystikus.dsignpoint.com\/fr\/wp-json\/wp\/v2\/types\/product"}],"replies":[{"embeddable":true,"href":"https:\/\/mystikus.dsignpoint.com\/fr\/wp-json\/wp\/v2\/comments?post=25343"}],"wp:featuredmedia":[{"embeddable":true,"href":"https:\/\/mystikus.dsignpoint.com\/fr\/wp-json\/wp\/v2\/media\/23712"}],"wp:attachment":[{"href":"https:\/\/mystikus.dsignpoint.com\/fr\/wp-json\/wp\/v2\/media?parent=25343"}],"wp:term":[{"taxonomy":"product_brand","embeddable":true,"href":"https:\/\/mystikus.dsignpoint.com\/fr\/wp-json\/wp\/v2\/product_brand?post=25343"},{"taxonomy":"product_cat","embeddable":true,"href":"https:\/\/mystikus.dsignpoint.com\/fr\/wp-json\/wp\/v2\/product_cat?post=25343"},{"taxonomy":"product_tag","embeddable":true,"href":"https:\/\/mystikus.dsignpoint.com\/fr\/wp-json\/wp\/v2\/product_tag?post=25343"}],"curies":[{"name":"wp","href":"https:\/\/api.w.org\/{rel}","templated":true}]}}