{"id":25367,"date":"2025-07-01T19:45:45","date_gmt":"2025-07-01T17:45:45","guid":{"rendered":"https:\/\/mystikus.dsignpoint.com\/producto\/bracelet-zodiaque-vierge-avec-pierres-naturelles\/"},"modified":"2025-07-01T19:45:45","modified_gmt":"2025-07-01T17:45:45","slug":"bracelet-zodiaque-vierge-avec-pierres-naturelles","status":"publish","type":"product","link":"https:\/\/mystikus.dsignpoint.com\/fr\/producto\/bracelet-zodiaque-vierge-avec-pierres-naturelles\/","title":{"rendered":"Bracelet Zodiaque Vierge avec Pierres Naturelles"},"content":{"rendered":"<h3 data-start=\"126\" data-end=\"181\"><strong data-start=\"133\" data-end=\"181\">Bracelet Zodiaque Vierge avec Pierres Naturelles<\/strong><\/h3>\n<p data-start=\"183\" data-end=\"510\">Clart\u00e9, ordre et sensibilit\u00e9&nbsp;: trois piliers du signe Vierge, repr\u00e9sent\u00e9s dans ce bracelet zodiacal unique. Con\u00e7u sp\u00e9cialement pour les personnes n\u00e9es entre le <strong data-start=\"340\" data-end=\"378\">23&nbsp;ao\u00fbt et le 22&nbsp;septembre<\/strong>, ce bijou combine <strong data-start=\"399\" data-end=\"435\">trois pierres naturelles puissantes<\/strong> qui s\u2019harmonisent avec l\u2019\u00e9nergie analytique et gu\u00e9risseuse de ce signe de terre&nbsp;: <\/p>\n","protected":false},"excerpt":{"rendered":"<p>Ajustable<\/p>\n<p>&nbsp;<\/p>\n","protected":false},"featured_media":23704,"comment_status":"closed","ping_status":"closed","template":"","meta":[],"product_brand":[],"product_cat":[134,106],"product_tag":[],"class_list":{"0":"post-25367","1":"product","2":"type-product","3":"status-publish","4":"has-post-thumbnail","6":"product_cat-bracelets","7":"product_cat-mineraux-et-bijoux","9":"first","10":"instock","11":"shipping-taxable","12":"purchasable","13":"product-type-simple"},"_links":{"self":[{"href":"https:\/\/mystikus.dsignpoint.com\/fr\/wp-json\/wp\/v2\/product\/25367","targetHints":{"allow":["GET"]}}],"collection":[{"href":"https:\/\/mystikus.dsignpoint.com\/fr\/wp-json\/wp\/v2\/product"}],"about":[{"href":"https:\/\/mystikus.dsignpoint.com\/fr\/wp-json\/wp\/v2\/types\/product"}],"replies":[{"embeddable":true,"href":"https:\/\/mystikus.dsignpoint.com\/fr\/wp-json\/wp\/v2\/comments?post=25367"}],"wp:featuredmedia":[{"embeddable":true,"href":"https:\/\/mystikus.dsignpoint.com\/fr\/wp-json\/wp\/v2\/media\/23704"}],"wp:attachment":[{"href":"https:\/\/mystikus.dsignpoint.com\/fr\/wp-json\/wp\/v2\/media?parent=25367"}],"wp:term":[{"taxonomy":"product_brand","embeddable":true,"href":"https:\/\/mystikus.dsignpoint.com\/fr\/wp-json\/wp\/v2\/product_brand?post=25367"},{"taxonomy":"product_cat","embeddable":true,"href":"https:\/\/mystikus.dsignpoint.com\/fr\/wp-json\/wp\/v2\/product_cat?post=25367"},{"taxonomy":"product_tag","embeddable":true,"href":"https:\/\/mystikus.dsignpoint.com\/fr\/wp-json\/wp\/v2\/product_tag?post=25367"}],"curies":[{"name":"wp","href":"https:\/\/api.w.org\/{rel}","templated":true}]}}