{"id":25382,"date":"2025-07-01T19:10:16","date_gmt":"2025-07-01T17:10:16","guid":{"rendered":"https:\/\/mystikus.dsignpoint.com\/producto\/labradorite-brute\/"},"modified":"2025-07-01T19:10:16","modified_gmt":"2025-07-01T17:10:16","slug":"labradorite-brute","status":"publish","type":"product","link":"https:\/\/mystikus.dsignpoint.com\/fr\/producto\/labradorite-brute\/","title":{"rendered":"Labradorite brute"},"content":{"rendered":"<h3 data-start=\"107\" data-end=\"162\"><strong data-start=\"114\" data-end=\"162\">Description \u00e9sot\u00e9rique \u2013 Labradorite brute<\/strong><\/h3>\n<p data-start=\"164\" data-end=\"219\"><strong data-start=\"164\" data-end=\"188\">Nom de l&rsquo;article&nbsp;:<\/strong> Pierre brute de labradorite<\/p>\n<p data-start=\"221\" data-end=\"247\"><strong data-start=\"221\" data-end=\"247\">Description \u00e9sot\u00e9rique :<\/strong><\/p>\n<p data-start=\"249\" data-end=\"600\">La <strong data-start=\"252\" data-end=\"267\">Labradorite<\/strong> est connue comme la <strong data-start=\"288\" data-end=\"343\">pierre de l&rsquo;\u00e9veil spirituel et de la magie int\u00e9rieure<\/strong>. Son \u00e9nergie mystique prot\u00e8ge l&rsquo;aura, \u00e9l\u00e8ve la conscience et renforce l&rsquo;intuition. Dans sa forme brute, la Labradorite conserve son essence la plus naturelle, \u00e9tant id\u00e9ale pour ceux qui recherchent une connexion profonde avec leur sagesse int\u00e9rieure et le monde spirituel.  <\/p>\n<p data-start=\"602\" data-end=\"756\">C&rsquo;est une pierre tr\u00e8s utilis\u00e9e par les th\u00e9rapeutes, les canalisateurs et les personnes sensibles, car elle agit comme un bouclier \u00e9nerg\u00e9tique et un pont vers les dimensions sup\u00e9rieures.<\/p>\n<hr data-start=\"758\" data-end=\"761\">\n<h3 data-start=\"763\" data-end=\"802\"><strong data-start=\"769\" data-end=\"802\">Propri\u00e9t\u00e9s \u00e9sot\u00e9riques cl\u00e9s :<\/strong><\/h3>\n<ul data-start=\"804\" data-end=\"1126\">\n<li data-start=\"804\" data-end=\"852\">\n<p data-start=\"806\" data-end=\"852\"><strong data-start=\"806\" data-end=\"850\">Active le troisi\u00e8me \u0153il et le chakra couronne.<\/strong><\/p>\n<\/li>\n<li data-start=\"853\" data-end=\"928\">\n<p data-start=\"855\" data-end=\"928\"><strong data-start=\"855\" data-end=\"926\">Stimule l&rsquo;intuition, la perception psychique et les r\u00eaves lucides.<\/strong><\/p>\n<\/li>\n<li data-start=\"929\" data-end=\"990\">\n<p data-start=\"931\" data-end=\"990\"><strong data-start=\"931\" data-end=\"988\">Prot\u00e8ge le champ \u00e9nerg\u00e9tique des influences n\u00e9gatives.<\/strong><\/p>\n<\/li>\n<li data-start=\"991\" data-end=\"1057\">\n<p data-start=\"993\" data-end=\"1057\"><strong data-start=\"993\" data-end=\"1055\">Apporte clart\u00e9 mentale et renforce la confiance spirituelle.<\/strong><\/p>\n<\/li>\n<li data-start=\"1058\" data-end=\"1126\">\n<p data-start=\"1060\" data-end=\"1126\"><strong data-start=\"1060\" data-end=\"1126\">Favorise la transformation personnelle et la croissance int\u00e9rieure.<\/strong><\/p>\n<\/li>\n<\/ul>\n<hr data-start=\"1128\" data-end=\"1131\">\n<h3 data-start=\"1133\" data-end=\"1162\"><strong data-start=\"1140\" data-end=\"1162\">Usages recommand\u00e9s :<\/strong><\/h3>\n<ol data-start=\"1164\" data-end=\"1522\">\n<li data-start=\"1164\" data-end=\"1237\">\n<p data-start=\"1167\" data-end=\"1237\"><strong data-start=\"1167\" data-end=\"1235\">M\u00e9ditations pour d\u00e9velopper l&rsquo;intuition et la vision int\u00e9rieure.<\/strong><\/p>\n<\/li>\n<li data-start=\"1238\" data-end=\"1313\">\n<p data-start=\"1241\" data-end=\"1313\"><strong data-start=\"1241\" data-end=\"1311\">Placer dans l&rsquo;espace personnel comme pierre de protection psychique.<\/strong><\/p>\n<\/li>\n<li data-start=\"1314\" data-end=\"1373\">\n<p data-start=\"1317\" data-end=\"1373\"><strong data-start=\"1317\" data-end=\"1371\">Utilisation dans les autels, les rituels et les pratiques spirituelles.<\/strong><\/p>\n<\/li>\n<li data-start=\"1374\" data-end=\"1449\">\n<p data-start=\"1377\" data-end=\"1449\"><strong data-start=\"1377\" data-end=\"1447\">Emporter avec soi dans les moments de transformation ou d&rsquo;\u00e9veil int\u00e9rieur.<\/strong><\/p>\n<\/li>\n<li data-start=\"1450\" data-end=\"1522\">\n<p data-start=\"1453\" data-end=\"1522\"><strong data-start=\"1453\" data-end=\"1522\">Accompagner les pratiques de canalisation, de tarot ou de registres akashiques.<\/strong><\/p>\n<\/li>\n<\/ol>\n","protected":false},"excerpt":{"rendered":"<h3 data-start=\"107\" data-end=\"162\"><strong data-start=\"114\" data-end=\"162\">Labradorite brute<\/strong><\/h3>\n<pre data-start=\"169\" data-end=\"228\"><span style=\"font-size: 1rem; white-space-collapse: preserve;\">Taille 3 \u00e0 5 cm<\/span>\n\nPoids&nbsp;: 30 \u00e0 50&nbsp;g<\/pre>\n","protected":false},"featured_media":23698,"comment_status":"open","ping_status":"closed","template":"","meta":[],"product_brand":[],"product_cat":[141,109],"product_tag":[],"class_list":{"0":"post-25382","1":"product","2":"type-product","3":"status-publish","4":"has-post-thumbnail","6":"product_cat-bruts","7":"product_cat-mineraux","9":"first","10":"instock","11":"shipping-taxable","12":"purchasable","13":"product-type-simple"},"_links":{"self":[{"href":"https:\/\/mystikus.dsignpoint.com\/fr\/wp-json\/wp\/v2\/product\/25382","targetHints":{"allow":["GET"]}}],"collection":[{"href":"https:\/\/mystikus.dsignpoint.com\/fr\/wp-json\/wp\/v2\/product"}],"about":[{"href":"https:\/\/mystikus.dsignpoint.com\/fr\/wp-json\/wp\/v2\/types\/product"}],"replies":[{"embeddable":true,"href":"https:\/\/mystikus.dsignpoint.com\/fr\/wp-json\/wp\/v2\/comments?post=25382"}],"wp:featuredmedia":[{"embeddable":true,"href":"https:\/\/mystikus.dsignpoint.com\/fr\/wp-json\/wp\/v2\/media\/23698"}],"wp:attachment":[{"href":"https:\/\/mystikus.dsignpoint.com\/fr\/wp-json\/wp\/v2\/media?parent=25382"}],"wp:term":[{"taxonomy":"product_brand","embeddable":true,"href":"https:\/\/mystikus.dsignpoint.com\/fr\/wp-json\/wp\/v2\/product_brand?post=25382"},{"taxonomy":"product_cat","embeddable":true,"href":"https:\/\/mystikus.dsignpoint.com\/fr\/wp-json\/wp\/v2\/product_cat?post=25382"},{"taxonomy":"product_tag","embeddable":true,"href":"https:\/\/mystikus.dsignpoint.com\/fr\/wp-json\/wp\/v2\/product_tag?post=25382"}],"curies":[{"name":"wp","href":"https:\/\/api.w.org\/{rel}","templated":true}]}}