{"id":25387,"date":"2025-06-30T18:27:26","date_gmt":"2025-06-30T16:27:26","guid":{"rendered":"https:\/\/mystikus.dsignpoint.com\/producto\/tourmaline-noire-avec-quartz-a-letat-brut\/"},"modified":"2025-06-30T18:27:26","modified_gmt":"2025-06-30T16:27:26","slug":"tourmaline-noire-avec-quartz-a-letat-brut","status":"publish","type":"product","link":"https:\/\/mystikus.dsignpoint.com\/fr\/producto\/tourmaline-noire-avec-quartz-a-letat-brut\/","title":{"rendered":"Tourmaline noire avec quartz (\u00e0 l&rsquo;\u00e9tat brut)"},"content":{"rendered":"<h3 data-start=\"281\" data-end=\"354\"><strong data-start=\"289\" data-end=\"354\">Description \u00e9sot\u00e9rique \u2013 Tourmaline noire avec quartz (\u00e0 l&rsquo;\u00e9tat brut)<\/strong><\/h3>\n<p data-start=\"356\" data-end=\"426\"><strong data-start=\"356\" data-end=\"380\">Nom de l&rsquo;article&nbsp;:<\/strong> Pierre brute de tourmaline noire avec quartz<\/p>\n<p data-start=\"428\" data-end=\"454\"><strong data-start=\"428\" data-end=\"454\">Description \u00e9sot\u00e9rique :<\/strong><\/p>\n<p data-start=\"456\" data-end=\"763\">Cette puissante combinaison unit les propri\u00e9t\u00e9s protectrices et d&rsquo;ancrage de la <strong data-start=\"539\" data-end=\"558\">Tourmaline Noire<\/strong> \u00e0 l&rsquo;\u00e9nergie amplificatrice et purificatrice du <strong data-start=\"607\" data-end=\"617\">Quartz<\/strong>. Ensemble, ces pierres cr\u00e9ent un champ \u00e9nerg\u00e9tique qui <strong data-start=\"671\" data-end=\"698\">dissout la n\u00e9gativit\u00e9<\/strong>, stabilise l&rsquo;aura et renforce le syst\u00e8me \u00e9nerg\u00e9tique du corps. <\/p>\n<p data-start=\"765\" data-end=\"950\">C&rsquo;est une pierre id\u00e9ale pour ceux qui cherchent \u00e0 <strong data-start=\"805\" data-end=\"832\">nettoyer les \u00e9nergies denses<\/strong>, \u00e0 se prot\u00e9ger des influences ext\u00e9rieures tout en restant connect\u00e9s \u00e0 leur centre int\u00e9rieur et \u00e0 leur clart\u00e9 mentale.<\/p>\n<hr data-start=\"952\" data-end=\"955\">\n<h3 data-start=\"957\" data-end=\"996\"><strong data-start=\"963\" data-end=\"996\">Propri\u00e9t\u00e9s \u00e9sot\u00e9riques cl\u00e9s :<\/strong><\/h3>\n<ul data-start=\"998\" data-end=\"1332\">\n<li data-start=\"998\" data-end=\"1079\">\n<p data-start=\"1000\" data-end=\"1079\"><strong data-start=\"1000\" data-end=\"1077\">Prot\u00e8ge contre les \u00e9nergies n\u00e9gatives, les attaques psychiques et l&rsquo;\u00e9lectromagn\u00e9tisme.<\/strong><\/p>\n<\/li>\n<li data-start=\"1080\" data-end=\"1137\">\n<p data-start=\"1082\" data-end=\"1137\"><strong data-start=\"1082\" data-end=\"1135\">Purifie l&rsquo;aura et renforce le champ \u00e9nerg\u00e9tique.<\/strong><\/p>\n<\/li>\n<li data-start=\"1138\" data-end=\"1211\">\n<p data-start=\"1140\" data-end=\"1211\"><strong data-start=\"1140\" data-end=\"1209\">Favorise l&rsquo;ancrage, la stabilit\u00e9 et la clart\u00e9 \u00e9motionnelle.<\/strong><\/p>\n<\/li>\n<li data-start=\"1212\" data-end=\"1274\">\n<p data-start=\"1214\" data-end=\"1274\"><strong data-start=\"1214\" data-end=\"1272\">Id\u00e9al pour le nettoyage \u00e9nerg\u00e9tique des espaces ou des personnes.<\/strong><\/p>\n<\/li>\n<li data-start=\"1275\" data-end=\"1332\">\n<p data-start=\"1277\" data-end=\"1332\"><strong data-start=\"1277\" data-end=\"1332\">Augmente la confiance, le calme et le discernement.<\/strong><\/p>\n<\/li>\n<\/ul>\n<hr data-start=\"1334\" data-end=\"1337\">\n<h3 data-start=\"1339\" data-end=\"1368\"><strong data-start=\"1346\" data-end=\"1368\">Usages recommand\u00e9s :<\/strong><\/h3>\n<ol data-start=\"1370\" data-end=\"1764\">\n<li data-start=\"1370\" data-end=\"1434\">\n<p data-start=\"1373\" data-end=\"1434\"><strong data-start=\"1373\" data-end=\"1432\">Placer \u00e0 l&rsquo;entr\u00e9e de la maison comme pierre protectrice.<\/strong><\/p>\n<\/li>\n<li data-start=\"1435\" data-end=\"1506\">\n<p data-start=\"1438\" data-end=\"1506\"><strong data-start=\"1438\" data-end=\"1504\">Utiliser pendant les m\u00e9ditations de nettoyage et de protection \u00e9nerg\u00e9tique.<\/strong><\/p>\n<\/li>\n<li data-start=\"1507\" data-end=\"1596\">\n<p data-start=\"1510\" data-end=\"1596\"><strong data-start=\"1510\" data-end=\"1594\">Id\u00e9al pour les th\u00e9rapeutes&nbsp;: garder \u00e0 proximit\u00e9 lors des s\u00e9ances pour absorber les \u00e9nergies denses.<\/strong><\/p>\n<\/li>\n<li data-start=\"1597\" data-end=\"1670\">\n<p data-start=\"1600\" data-end=\"1670\"><strong data-start=\"1600\" data-end=\"1668\">Porter dans son sac ou sa poche comme amulette de protection quotidienne.<\/strong><\/p>\n<\/li>\n<li data-start=\"1671\" data-end=\"1764\">\n<p data-start=\"1674\" data-end=\"1764\"><strong data-start=\"1674\" data-end=\"1764\">Placer sur les bureaux ou les espaces de travail pour neutraliser les radiations \u00e9lectroniques.<\/strong><\/p>\n<\/li>\n<\/ol>\n","protected":false},"excerpt":{"rendered":"<h3 data-start=\"281\" data-end=\"354\"><strong data-start=\"289\" data-end=\"354\">Tourmaline noire avec quartz (\u00e0 l&rsquo;\u00e9tat brut)<\/strong><\/h3>\n<pre data-start=\"169\" data-end=\"228\"><span style=\"font-size: 1rem; white-space-collapse: preserve;\">Taille 6 cm<\/span>\n\nPoids&nbsp;: 35&nbsp;g<\/pre>\n","protected":false},"featured_media":23694,"comment_status":"open","ping_status":"closed","template":"","meta":[],"product_brand":[],"product_cat":[141,109],"product_tag":[],"class_list":{"0":"post-25387","1":"product","2":"type-product","3":"status-publish","4":"has-post-thumbnail","6":"product_cat-bruts","7":"product_cat-mineraux","9":"first","10":"instock","11":"shipping-taxable","12":"purchasable","13":"product-type-simple"},"_links":{"self":[{"href":"https:\/\/mystikus.dsignpoint.com\/fr\/wp-json\/wp\/v2\/product\/25387","targetHints":{"allow":["GET"]}}],"collection":[{"href":"https:\/\/mystikus.dsignpoint.com\/fr\/wp-json\/wp\/v2\/product"}],"about":[{"href":"https:\/\/mystikus.dsignpoint.com\/fr\/wp-json\/wp\/v2\/types\/product"}],"replies":[{"embeddable":true,"href":"https:\/\/mystikus.dsignpoint.com\/fr\/wp-json\/wp\/v2\/comments?post=25387"}],"wp:featuredmedia":[{"embeddable":true,"href":"https:\/\/mystikus.dsignpoint.com\/fr\/wp-json\/wp\/v2\/media\/23694"}],"wp:attachment":[{"href":"https:\/\/mystikus.dsignpoint.com\/fr\/wp-json\/wp\/v2\/media?parent=25387"}],"wp:term":[{"taxonomy":"product_brand","embeddable":true,"href":"https:\/\/mystikus.dsignpoint.com\/fr\/wp-json\/wp\/v2\/product_brand?post=25387"},{"taxonomy":"product_cat","embeddable":true,"href":"https:\/\/mystikus.dsignpoint.com\/fr\/wp-json\/wp\/v2\/product_cat?post=25387"},{"taxonomy":"product_tag","embeddable":true,"href":"https:\/\/mystikus.dsignpoint.com\/fr\/wp-json\/wp\/v2\/product_tag?post=25387"}],"curies":[{"name":"wp","href":"https:\/\/api.w.org\/{rel}","templated":true}]}}