{"id":25394,"date":"2025-06-30T18:38:57","date_gmt":"2025-06-30T16:38:57","guid":{"rendered":"https:\/\/mystikus.dsignpoint.com\/producto\/tourmaline-rose-brute\/"},"modified":"2025-06-30T18:38:57","modified_gmt":"2025-06-30T16:38:57","slug":"tourmaline-rose-brute","status":"publish","type":"product","link":"https:\/\/mystikus.dsignpoint.com\/fr\/producto\/tourmaline-rose-brute\/","title":{"rendered":"Tourmaline Rose brute"},"content":{"rendered":"<h3 data-start=\"103\" data-end=\"161\"><strong data-start=\"110\" data-end=\"161\">Description \u00e9sot\u00e9rique \u2013 Tourmaline Rose brute<\/strong><\/h3>\n<p data-start=\"163\" data-end=\"221\"><strong data-start=\"163\" data-end=\"187\">Nom de l&rsquo;article :<\/strong> Pierre brute de Tourmaline Rose<\/p>\n<p data-start=\"223\" data-end=\"249\"><strong data-start=\"223\" data-end=\"249\">Description \u00e9sot\u00e9rique :<\/strong><\/p>\n<p data-start=\"251\" data-end=\"607\">La <strong data-start=\"254\" data-end=\"272\">Tourmaline Rose<\/strong> est une pierre profond\u00e9ment gu\u00e9risseuse pour le c\u0153ur, qui irradie une \u00e9nergie douce et aimante. Elle est associ\u00e9e \u00e0 <strong data-start=\"381\" data-end=\"461\">l&rsquo;amour inconditionnel, la compassion, le pardon et la gu\u00e9rison \u00e9motionnelle profonde<\/strong>. Dans sa forme brute, elle conserve une vibration plus pure et naturelle, id\u00e9ale pour se connecter \u00e0 des \u00e9motions authentiques et favoriser l&rsquo;\u00e9quilibre affectif.  <\/p>\n<p data-start=\"609\" data-end=\"772\">C&rsquo;est une alli\u00e9e puissante pour ceux qui souhaitent <strong data-start=\"652\" data-end=\"692\">gu\u00e9rir les blessures \u00e9motionnelles du pass\u00e9<\/strong>, s&rsquo;ouvrir \u00e0 nouveau \u00e0 l&rsquo;amour et cultiver une relation plus aimante avec eux-m\u00eames.<\/p>\n<hr data-start=\"774\" data-end=\"777\">\n<h3 data-start=\"779\" data-end=\"818\"><strong data-start=\"785\" data-end=\"818\">Propri\u00e9t\u00e9s \u00e9sot\u00e9riques cl\u00e9s :<\/strong><\/h3>\n<ul data-start=\"820\" data-end=\"1129\">\n<li data-start=\"820\" data-end=\"864\">\n<p data-start=\"822\" data-end=\"864\"><strong data-start=\"822\" data-end=\"862\">Active et harmonise le chakra du c\u0153ur.<\/strong><\/p>\n<\/li>\n<li data-start=\"865\" data-end=\"921\">\n<p data-start=\"867\" data-end=\"921\"><strong data-start=\"867\" data-end=\"919\">Encourage l&rsquo;amour de soi, l&#8217;empathie et la tendresse.<\/strong><\/p>\n<\/li>\n<li data-start=\"922\" data-end=\"987\">\n<p data-start=\"924\" data-end=\"987\"><strong data-start=\"924\" data-end=\"985\">Aide \u00e0 lib\u00e9rer les traumatismes \u00e9motionnels et les blocages affectifs.<\/strong><\/p>\n<\/li>\n<li data-start=\"988\" data-end=\"1060\">\n<p data-start=\"990\" data-end=\"1060\"><strong data-start=\"990\" data-end=\"1058\">Apporte du calme dans les moments de tristesse, de deuil ou d&rsquo;anxi\u00e9t\u00e9 affective.<\/strong><\/p>\n<\/li>\n<li data-start=\"1061\" data-end=\"1129\">\n<p data-start=\"1063\" data-end=\"1129\"><strong data-start=\"1063\" data-end=\"1129\">Renforce les relations depuis l&rsquo;authenticit\u00e9 et le respect mutuel.<\/strong><\/p>\n<\/li>\n<\/ul>\n<hr data-start=\"1131\" data-end=\"1134\">\n<h3 data-start=\"1136\" data-end=\"1165\"><strong data-start=\"1143\" data-end=\"1165\">Usages recommand\u00e9s :<\/strong><\/h3>\n<ol data-start=\"1167\" data-end=\"1512\">\n<li data-start=\"1167\" data-end=\"1238\">\n<p data-start=\"1170\" data-end=\"1238\"><strong data-start=\"1170\" data-end=\"1236\">Placer pr\u00e8s du c\u0153ur pendant les m\u00e9ditations d&rsquo;amour de soi.<\/strong><\/p>\n<\/li>\n<li data-start=\"1239\" data-end=\"1300\">\n<p data-start=\"1242\" data-end=\"1300\"><strong data-start=\"1242\" data-end=\"1298\">Usage th\u00e9rapeutique pour les processus de gu\u00e9rison \u00e9motionnelle.<\/strong><\/p>\n<\/li>\n<li data-start=\"1301\" data-end=\"1369\">\n<p data-start=\"1304\" data-end=\"1369\"><strong data-start=\"1304\" data-end=\"1367\">Placer dans la chambre pour harmoniser les relations amoureuses.<\/strong><\/p>\n<\/li>\n<li data-start=\"1370\" data-end=\"1443\">\n<p data-start=\"1373\" data-end=\"1443\"><strong data-start=\"1373\" data-end=\"1441\">Accompagner les rituels de pardon, de cl\u00f4ture de cycles et de r\u00e9conciliation.<\/strong><\/p>\n<\/li>\n<li data-start=\"1444\" data-end=\"1512\">\n<p data-start=\"1447\" data-end=\"1512\"><strong data-start=\"1447\" data-end=\"1512\">Porter sur soi comme amulette de tendresse et de force \u00e9motionnelle.<\/strong><\/p>\n<\/li>\n<\/ol>\n","protected":false},"excerpt":{"rendered":"<h3 data-start=\"103\" data-end=\"161\"><strong data-start=\"110\" data-end=\"161\">Tourmaline Rose brute<\/strong><\/h3>\n<pre data-start=\"169\" data-end=\"228\"><span style=\"font-size: 1rem; white-space-collapse: preserve;\">Taille 5 cm<\/span>\n\nPoids : 120grs<\/pre>\n","protected":false},"featured_media":23696,"comment_status":"open","ping_status":"closed","template":"","meta":[],"product_brand":[],"product_cat":[141,109],"product_tag":[],"class_list":{"0":"post-25394","1":"product","2":"type-product","3":"status-publish","4":"has-post-thumbnail","6":"product_cat-bruts","7":"product_cat-mineraux","9":"first","10":"instock","11":"shipping-taxable","12":"purchasable","13":"product-type-simple"},"_links":{"self":[{"href":"https:\/\/mystikus.dsignpoint.com\/fr\/wp-json\/wp\/v2\/product\/25394","targetHints":{"allow":["GET"]}}],"collection":[{"href":"https:\/\/mystikus.dsignpoint.com\/fr\/wp-json\/wp\/v2\/product"}],"about":[{"href":"https:\/\/mystikus.dsignpoint.com\/fr\/wp-json\/wp\/v2\/types\/product"}],"replies":[{"embeddable":true,"href":"https:\/\/mystikus.dsignpoint.com\/fr\/wp-json\/wp\/v2\/comments?post=25394"}],"wp:featuredmedia":[{"embeddable":true,"href":"https:\/\/mystikus.dsignpoint.com\/fr\/wp-json\/wp\/v2\/media\/23696"}],"wp:attachment":[{"href":"https:\/\/mystikus.dsignpoint.com\/fr\/wp-json\/wp\/v2\/media?parent=25394"}],"wp:term":[{"taxonomy":"product_brand","embeddable":true,"href":"https:\/\/mystikus.dsignpoint.com\/fr\/wp-json\/wp\/v2\/product_brand?post=25394"},{"taxonomy":"product_cat","embeddable":true,"href":"https:\/\/mystikus.dsignpoint.com\/fr\/wp-json\/wp\/v2\/product_cat?post=25394"},{"taxonomy":"product_tag","embeddable":true,"href":"https:\/\/mystikus.dsignpoint.com\/fr\/wp-json\/wp\/v2\/product_tag?post=25394"}],"curies":[{"name":"wp","href":"https:\/\/api.w.org\/{rel}","templated":true}]}}