{"id":25516,"date":"2025-07-09T17:59:54","date_gmt":"2025-07-09T15:59:54","guid":{"rendered":"https:\/\/mystikus.dsignpoint.com\/producto\/golden-nag-happy-life\/"},"modified":"2025-07-09T17:59:54","modified_gmt":"2025-07-09T15:59:54","slug":"golden-nag-happy-life","status":"publish","type":"product","link":"https:\/\/mystikus.dsignpoint.com\/fr\/producto\/golden-nag-happy-life\/","title":{"rendered":"Golden Nag Happy Life"},"content":{"rendered":"<p>paquet de 15 Grs<\/p>\n<h3 data-start=\"140\" data-end=\"197\"><strong data-start=\"144\" data-end=\"197\">Encens \u2013 Des ar\u00f4mes qui \u00e9l\u00e8vent l\u2019esprit<\/strong><\/h3>\n<p data-start=\"199\" data-end=\"677\">Les <strong data-start=\"203\" data-end=\"224\">encens<\/strong> sont une fa\u00e7on pratique et \u00e9l\u00e9gante d\u2019aromatiser les espaces. En br\u00fblant, ils lib\u00e8rent une fum\u00e9e douce et parfum\u00e9e qui cr\u00e9e une atmosph\u00e8re de <strong data-start=\"357\" data-end=\"392\">relaxation, d\u2019harmonie et de bien-\u00eatre<\/strong>. Id\u00e9aux pour la <strong data-start=\"410\" data-end=\"424\">m\u00e9ditation<\/strong>, le <strong data-start=\"429\" data-end=\"452\">nettoyage \u00e9nerg\u00e9tique<\/strong> ou simplement pour profiter d\u2019un moment de paix.  <\/p>\n","protected":false},"excerpt":{"rendered":"<p>paquet de 15 Grs<\/p>\n","protected":false},"featured_media":23801,"comment_status":"open","ping_status":"closed","template":"","meta":[],"product_brand":[],"product_cat":[122,118],"product_tag":[],"class_list":{"0":"post-25516","1":"product","2":"type-product","3":"status-publish","4":"has-post-thumbnail","6":"product_cat-encens","7":"product_cat-encens-et-aromes","9":"first","10":"instock","11":"shipping-taxable","12":"purchasable","13":"product-type-simple"},"_links":{"self":[{"href":"https:\/\/mystikus.dsignpoint.com\/fr\/wp-json\/wp\/v2\/product\/25516","targetHints":{"allow":["GET"]}}],"collection":[{"href":"https:\/\/mystikus.dsignpoint.com\/fr\/wp-json\/wp\/v2\/product"}],"about":[{"href":"https:\/\/mystikus.dsignpoint.com\/fr\/wp-json\/wp\/v2\/types\/product"}],"replies":[{"embeddable":true,"href":"https:\/\/mystikus.dsignpoint.com\/fr\/wp-json\/wp\/v2\/comments?post=25516"}],"wp:featuredmedia":[{"embeddable":true,"href":"https:\/\/mystikus.dsignpoint.com\/fr\/wp-json\/wp\/v2\/media\/23801"}],"wp:attachment":[{"href":"https:\/\/mystikus.dsignpoint.com\/fr\/wp-json\/wp\/v2\/media?parent=25516"}],"wp:term":[{"taxonomy":"product_brand","embeddable":true,"href":"https:\/\/mystikus.dsignpoint.com\/fr\/wp-json\/wp\/v2\/product_brand?post=25516"},{"taxonomy":"product_cat","embeddable":true,"href":"https:\/\/mystikus.dsignpoint.com\/fr\/wp-json\/wp\/v2\/product_cat?post=25516"},{"taxonomy":"product_tag","embeddable":true,"href":"https:\/\/mystikus.dsignpoint.com\/fr\/wp-json\/wp\/v2\/product_tag?post=25516"}],"curies":[{"name":"wp","href":"https:\/\/api.w.org\/{rel}","templated":true}]}}