{"id":25519,"date":"2025-07-09T16:51:44","date_gmt":"2025-07-09T14:51:44","guid":{"rendered":"https:\/\/mystikus.dsignpoint.com\/producto\/pendentif-en-argent-saint-benoit\/"},"modified":"2025-07-09T16:51:44","modified_gmt":"2025-07-09T14:51:44","slug":"pendentif-en-argent-saint-benoit","status":"publish","type":"product","link":"https:\/\/mystikus.dsignpoint.com\/fr\/producto\/pendentif-en-argent-saint-benoit\/","title":{"rendered":"Pendentif en argent Saint Beno\u00eet"},"content":{"rendered":"<h3 data-start=\"156\" data-end=\"224\"><strong data-start=\"160\" data-end=\"224\">Pendentif Saint Beno\u00eet en Argent 925 \u2013 Signification et Entretien<\/strong><\/h3>\n<h4 data-start=\"226\" data-end=\"265\"><strong data-start=\"233\" data-end=\"265\">Caract\u00e9ristiques du pendentif<\/strong><\/h4>\n<p data-start=\"266\" data-end=\"632\">Ce pendentif fabriqu\u00e9 en <strong data-start=\"293\" data-end=\"323\">argent sterling (925)<\/strong> est connu sous le nom de <strong data-start=\"344\" data-end=\"370\">Pendentif de Saint Beno\u00eet<\/strong>. Son design circulaire encadre la figure du saint au centre, entour\u00e9e d&rsquo;<strong data-start=\"445\" data-end=\"471\">inscriptions en latin<\/strong> qui \u00e9voquent <strong data-start=\"483\" data-end=\"524\">la foi, la protection et la force spirituelle<\/strong>. Il a une taille de <strong data-start=\"545\" data-end=\"562\">16 millim\u00e8tres<\/strong>, ce qui en fait une pi\u00e8ce discr\u00e8te mais pleine de signification.  <\/p>\n<h4 data-start=\"634\" data-end=\"672\"><strong data-start=\"642\" data-end=\"672\">Recommandations d&rsquo;entretien<\/strong><\/h4>\n<p data-start=\"673\" data-end=\"967\">L&rsquo;argent 925 garantit un \u00e9clat durable et une excellente r\u00e9sistance, mais il est important d&rsquo;<strong data-start=\"763\" data-end=\"808\">\u00e9viter le contact avec des produits chimiques<\/strong>, des parfums ou des cosm\u00e9tiques, car ils peuvent affecter son apparence. Il est recommand\u00e9 de ranger le pendentif dans un endroit sec, de pr\u00e9f\u00e9rence dans une pochette ou un \u00e9tui souple. <\/p>\n<h4 data-start=\"969\" data-end=\"1019\"><strong data-start=\"978\" data-end=\"1019\">Symbolisme du pendentif de Saint Beno\u00eet<\/strong><\/h4>\n<p data-start=\"1020\" data-end=\"1367\">Ce pendentif est largement reconnu comme un <strong data-start=\"1068\" data-end=\"1131\">puissant symbole de protection contre les influences n\u00e9gatives<\/strong>. La croix et les inscriptions qui l&rsquo;entourent sont associ\u00e9es \u00e0 la <strong data-start=\"1198\" data-end=\"1214\">foi chr\u00e9tienne<\/strong>, \u00e0 la <strong data-start=\"1219\" data-end=\"1240\">force spirituelle<\/strong> et \u00e0 la <strong data-start=\"1246\" data-end=\"1283\">capacit\u00e9 de surmonter les adversit\u00e9s<\/strong>. C&rsquo;est une amulette d&rsquo;<strong data-start=\"1302\" data-end=\"1338\">\u00e9quilibre, de d\u00e9votion et d&rsquo;espoir<\/strong> pour celui qui la porte.  <\/p>\n<h4 data-start=\"1369\" data-end=\"1406\"><strong data-start=\"1377\" data-end=\"1406\">Une pi\u00e8ce avec signification<\/strong><\/h4>\n<p data-start=\"1407\" data-end=\"1653\">Id\u00e9al pour ceux qui recherchent un accessoire avec une profonde <strong data-start=\"1462\" data-end=\"1482\">valeur spirituelle<\/strong> et une esth\u00e9tique raffin\u00e9e. Ce pendentif est parfait pour offrir \u00e0 quelqu&rsquo;un de sp\u00e9cial ou comme <strong data-start=\"1573\" data-end=\"1593\">amulette personnelle<\/strong>, car il combine <strong data-start=\"1610\" data-end=\"1634\">beaut\u00e9 et symbolisme<\/strong> dans un bijou unique. <\/p>\n","protected":false},"excerpt":{"rendered":"<p dir=\"ltr\"><strong>Mat\u00e9riau :<\/strong> Argent 925 de \u00ab\u00a0Premi\u00e8re loi\u00a0\u00bb<\/p>\n<p dir=\"ltr\"><strong>Mesure du pendentif :<\/strong> 11 mm<\/p>\n<p dir=\"ltr\"><strong>Produit :<\/strong> Hypoallerg\u00e9nique<\/p>\n","protected":false},"featured_media":23796,"comment_status":"open","ping_status":"closed","template":"","meta":[],"product_brand":[],"product_cat":[223,222],"product_tag":[],"class_list":{"0":"post-25519","1":"product","2":"type-product","3":"status-publish","4":"has-post-thumbnail","6":"product_cat-argent","7":"product_cat-talismans-et-amulettes","9":"first","10":"onbackorder","11":"shipping-taxable","12":"purchasable","13":"product-type-simple"},"_links":{"self":[{"href":"https:\/\/mystikus.dsignpoint.com\/fr\/wp-json\/wp\/v2\/product\/25519","targetHints":{"allow":["GET"]}}],"collection":[{"href":"https:\/\/mystikus.dsignpoint.com\/fr\/wp-json\/wp\/v2\/product"}],"about":[{"href":"https:\/\/mystikus.dsignpoint.com\/fr\/wp-json\/wp\/v2\/types\/product"}],"replies":[{"embeddable":true,"href":"https:\/\/mystikus.dsignpoint.com\/fr\/wp-json\/wp\/v2\/comments?post=25519"}],"wp:featuredmedia":[{"embeddable":true,"href":"https:\/\/mystikus.dsignpoint.com\/fr\/wp-json\/wp\/v2\/media\/23796"}],"wp:attachment":[{"href":"https:\/\/mystikus.dsignpoint.com\/fr\/wp-json\/wp\/v2\/media?parent=25519"}],"wp:term":[{"taxonomy":"product_brand","embeddable":true,"href":"https:\/\/mystikus.dsignpoint.com\/fr\/wp-json\/wp\/v2\/product_brand?post=25519"},{"taxonomy":"product_cat","embeddable":true,"href":"https:\/\/mystikus.dsignpoint.com\/fr\/wp-json\/wp\/v2\/product_cat?post=25519"},{"taxonomy":"product_tag","embeddable":true,"href":"https:\/\/mystikus.dsignpoint.com\/fr\/wp-json\/wp\/v2\/product_tag?post=25519"}],"curies":[{"name":"wp","href":"https:\/\/api.w.org\/{rel}","templated":true}]}}