{"id":25542,"date":"2025-07-09T14:47:21","date_gmt":"2025-07-09T12:47:21","guid":{"rendered":"https:\/\/mystikus.dsignpoint.com\/producto\/nettoyant-pour-sol-leve-toi-entreprise\/"},"modified":"2025-07-09T14:47:21","modified_gmt":"2025-07-09T12:47:21","slug":"nettoyant-pour-sol-leve-toi-entreprise","status":"publish","type":"product","link":"https:\/\/mystikus.dsignpoint.com\/fr\/producto\/nettoyant-pour-sol-leve-toi-entreprise\/","title":{"rendered":"Nettoyant pour sol L\u00e8ve-toi, entreprise"},"content":{"rendered":"<p><strong data-start=\"138\" data-end=\"163\">Nettoyant \u00e9sot\u00e9rique pour sols<\/strong> sp\u00e9cialement formul\u00e9 pour nettoyer, purifier et harmoniser les espaces physiques et \u00e9nerg\u00e9tiques. Id\u00e9al pour \u00e9liminer les mauvaises vibrations, attirer les \u00e9nergies positives et pr\u00e9parer l&rsquo;environnement pour les rituels ou les m\u00e9ditations. Un nettoyage profond qui va au-del\u00e0 du physique.  <\/p>\n<p>Ventes, Clients<br \/>\nAttire l&rsquo;abondance<\/p>\n","protected":false},"excerpt":{"rendered":"<p>Nettoyant \u00e9sot\u00e9rique pour sols sp\u00e9cialement formul\u00e9 pour nettoyer, purifier et harmoniser les espaces physiques et \u00e9nerg\u00e9tiques. Id\u00e9al pour \u00e9liminer les mauvaises vibrations, attirer les \u00e9nergies positives et pr\u00e9parer l&rsquo;environnement pour les rituels ou les m\u00e9ditations. Un nettoyage profond qui va au-del\u00e0 du physique. Ventes, Clients Attire l&rsquo;abondance<\/p>\n","protected":false},"featured_media":23792,"comment_status":"open","ping_status":"closed","template":"","meta":[],"product_brand":[],"product_cat":[139,145,230,217],"product_tag":[],"class_list":{"0":"post-25542","1":"product","2":"type-product","3":"status-publish","4":"has-post-thumbnail","6":"product_cat-esoteriques","7":"product_cat-mystikus-collection","8":"product_cat-nettoyant-pour-sols","11":"first","12":"instock","13":"shipping-taxable","14":"purchasable","15":"product-type-simple"},"_links":{"self":[{"href":"https:\/\/mystikus.dsignpoint.com\/fr\/wp-json\/wp\/v2\/product\/25542","targetHints":{"allow":["GET"]}}],"collection":[{"href":"https:\/\/mystikus.dsignpoint.com\/fr\/wp-json\/wp\/v2\/product"}],"about":[{"href":"https:\/\/mystikus.dsignpoint.com\/fr\/wp-json\/wp\/v2\/types\/product"}],"replies":[{"embeddable":true,"href":"https:\/\/mystikus.dsignpoint.com\/fr\/wp-json\/wp\/v2\/comments?post=25542"}],"wp:featuredmedia":[{"embeddable":true,"href":"https:\/\/mystikus.dsignpoint.com\/fr\/wp-json\/wp\/v2\/media\/23792"}],"wp:attachment":[{"href":"https:\/\/mystikus.dsignpoint.com\/fr\/wp-json\/wp\/v2\/media?parent=25542"}],"wp:term":[{"taxonomy":"product_brand","embeddable":true,"href":"https:\/\/mystikus.dsignpoint.com\/fr\/wp-json\/wp\/v2\/product_brand?post=25542"},{"taxonomy":"product_cat","embeddable":true,"href":"https:\/\/mystikus.dsignpoint.com\/fr\/wp-json\/wp\/v2\/product_cat?post=25542"},{"taxonomy":"product_tag","embeddable":true,"href":"https:\/\/mystikus.dsignpoint.com\/fr\/wp-json\/wp\/v2\/product_tag?post=25542"}],"curies":[{"name":"wp","href":"https:\/\/api.w.org\/{rel}","templated":true}]}}