{"id":25579,"date":"2025-07-04T18:45:18","date_gmt":"2025-07-04T16:45:18","guid":{"rendered":"https:\/\/mystikus.dsignpoint.com\/producto\/nettoyant-pour-sols-clients\/"},"modified":"2025-07-04T18:45:18","modified_gmt":"2025-07-04T16:45:18","slug":"nettoyant-pour-sols-clients","status":"publish","type":"product","link":"https:\/\/mystikus.dsignpoint.com\/fr\/producto\/nettoyant-pour-sols-clients\/","title":{"rendered":"Nettoyant pour sols Clients"},"content":{"rendered":"<p><strong data-start=\"138\" data-end=\"163\">Nettoyant \u00e9sot\u00e9rique pour sols<\/strong> sp\u00e9cialement formul\u00e9 pour nettoyer, purifier et harmoniser les espaces physiques et \u00e9nerg\u00e9tiques. Id\u00e9al pour \u00e9liminer les mauvaises vibrations, attirer les \u00e9nergies positives et pr\u00e9parer l&rsquo;environnement pour les rituels ou les m\u00e9ditations. Un nettoyage profond qui va au-del\u00e0 du physique.  <\/p>\n<p>Attirer les clients<br \/>\nAm\u00e9liorer les ventes<\/p>\n","protected":false},"excerpt":{"rendered":"<p>Nettoyant \u00e9sot\u00e9rique pour sols sp\u00e9cialement formul\u00e9 pour nettoyer, purifier et harmoniser les espaces physiques et \u00e9nerg\u00e9tiques. Id\u00e9al pour \u00e9liminer les mauvaises vibrations, attirer les \u00e9nergies positives et pr\u00e9parer l&rsquo;environnement pour les rituels ou les m\u00e9ditations. Un nettoyage profond qui va au-del\u00e0 du physique. Attirer les clients Am\u00e9liorer les ventes<\/p>\n","protected":false},"featured_media":23775,"comment_status":"open","ping_status":"closed","template":"","meta":[],"product_brand":[],"product_cat":[139,145,230,217],"product_tag":[],"class_list":{"0":"post-25579","1":"product","2":"type-product","3":"status-publish","4":"has-post-thumbnail","6":"product_cat-esoteriques","7":"product_cat-mystikus-collection","8":"product_cat-nettoyant-pour-sols","11":"first","12":"instock","13":"shipping-taxable","14":"purchasable","15":"product-type-simple"},"_links":{"self":[{"href":"https:\/\/mystikus.dsignpoint.com\/fr\/wp-json\/wp\/v2\/product\/25579","targetHints":{"allow":["GET"]}}],"collection":[{"href":"https:\/\/mystikus.dsignpoint.com\/fr\/wp-json\/wp\/v2\/product"}],"about":[{"href":"https:\/\/mystikus.dsignpoint.com\/fr\/wp-json\/wp\/v2\/types\/product"}],"replies":[{"embeddable":true,"href":"https:\/\/mystikus.dsignpoint.com\/fr\/wp-json\/wp\/v2\/comments?post=25579"}],"wp:featuredmedia":[{"embeddable":true,"href":"https:\/\/mystikus.dsignpoint.com\/fr\/wp-json\/wp\/v2\/media\/23775"}],"wp:attachment":[{"href":"https:\/\/mystikus.dsignpoint.com\/fr\/wp-json\/wp\/v2\/media?parent=25579"}],"wp:term":[{"taxonomy":"product_brand","embeddable":true,"href":"https:\/\/mystikus.dsignpoint.com\/fr\/wp-json\/wp\/v2\/product_brand?post=25579"},{"taxonomy":"product_cat","embeddable":true,"href":"https:\/\/mystikus.dsignpoint.com\/fr\/wp-json\/wp\/v2\/product_cat?post=25579"},{"taxonomy":"product_tag","embeddable":true,"href":"https:\/\/mystikus.dsignpoint.com\/fr\/wp-json\/wp\/v2\/product_tag?post=25579"}],"curies":[{"name":"wp","href":"https:\/\/api.w.org\/{rel}","templated":true}]}}