{"id":25598,"date":"2025-06-30T18:19:11","date_gmt":"2025-06-30T16:19:11","guid":{"rendered":"https:\/\/mystikus.dsignpoint.com\/producto\/barre-de-selenite-blanche\/"},"modified":"2025-06-30T18:19:11","modified_gmt":"2025-06-30T16:19:11","slug":"barre-de-selenite-blanche","status":"publish","type":"product","link":"https:\/\/mystikus.dsignpoint.com\/fr\/producto\/barre-de-selenite-blanche\/","title":{"rendered":"Barre de s\u00e9l\u00e9nite blanche"},"content":{"rendered":"<h3 data-start=\"160\" data-end=\"219\"><strong data-start=\"167\" data-end=\"219\">Description \u00e9sot\u00e9rique \u2013 Barre de s\u00e9l\u00e9nite blanche<\/strong><\/h3>\n<p data-start=\"221\" data-end=\"270\"><strong data-start=\"221\" data-end=\"245\">Nom de l&rsquo;article :<\/strong> Barre de s\u00e9l\u00e9nite blanche<\/p>\n<p data-start=\"272\" data-end=\"298\"><strong data-start=\"272\" data-end=\"298\">Description \u00e9sot\u00e9rique :<\/strong><\/p>\n<p data-start=\"300\" data-end=\"601\">La <strong data-start=\"303\" data-end=\"322\">s\u00e9l\u00e9nite blanche<\/strong> est l&rsquo;une des pierres les plus pures et les plus \u00e9lev\u00e9es dans le monde de la lithoth\u00e9rapie. On lui attribue la capacit\u00e9 de <strong data-start=\"432\" data-end=\"493\">nettoyer, d&rsquo;aligner et d&rsquo;\u00e9lever l&rsquo;\u00e9nergie personnelle et environnementale<\/strong>. Elle n&rsquo;absorbe pas l&rsquo;\u00e9nergie n\u00e9gative, mais la dissout, fonctionnant comme un canal de lumi\u00e8re divine et de paix profonde.  <\/p>\n<p data-start=\"603\" data-end=\"833\">Sous forme de barre, la s\u00e9l\u00e9nite est id\u00e9ale pour diriger l&rsquo;\u00e9nergie de purification le long du corps ou de l&rsquo;espace. Elle est tr\u00e8s utilis\u00e9e pour <strong data-start=\"739\" data-end=\"766\">nettoyer d&rsquo;autres cristaux<\/strong>, \u00e9quilibrer les chakras et se connecter avec des plans spirituels sup\u00e9rieurs. <\/p>\n<hr data-start=\"835\" data-end=\"838\">\n<h3 data-start=\"840\" data-end=\"879\"><strong data-start=\"846\" data-end=\"879\">Propri\u00e9t\u00e9s \u00e9sot\u00e9riques cl\u00e9s :<\/strong><\/h3>\n<ul data-start=\"881\" data-end=\"1201\">\n<li data-start=\"881\" data-end=\"947\">\n<p data-start=\"883\" data-end=\"947\"><strong data-start=\"883\" data-end=\"945\">Active le chakra couronne et connecte avec la sagesse divine.<\/strong><\/p>\n<\/li>\n<li data-start=\"948\" data-end=\"1015\">\n<p data-start=\"950\" data-end=\"1015\"><strong data-start=\"950\" data-end=\"1013\">Nettoie l&rsquo;\u00e9nergie des personnes, des environnements et d&rsquo;autres cristaux.<\/strong><\/p>\n<\/li>\n<li data-start=\"1016\" data-end=\"1082\">\n<p data-start=\"1018\" data-end=\"1082\"><strong data-start=\"1018\" data-end=\"1080\">Favorise les \u00e9tats de paix, de relaxation et de m\u00e9ditation profonde.<\/strong><\/p>\n<\/li>\n<li data-start=\"1083\" data-end=\"1139\">\n<p data-start=\"1085\" data-end=\"1139\"><strong data-start=\"1085\" data-end=\"1137\">Prot\u00e8ge l&rsquo;aura et renforce le champ \u00e9nerg\u00e9tique.<\/strong><\/p>\n<\/li>\n<li data-start=\"1140\" data-end=\"1201\">\n<p data-start=\"1142\" data-end=\"1201\"><strong data-start=\"1142\" data-end=\"1201\">Aide \u00e0 calmer l&rsquo;esprit et \u00e0 dissiper la confusion mentale.<\/strong><\/p>\n<\/li>\n<\/ul>\n<hr data-start=\"1203\" data-end=\"1206\">\n<h3 data-start=\"1208\" data-end=\"1237\"><strong data-start=\"1215\" data-end=\"1237\">Usages recommand\u00e9s :<\/strong><\/h3>\n<ol data-start=\"1239\" data-end=\"1607\">\n<li data-start=\"1239\" data-end=\"1300\">\n<p data-start=\"1242\" data-end=\"1300\"><strong data-start=\"1242\" data-end=\"1298\">Passer la barre sur le corps pour nettoyer l&rsquo;aura.<\/strong><\/p>\n<\/li>\n<li data-start=\"1301\" data-end=\"1382\">\n<p data-start=\"1304\" data-end=\"1382\"><strong data-start=\"1304\" data-end=\"1380\">Placer dans des espaces de m\u00e9ditation ou de repos pour harmoniser l&rsquo;environnement.<\/strong><\/p>\n<\/li>\n<li data-start=\"1383\" data-end=\"1454\">\n<p data-start=\"1386\" data-end=\"1454\"><strong data-start=\"1386\" data-end=\"1452\">Utiliser comme outil pour recharger et nettoyer d&rsquo;autres cristaux.<\/strong><\/p>\n<\/li>\n<li data-start=\"1455\" data-end=\"1525\">\n<p data-start=\"1458\" data-end=\"1525\"><strong data-start=\"1458\" data-end=\"1523\">Id\u00e9al pour les rituels de lumi\u00e8re, de protection et de connexion spirituelle.<\/strong><\/p>\n<\/li>\n<li data-start=\"1526\" data-end=\"1607\">\n<p data-start=\"1529\" data-end=\"1607\"><strong data-start=\"1529\" data-end=\"1607\">Placer pr\u00e8s du lit pour favoriser des r\u00eaves tranquilles et la clart\u00e9 mentale.<\/strong><\/p>\n<\/li>\n<\/ol>\n","protected":false},"excerpt":{"rendered":"<h3 data-start=\"160\" data-end=\"219\"><strong data-start=\"167\" data-end=\"219\">Barre de s\u00e9l\u00e9nite blanche<\/strong><\/h3>\n<h3 data-start=\"169\" data-end=\"228\"><span style=\"font-size: 1rem; white-space-collapse: preserve;\">Taille 3 cm<\/span><\/h3>\n","protected":false},"featured_media":23692,"comment_status":"open","ping_status":"closed","template":"","meta":[],"product_brand":[],"product_cat":[110,109],"product_tag":[],"class_list":{"0":"post-25598","1":"product","2":"type-product","3":"status-publish","4":"has-post-thumbnail","6":"product_cat-galets","7":"product_cat-mineraux","9":"first","10":"instock","11":"shipping-taxable","12":"purchasable","13":"product-type-simple"},"_links":{"self":[{"href":"https:\/\/mystikus.dsignpoint.com\/fr\/wp-json\/wp\/v2\/product\/25598","targetHints":{"allow":["GET"]}}],"collection":[{"href":"https:\/\/mystikus.dsignpoint.com\/fr\/wp-json\/wp\/v2\/product"}],"about":[{"href":"https:\/\/mystikus.dsignpoint.com\/fr\/wp-json\/wp\/v2\/types\/product"}],"replies":[{"embeddable":true,"href":"https:\/\/mystikus.dsignpoint.com\/fr\/wp-json\/wp\/v2\/comments?post=25598"}],"wp:featuredmedia":[{"embeddable":true,"href":"https:\/\/mystikus.dsignpoint.com\/fr\/wp-json\/wp\/v2\/media\/23692"}],"wp:attachment":[{"href":"https:\/\/mystikus.dsignpoint.com\/fr\/wp-json\/wp\/v2\/media?parent=25598"}],"wp:term":[{"taxonomy":"product_brand","embeddable":true,"href":"https:\/\/mystikus.dsignpoint.com\/fr\/wp-json\/wp\/v2\/product_brand?post=25598"},{"taxonomy":"product_cat","embeddable":true,"href":"https:\/\/mystikus.dsignpoint.com\/fr\/wp-json\/wp\/v2\/product_cat?post=25598"},{"taxonomy":"product_tag","embeddable":true,"href":"https:\/\/mystikus.dsignpoint.com\/fr\/wp-json\/wp\/v2\/product_tag?post=25598"}],"curies":[{"name":"wp","href":"https:\/\/api.w.org\/{rel}","templated":true}]}}