{"id":25610,"date":"2025-06-30T18:12:02","date_gmt":"2025-06-30T16:12:02","guid":{"rendered":"https:\/\/mystikus.dsignpoint.com\/producto\/pointe-de-fluorite-arc-en-ciel\/"},"modified":"2025-06-30T18:12:02","modified_gmt":"2025-06-30T16:12:02","slug":"pointe-de-fluorite-arc-en-ciel","status":"publish","type":"product","link":"https:\/\/mystikus.dsignpoint.com\/fr\/producto\/pointe-de-fluorite-arc-en-ciel\/","title":{"rendered":"Pointe de Fluorite Arc-en-ciel"},"content":{"rendered":"<h3 data-start=\"219\" data-end=\"280\"><strong data-start=\"226\" data-end=\"280\">Description \u00e9sot\u00e9rique \u2013 Pointe de Fluorite Arc-en-ciel<\/strong><\/h3>\n<p data-start=\"282\" data-end=\"333\"><strong data-start=\"282\" data-end=\"306\">Nom de l&rsquo;article&nbsp;:<\/strong> Pointe de Fluorite Arc-en-ciel<\/p>\n<p data-start=\"335\" data-end=\"361\"><strong data-start=\"335\" data-end=\"361\">Description \u00e9sot\u00e9rique :<\/strong><\/p>\n<p data-start=\"363\" data-end=\"769\">La <strong data-start=\"366\" data-end=\"387\">Fluorite Arc-en-ciel<\/strong> est une pierre puissante d&rsquo;<strong data-start=\"414\" data-end=\"475\">ordre mental, de clart\u00e9 spirituelle et de protection \u00e9nerg\u00e9tique<\/strong>. Elle agit comme un bouclier contre les \u00e9nergies n\u00e9gatives et aide \u00e0 nettoyer l&rsquo;esprit du chaos, apportant s\u00e9r\u00e9nit\u00e9, logique et concentration. Chaque couleur de sa structure harmonise un aspect distinct de l&rsquo;\u00eatre&nbsp;: le violet connecte \u00e0 l&rsquo;intuition, le bleu \u00e0 la communication et le vert \u00e0 la gu\u00e9rison \u00e9motionnelle.  <\/p>\n<p data-start=\"771\" data-end=\"943\">Sous forme de pointe, la Fluorite dirige son \u00e9nergie nettoyante vers tes pens\u00e9es, favorisant la prise de d\u00e9cisions conscientes et l&rsquo;alignement entre l&rsquo;esprit et l&rsquo;\u00e2me.<\/p>\n<hr data-start=\"945\" data-end=\"948\">\n<h3 data-start=\"950\" data-end=\"990\"><strong data-start=\"957\" data-end=\"990\">Propri\u00e9t\u00e9s \u00e9sot\u00e9riques cl\u00e9s :<\/strong><\/h3>\n<ul data-start=\"992\" data-end=\"1319\">\n<li data-start=\"992\" data-end=\"1050\">\n<p data-start=\"994\" data-end=\"1050\"><strong data-start=\"994\" data-end=\"1048\">Active et \u00e9quilibre le troisi\u00e8me \u0153il et le chakra du c\u0153ur.<\/strong><\/p>\n<\/li>\n<li data-start=\"1051\" data-end=\"1106\">\n<p data-start=\"1053\" data-end=\"1106\"><strong data-start=\"1053\" data-end=\"1104\">Stimule la clart\u00e9 mentale et la concentration.<\/strong><\/p>\n<\/li>\n<li data-start=\"1107\" data-end=\"1175\">\n<p data-start=\"1109\" data-end=\"1175\"><strong data-start=\"1109\" data-end=\"1173\">Prot\u00e8ge contre la pollution \u00e9lectromagn\u00e9tique et psychique.<\/strong><\/p>\n<\/li>\n<li data-start=\"1176\" data-end=\"1251\">\n<p data-start=\"1178\" data-end=\"1251\"><strong data-start=\"1178\" data-end=\"1249\">Favorise l&rsquo;\u00e9quilibre \u00e9motionnel et la prise de d\u00e9cisions \u00e9clair\u00e9es.<\/strong><\/p>\n<\/li>\n<li data-start=\"1252\" data-end=\"1319\">\n<p data-start=\"1254\" data-end=\"1319\"><strong data-start=\"1254\" data-end=\"1319\">Aide \u00e0 lib\u00e9rer les pens\u00e9es r\u00e9p\u00e9titives ou les blocages mentaux.<\/strong><\/p>\n<\/li>\n<\/ul>\n<hr data-start=\"1321\" data-end=\"1324\">\n<h3 data-start=\"1326\" data-end=\"1354\"><strong data-start=\"1332\" data-end=\"1354\">Usages recommand\u00e9s :<\/strong><\/h3>\n<ol data-start=\"1356\" data-end=\"1708\">\n<li data-start=\"1356\" data-end=\"1420\">\n<p data-start=\"1359\" data-end=\"1420\"><strong data-start=\"1359\" data-end=\"1418\">M\u00e9ditations pour la clart\u00e9, la concentration et le nettoyage \u00e9nerg\u00e9tique.<\/strong><\/p>\n<\/li>\n<li data-start=\"1421\" data-end=\"1496\">\n<p data-start=\"1424\" data-end=\"1496\"><strong data-start=\"1424\" data-end=\"1494\">\u00c0 placer dans les espaces d&rsquo;\u00e9tude ou de travail pour une meilleure concentration.<\/strong><\/p>\n<\/li>\n<li data-start=\"1497\" data-end=\"1557\">\n<p data-start=\"1500\" data-end=\"1557\"><strong data-start=\"1500\" data-end=\"1555\">Utilisation dans les th\u00e9rapies de r\u00e9\u00e9quilibrage mental et \u00e9motionnel.<\/strong><\/p>\n<\/li>\n<li data-start=\"1558\" data-end=\"1636\">\n<p data-start=\"1561\" data-end=\"1636\"><strong data-start=\"1561\" data-end=\"1634\">Rituels de nettoyage de l&rsquo;aura et de renforcement du champ \u00e9nerg\u00e9tique.<\/strong><\/p>\n<\/li>\n<li data-start=\"1637\" data-end=\"1708\">\n<p data-start=\"1640\" data-end=\"1708\"><strong data-start=\"1640\" data-end=\"1708\">\u00c9l\u00e9ment harmonique dans les autels spirituels ou les lieux de repos.<\/strong><\/p>\n<\/li>\n<\/ol>\n","protected":false},"excerpt":{"rendered":"<h3 data-start=\"219\" data-end=\"280\"><strong data-start=\"226\" data-end=\"280\">Pointe de Fluorite Arc-en-ciel<\/strong><\/h3>\n<h3 data-start=\"169\" data-end=\"228\"><span style=\"font-size: 1rem; white-space-collapse: preserve;\">Taille 4,5&nbsp;cm<\/span><\/h3>\n","protected":false},"featured_media":23690,"comment_status":"open","ping_status":"closed","template":"","meta":[],"product_brand":[],"product_cat":[109,232],"product_tag":[],"class_list":{"0":"post-25610","1":"product","2":"type-product","3":"status-publish","4":"has-post-thumbnail","6":"product_cat-mineraux","7":"product_cat-pointes","9":"first","10":"instock","11":"shipping-taxable","12":"purchasable","13":"product-type-simple"},"_links":{"self":[{"href":"https:\/\/mystikus.dsignpoint.com\/fr\/wp-json\/wp\/v2\/product\/25610","targetHints":{"allow":["GET"]}}],"collection":[{"href":"https:\/\/mystikus.dsignpoint.com\/fr\/wp-json\/wp\/v2\/product"}],"about":[{"href":"https:\/\/mystikus.dsignpoint.com\/fr\/wp-json\/wp\/v2\/types\/product"}],"replies":[{"embeddable":true,"href":"https:\/\/mystikus.dsignpoint.com\/fr\/wp-json\/wp\/v2\/comments?post=25610"}],"wp:featuredmedia":[{"embeddable":true,"href":"https:\/\/mystikus.dsignpoint.com\/fr\/wp-json\/wp\/v2\/media\/23690"}],"wp:attachment":[{"href":"https:\/\/mystikus.dsignpoint.com\/fr\/wp-json\/wp\/v2\/media?parent=25610"}],"wp:term":[{"taxonomy":"product_brand","embeddable":true,"href":"https:\/\/mystikus.dsignpoint.com\/fr\/wp-json\/wp\/v2\/product_brand?post=25610"},{"taxonomy":"product_cat","embeddable":true,"href":"https:\/\/mystikus.dsignpoint.com\/fr\/wp-json\/wp\/v2\/product_cat?post=25610"},{"taxonomy":"product_tag","embeddable":true,"href":"https:\/\/mystikus.dsignpoint.com\/fr\/wp-json\/wp\/v2\/product_tag?post=25610"}],"curies":[{"name":"wp","href":"https:\/\/api.w.org\/{rel}","templated":true}]}}