{"id":25616,"date":"2025-06-30T17:46:46","date_gmt":"2025-06-30T15:46:46","guid":{"rendered":"https:\/\/mystikus.dsignpoint.com\/producto\/pointe-dagate-cornaline\/"},"modified":"2025-06-30T17:46:46","modified_gmt":"2025-06-30T15:46:46","slug":"pointe-dagate-cornaline","status":"publish","type":"product","link":"https:\/\/mystikus.dsignpoint.com\/fr\/producto\/pointe-dagate-cornaline\/","title":{"rendered":"Pointe d&rsquo;agate cornaline"},"content":{"rendered":"<h3 data-start=\"169\" data-end=\"228\"><strong data-start=\"176\" data-end=\"228\">Description \u00e9sot\u00e9rique \u2013 Pointe d&rsquo;agate cornaline<\/strong><\/h3>\n<p data-start=\"230\" data-end=\"279\"><strong data-start=\"230\" data-end=\"254\">Nom de l&rsquo;article :<\/strong> Pointe d&rsquo;agate cornaline<\/p>\n<p data-start=\"281\" data-end=\"307\"><strong data-start=\"281\" data-end=\"307\">Description \u00e9sot\u00e9rique :<\/strong><\/p>\n<p data-start=\"309\" data-end=\"674\">L&rsquo;<strong data-start=\"312\" data-end=\"331\">agate cornaline<\/strong> est une pierre de <strong data-start=\"349\" data-end=\"389\">vitalit\u00e9, de courage et d&rsquo;\u00e9nergie cr\u00e9ative<\/strong>. Elle est connue pour activer le flux d&rsquo;\u00e9nergie vitale (chi ou prana), stimulant la motivation, la passion pour la vie et la confiance en soi. Sa vibration chaude et stabilisatrice aide \u00e0 surmonter les peurs, \u00e0 d\u00e9bloquer les \u00e9motions refoul\u00e9es et \u00e0 renforcer la connexion avec le corps physique.  <\/p>\n<p data-start=\"676\" data-end=\"820\">Sous forme de pointe, cette pierre dirige son \u00e9nergie vers l&rsquo;autonomisation personnelle, la prise de d\u00e9cisions courageuses et la concr\u00e9tisation de projets.<\/p>\n<hr data-start=\"822\" data-end=\"825\">\n<h3 data-start=\"827\" data-end=\"867\"><strong data-start=\"834\" data-end=\"867\">Propri\u00e9t\u00e9s \u00e9sot\u00e9riques cl\u00e9s :<\/strong><\/h3>\n<ul data-start=\"869\" data-end=\"1159\">\n<li data-start=\"869\" data-end=\"917\">\n<p data-start=\"871\" data-end=\"917\"><strong data-start=\"871\" data-end=\"915\">Active le chakra racine et le chakra sacr\u00e9.<\/strong><\/p>\n<\/li>\n<li data-start=\"918\" data-end=\"985\">\n<p data-start=\"920\" data-end=\"985\"><strong data-start=\"920\" data-end=\"983\">Augmente la motivation, la cr\u00e9ativit\u00e9 et le d\u00e9sir d&rsquo;action.<\/strong><\/p>\n<\/li>\n<li data-start=\"986\" data-end=\"1039\">\n<p data-start=\"988\" data-end=\"1039\"><strong data-start=\"988\" data-end=\"1037\">Dissipe l&rsquo;apathie, l&rsquo;ind\u00e9cision et la l\u00e9thargie.<\/strong><\/p>\n<\/li>\n<li data-start=\"1040\" data-end=\"1092\">\n<p data-start=\"1042\" data-end=\"1092\"><strong data-start=\"1042\" data-end=\"1090\">Renforce l&rsquo;estime de soi et le pouvoir personnel.<\/strong><\/p>\n<\/li>\n<li data-start=\"1093\" data-end=\"1159\">\n<p data-start=\"1095\" data-end=\"1159\"><strong data-start=\"1095\" data-end=\"1159\">Apporte un \u00e9quilibre \u00e9motionnel et une concentration dans les moments de changement.<\/strong><\/p>\n<\/li>\n<\/ul>\n<hr data-start=\"1161\" data-end=\"1164\">\n<h3 data-start=\"1166\" data-end=\"1194\"><strong data-start=\"1172\" data-end=\"1194\">Usages recommand\u00e9s :<\/strong><\/h3>\n<ol data-start=\"1196\" data-end=\"1496\">\n<li data-start=\"1196\" data-end=\"1260\">\n<p data-start=\"1199\" data-end=\"1260\"><strong data-start=\"1199\" data-end=\"1258\">M\u00e9ditations pour activer l&rsquo;\u00e9nergie cr\u00e9ative ou sexuelle.<\/strong><\/p>\n<\/li>\n<li data-start=\"1261\" data-end=\"1318\">\n<p data-start=\"1264\" data-end=\"1318\"><strong data-start=\"1264\" data-end=\"1316\">Rituels de manifestation et de concr\u00e9tisation des objectifs.<\/strong><\/p>\n<\/li>\n<li data-start=\"1319\" data-end=\"1385\">\n<p data-start=\"1322\" data-end=\"1385\"><strong data-start=\"1322\" data-end=\"1383\">\u00c0 placer dans les espaces de travail ou d&rsquo;\u00e9tude pour la motivation.<\/strong><\/p>\n<\/li>\n<li data-start=\"1386\" data-end=\"1438\">\n<p data-start=\"1389\" data-end=\"1438\"><strong data-start=\"1389\" data-end=\"1436\">\u00c0 utiliser comme amulette de courage et de pers\u00e9v\u00e9rance.<\/strong><\/p>\n<\/li>\n<li data-start=\"1439\" data-end=\"1496\">\n<p data-start=\"1442\" data-end=\"1496\"><strong data-start=\"1442\" data-end=\"1496\">Th\u00e9rapies \u00e9nerg\u00e9tiques centr\u00e9es sur la force vitale.<\/strong><\/p>\n<\/li>\n<\/ol>\n","protected":false},"excerpt":{"rendered":"<h3 data-start=\"169\" data-end=\"228\"><strong data-start=\"176\" data-end=\"228\">Pointe d&rsquo;agate cornaline<\/strong><\/h3>\n<pre data-start=\"75\" data-end=\"133\"><span style=\"font-size: 1rem; white-space-collapse: preserve;\">Taille 8 cm<\/span><\/pre>\n","protected":false},"featured_media":23686,"comment_status":"open","ping_status":"closed","template":"","meta":[],"product_brand":[],"product_cat":[109,232],"product_tag":[],"class_list":{"0":"post-25616","1":"product","2":"type-product","3":"status-publish","4":"has-post-thumbnail","6":"product_cat-mineraux","7":"product_cat-pointes","9":"first","10":"instock","11":"shipping-taxable","12":"purchasable","13":"product-type-simple"},"_links":{"self":[{"href":"https:\/\/mystikus.dsignpoint.com\/fr\/wp-json\/wp\/v2\/product\/25616","targetHints":{"allow":["GET"]}}],"collection":[{"href":"https:\/\/mystikus.dsignpoint.com\/fr\/wp-json\/wp\/v2\/product"}],"about":[{"href":"https:\/\/mystikus.dsignpoint.com\/fr\/wp-json\/wp\/v2\/types\/product"}],"replies":[{"embeddable":true,"href":"https:\/\/mystikus.dsignpoint.com\/fr\/wp-json\/wp\/v2\/comments?post=25616"}],"wp:featuredmedia":[{"embeddable":true,"href":"https:\/\/mystikus.dsignpoint.com\/fr\/wp-json\/wp\/v2\/media\/23686"}],"wp:attachment":[{"href":"https:\/\/mystikus.dsignpoint.com\/fr\/wp-json\/wp\/v2\/media?parent=25616"}],"wp:term":[{"taxonomy":"product_brand","embeddable":true,"href":"https:\/\/mystikus.dsignpoint.com\/fr\/wp-json\/wp\/v2\/product_brand?post=25616"},{"taxonomy":"product_cat","embeddable":true,"href":"https:\/\/mystikus.dsignpoint.com\/fr\/wp-json\/wp\/v2\/product_cat?post=25616"},{"taxonomy":"product_tag","embeddable":true,"href":"https:\/\/mystikus.dsignpoint.com\/fr\/wp-json\/wp\/v2\/product_tag?post=25616"}],"curies":[{"name":"wp","href":"https:\/\/api.w.org\/{rel}","templated":true}]}}