{"id":25620,"date":"2025-06-30T17:12:50","date_gmt":"2025-06-30T15:12:50","guid":{"rendered":"https:\/\/mystikus.dsignpoint.com\/producto\/pointe-de-quartz-laitier\/"},"modified":"2025-06-30T17:12:50","modified_gmt":"2025-06-30T15:12:50","slug":"pointe-de-quartz-laitier","status":"publish","type":"product","link":"https:\/\/mystikus.dsignpoint.com\/fr\/producto\/pointe-de-quartz-laitier\/","title":{"rendered":"Pointe de Quartz Laitier"},"content":{"rendered":"<h3 data-start=\"71\" data-end=\"126\"><strong data-start=\"78\" data-end=\"126\">Description \u00e9sot\u00e9rique \u2013 Pointe de Quartz Laitier<\/strong><\/h3>\n<p data-start=\"216\" data-end=\"264\"><strong data-start=\"216\" data-end=\"240\">Nom de l&rsquo;article :<\/strong> Pointe de Quartz Laitier<\/p>\n<p data-start=\"266\" data-end=\"292\"><strong data-start=\"266\" data-end=\"292\">Description \u00e9sot\u00e9rique :<\/strong><\/p>\n<p data-start=\"294\" data-end=\"556\">Le <strong data-start=\"297\" data-end=\"315\">Quartz Laitier<\/strong> est une pierre de <strong data-start=\"333\" data-end=\"377\">puret\u00e9, de calme int\u00e9rieur et de guidance spirituelle<\/strong>. Son \u00e9nergie douce mais puissante agit comme un baume pour l&rsquo;esprit et l&rsquo;\u00e2me, aidant \u00e0 dissiper les pens\u00e9es confuses, \u00e0 lib\u00e9rer les tensions et \u00e0 se connecter \u00e0 la paix profonde de l&rsquo;\u00eatre. <\/p>\n<p data-start=\"558\" data-end=\"805\">Cette vari\u00e9t\u00e9 de quartz est particuli\u00e8rement li\u00e9e \u00e0 la <strong data-start=\"616\" data-end=\"662\">clart\u00e9 \u00e9motionnelle et \u00e0 la sagesse int\u00e9rieure<\/strong>, et est consid\u00e9r\u00e9e comme un excellent outil pour ceux qui cherchent des r\u00e9ponses en eux-m\u00eames ou qui veulent renforcer leur foi en leur chemin spirituel.<\/p>\n<p data-start=\"807\" data-end=\"925\">La forme en pointe canalise son \u00e9nergie vers des objectifs clairs, purifiant l&rsquo;environnement et \u00e9levant la vibration personnelle.<\/p>\n<hr data-start=\"927\" data-end=\"930\">\n<h3 data-start=\"932\" data-end=\"972\"><strong data-start=\"939\" data-end=\"972\">Propri\u00e9t\u00e9s \u00e9sot\u00e9riques cl\u00e9s :<\/strong><\/h3>\n<ul data-start=\"974\" data-end=\"1289\">\n<li data-start=\"974\" data-end=\"1028\">\n<p data-start=\"976\" data-end=\"1028\"><strong data-start=\"976\" data-end=\"1026\">Purifie l&rsquo;aura et prot\u00e8ge des \u00e9nergies denses.<\/strong><\/p>\n<\/li>\n<li data-start=\"1029\" data-end=\"1079\">\n<p data-start=\"1031\" data-end=\"1079\"><strong data-start=\"1031\" data-end=\"1077\">Apporte clart\u00e9 mentale, calme et s\u00e9r\u00e9nit\u00e9.<\/strong><\/p>\n<\/li>\n<li data-start=\"1080\" data-end=\"1152\">\n<p data-start=\"1082\" data-end=\"1152\"><strong data-start=\"1082\" data-end=\"1150\">Facilite la m\u00e9ditation, le repos profond et l&rsquo;introspection.<\/strong><\/p>\n<\/li>\n<li data-start=\"1153\" data-end=\"1221\">\n<p data-start=\"1155\" data-end=\"1221\"><strong data-start=\"1155\" data-end=\"1219\">Harmonise tous les chakras, en particulier le chakra couronne.<\/strong><\/p>\n<\/li>\n<li data-start=\"1222\" data-end=\"1289\">\n<p data-start=\"1224\" data-end=\"1289\"><strong data-start=\"1224\" data-end=\"1289\">Aide \u00e0 faire confiance au processus de la vie et \u00e0 l\u00e2cher prise.<\/strong><\/p>\n<\/li>\n<\/ul>\n<hr data-start=\"1291\" data-end=\"1294\">\n<h3 data-start=\"1296\" data-end=\"1324\"><strong data-start=\"1302\" data-end=\"1324\">Usages recommand\u00e9s :<\/strong><\/h3>\n<ol data-start=\"1326\" data-end=\"1641\">\n<li data-start=\"1326\" data-end=\"1378\">\n<p data-start=\"1329\" data-end=\"1378\"><strong data-start=\"1329\" data-end=\"1376\">M\u00e9ditations de nettoyage et de calme \u00e9motionnel.<\/strong><\/p>\n<\/li>\n<li data-start=\"1379\" data-end=\"1437\">\n<p data-start=\"1382\" data-end=\"1437\"><strong data-start=\"1382\" data-end=\"1435\">Rituels de paix int\u00e9rieure et de renouveau spirituel.<\/strong><\/p>\n<\/li>\n<li data-start=\"1438\" data-end=\"1503\">\n<p data-start=\"1441\" data-end=\"1503\"><strong data-start=\"1441\" data-end=\"1501\">Placer pr\u00e8s du lit pour favoriser des r\u00eaves paisibles.<\/strong><\/p>\n<\/li>\n<li data-start=\"1504\" data-end=\"1575\">\n<p data-start=\"1507\" data-end=\"1575\"><strong data-start=\"1507\" data-end=\"1573\">Utilisation dans les th\u00e9rapies \u00e9nerg\u00e9tiques comme pierre de soutien et d&rsquo;\u00e9quilibre.<\/strong><\/p>\n<\/li>\n<li data-start=\"1576\" data-end=\"1641\">\n<p data-start=\"1579\" data-end=\"1641\"><strong data-start=\"1579\" data-end=\"1641\">\u00c9l\u00e9ment harmonisant dans les espaces de m\u00e9ditation ou de gu\u00e9rison.<\/strong><\/p>\n<\/li>\n<\/ol>\n","protected":false},"excerpt":{"rendered":"<h3 data-start=\"71\" data-end=\"126\"><strong data-start=\"78\" data-end=\"126\">Pointe de Quartz Laitier<\/strong><\/h3>\n<pre data-start=\"107\" data-end=\"168\">Taille 7,5 cm<\/pre>\n","protected":false},"featured_media":23682,"comment_status":"open","ping_status":"closed","template":"","meta":[],"product_brand":[],"product_cat":[109,232],"product_tag":[],"class_list":{"0":"post-25620","1":"product","2":"type-product","3":"status-publish","4":"has-post-thumbnail","6":"product_cat-mineraux","7":"product_cat-pointes","9":"first","10":"instock","11":"shipping-taxable","12":"purchasable","13":"product-type-simple"},"_links":{"self":[{"href":"https:\/\/mystikus.dsignpoint.com\/fr\/wp-json\/wp\/v2\/product\/25620","targetHints":{"allow":["GET"]}}],"collection":[{"href":"https:\/\/mystikus.dsignpoint.com\/fr\/wp-json\/wp\/v2\/product"}],"about":[{"href":"https:\/\/mystikus.dsignpoint.com\/fr\/wp-json\/wp\/v2\/types\/product"}],"replies":[{"embeddable":true,"href":"https:\/\/mystikus.dsignpoint.com\/fr\/wp-json\/wp\/v2\/comments?post=25620"}],"wp:featuredmedia":[{"embeddable":true,"href":"https:\/\/mystikus.dsignpoint.com\/fr\/wp-json\/wp\/v2\/media\/23682"}],"wp:attachment":[{"href":"https:\/\/mystikus.dsignpoint.com\/fr\/wp-json\/wp\/v2\/media?parent=25620"}],"wp:term":[{"taxonomy":"product_brand","embeddable":true,"href":"https:\/\/mystikus.dsignpoint.com\/fr\/wp-json\/wp\/v2\/product_brand?post=25620"},{"taxonomy":"product_cat","embeddable":true,"href":"https:\/\/mystikus.dsignpoint.com\/fr\/wp-json\/wp\/v2\/product_cat?post=25620"},{"taxonomy":"product_tag","embeddable":true,"href":"https:\/\/mystikus.dsignpoint.com\/fr\/wp-json\/wp\/v2\/product_tag?post=25620"}],"curies":[{"name":"wp","href":"https:\/\/api.w.org\/{rel}","templated":true}]}}