{"id":25632,"date":"2025-06-27T17:38:08","date_gmt":"2025-06-27T15:38:08","guid":{"rendered":"https:\/\/mystikus.dsignpoint.com\/producto\/pointe-de-quartz-rose\/"},"modified":"2025-06-27T17:38:08","modified_gmt":"2025-06-27T15:38:08","slug":"pointe-de-quartz-rose","status":"publish","type":"product","link":"https:\/\/mystikus.dsignpoint.com\/fr\/producto\/pointe-de-quartz-rose\/","title":{"rendered":"Pointe de Quartz Rose"},"content":{"rendered":"<h3 data-start=\"71\" data-end=\"126\"><strong data-start=\"78\" data-end=\"126\">Description \u00e9sot\u00e9rique \u2013 Pointe de Quartz Rose<\/strong><\/h3>\n<p data-start=\"128\" data-end=\"173\"><strong data-start=\"128\" data-end=\"152\">Nom de l&rsquo;article&nbsp;:<\/strong> Pointe de Quartz Rose<\/p>\n<p data-start=\"175\" data-end=\"201\"><strong data-start=\"175\" data-end=\"201\">Description \u00e9sot\u00e9rique :<\/strong><\/p>\n<p data-start=\"203\" data-end=\"553\">Le <strong data-start=\"206\" data-end=\"221\">Quartz Rose<\/strong> est la pierre de l&rsquo;<strong data-start=\"239\" data-end=\"297\">amour inconditionnel, de la tendresse et de la gu\u00e9rison \u00e9motionnelle<\/strong>. Il est \u00e9troitement li\u00e9 au chakra du c\u0153ur et est utilis\u00e9 pour attirer l&rsquo;amour de soi, renforcer les relations affectives et lib\u00e9rer les blessures du pass\u00e9. Son \u00e9nergie douce et harmonieuse dissout les blocages \u00e9motionnels et favorise une profonde paix int\u00e9rieure.  <\/p>\n<p data-start=\"555\" data-end=\"727\">La forme en pointe du quartz rose amplifie et dirige cette \u00e9nergie amoureuse, ce qui le rend id\u00e9al pour les pratiques de m\u00e9ditation, les autels d&rsquo;intention et les th\u00e9rapies de gu\u00e9rison \u00e9motionnelle.<\/p>\n<hr data-start=\"729\" data-end=\"732\">\n<h3 data-start=\"734\" data-end=\"774\"><strong data-start=\"741\" data-end=\"774\">Propri\u00e9t\u00e9s \u00e9sot\u00e9riques cl\u00e9s :<\/strong><\/h3>\n<ul data-start=\"776\" data-end=\"1046\">\n<li data-start=\"776\" data-end=\"825\">\n<p data-start=\"778\" data-end=\"825\"><strong data-start=\"778\" data-end=\"823\">Ouvre, \u00e9quilibre et gu\u00e9rit le chakra du c\u0153ur.<\/strong><\/p>\n<\/li>\n<li data-start=\"826\" data-end=\"883\">\n<p data-start=\"828\" data-end=\"883\"><strong data-start=\"828\" data-end=\"881\">Encourage l&rsquo;amour de soi, la compassion et le pardon.<\/strong><\/p>\n<\/li>\n<li data-start=\"884\" data-end=\"928\">\n<p data-start=\"886\" data-end=\"928\"><strong data-start=\"886\" data-end=\"926\">Attire des relations saines et harmonieuses.<\/strong><\/p>\n<\/li>\n<li data-start=\"929\" data-end=\"994\">\n<p data-start=\"931\" data-end=\"994\"><strong data-start=\"931\" data-end=\"992\">Calme les \u00e9motions intenses comme la tristesse, l&rsquo;anxi\u00e9t\u00e9 ou la col\u00e8re.<\/strong><\/p>\n<\/li>\n<li data-start=\"995\" data-end=\"1046\">\n<p data-start=\"997\" data-end=\"1046\"><strong data-start=\"997\" data-end=\"1046\">Aide \u00e0 lib\u00e9rer les anciens traumatismes \u00e9motionnels.<\/strong><\/p>\n<\/li>\n<\/ul>\n<hr data-start=\"1048\" data-end=\"1051\">\n<h3 data-start=\"1053\" data-end=\"1081\"><strong data-start=\"1059\" data-end=\"1081\">Usages recommand\u00e9s :<\/strong><\/h3>\n<ol data-start=\"1083\" data-end=\"1404\">\n<li data-start=\"1083\" data-end=\"1153\">\n<p data-start=\"1086\" data-end=\"1153\"><strong data-start=\"1086\" data-end=\"1151\">M\u00e9ditations pour gu\u00e9rir le c\u0153ur et cultiver l&rsquo;amour de soi.<\/strong><\/p>\n<\/li>\n<li data-start=\"1154\" data-end=\"1224\">\n<p data-start=\"1157\" data-end=\"1224\"><strong data-start=\"1157\" data-end=\"1222\">Placer sous l&rsquo;oreiller pour un repos \u00e9motionnel profond.<\/strong><\/p>\n<\/li>\n<li data-start=\"1225\" data-end=\"1275\">\n<p data-start=\"1228\" data-end=\"1275\"><strong data-start=\"1228\" data-end=\"1273\">Rituels d&rsquo;attraction amoureuse et de gratitude.<\/strong><\/p>\n<\/li>\n<li data-start=\"1276\" data-end=\"1341\">\n<p data-start=\"1279\" data-end=\"1341\"><strong data-start=\"1279\" data-end=\"1339\">Th\u00e9rapies \u00e9nerg\u00e9tiques ax\u00e9es sur la gu\u00e9rison \u00e9motionnelle.<\/strong><\/p>\n<\/li>\n<li data-start=\"1342\" data-end=\"1404\">\n<p data-start=\"1345\" data-end=\"1404\"><strong data-start=\"1345\" data-end=\"1404\">\u00c9l\u00e9ment harmonisant dans les chambres et les espaces intimes.<\/strong><\/p>\n<\/li>\n<\/ol>\n","protected":false},"excerpt":{"rendered":"<h3 data-start=\"71\" data-end=\"126\"><strong data-start=\"78\" data-end=\"126\">Pointe de Quartz Rose<\/strong><\/h3>\n<pre data-start=\"107\" data-end=\"168\">Taille 7,5 cm<\/pre>\n","protected":false},"featured_media":23680,"comment_status":"open","ping_status":"closed","template":"","meta":[],"product_brand":[],"product_cat":[109,232],"product_tag":[],"class_list":{"0":"post-25632","1":"product","2":"type-product","3":"status-publish","4":"has-post-thumbnail","6":"product_cat-mineraux","7":"product_cat-pointes","9":"first","10":"instock","11":"shipping-taxable","12":"purchasable","13":"product-type-simple"},"_links":{"self":[{"href":"https:\/\/mystikus.dsignpoint.com\/fr\/wp-json\/wp\/v2\/product\/25632","targetHints":{"allow":["GET"]}}],"collection":[{"href":"https:\/\/mystikus.dsignpoint.com\/fr\/wp-json\/wp\/v2\/product"}],"about":[{"href":"https:\/\/mystikus.dsignpoint.com\/fr\/wp-json\/wp\/v2\/types\/product"}],"replies":[{"embeddable":true,"href":"https:\/\/mystikus.dsignpoint.com\/fr\/wp-json\/wp\/v2\/comments?post=25632"}],"wp:featuredmedia":[{"embeddable":true,"href":"https:\/\/mystikus.dsignpoint.com\/fr\/wp-json\/wp\/v2\/media\/23680"}],"wp:attachment":[{"href":"https:\/\/mystikus.dsignpoint.com\/fr\/wp-json\/wp\/v2\/media?parent=25632"}],"wp:term":[{"taxonomy":"product_brand","embeddable":true,"href":"https:\/\/mystikus.dsignpoint.com\/fr\/wp-json\/wp\/v2\/product_brand?post=25632"},{"taxonomy":"product_cat","embeddable":true,"href":"https:\/\/mystikus.dsignpoint.com\/fr\/wp-json\/wp\/v2\/product_cat?post=25632"},{"taxonomy":"product_tag","embeddable":true,"href":"https:\/\/mystikus.dsignpoint.com\/fr\/wp-json\/wp\/v2\/product_tag?post=25632"}],"curies":[{"name":"wp","href":"https:\/\/api.w.org\/{rel}","templated":true}]}}