{"id":25647,"date":"2025-06-27T17:32:32","date_gmt":"2025-06-27T15:32:32","guid":{"rendered":"https:\/\/mystikus.dsignpoint.com\/producto\/pointe-de-quartz-cristal\/"},"modified":"2025-06-27T17:32:32","modified_gmt":"2025-06-27T15:32:32","slug":"pointe-de-quartz-cristal","status":"publish","type":"product","link":"https:\/\/mystikus.dsignpoint.com\/fr\/producto\/pointe-de-quartz-cristal\/","title":{"rendered":"Pointe de Quartz Cristal"},"content":{"rendered":"<h3 data-start=\"138\" data-end=\"200\"><strong data-start=\"144\" data-end=\"200\">Description \u00e9sot\u00e9rique \u2013 Pointe de Quartz Cristal<\/strong><\/h3>\n<p data-start=\"202\" data-end=\"255\"><strong data-start=\"202\" data-end=\"226\">Nom de l&rsquo;article :<\/strong> Pointe de Quartz Cristal<\/p>\n<p data-start=\"257\" data-end=\"283\"><strong data-start=\"257\" data-end=\"283\">Description \u00e9sot\u00e9rique :<\/strong><\/p>\n<p data-start=\"285\" data-end=\"600\">Le <strong data-start=\"288\" data-end=\"311\">Quartz Cristal<\/strong> est consid\u00e9r\u00e9 comme le <strong data-start=\"330\" data-end=\"351\">\u00ab ma\u00eetre gu\u00e9risseur \u00bb<\/strong> parmi les cristaux. C&rsquo;est l&rsquo;une des pierres les plus puissantes pour amplifier l&rsquo;\u00e9nergie, l&rsquo;intention et la connexion spirituelle. Sa puret\u00e9 et sa clart\u00e9 symbolisent la lumi\u00e8re, la conscience et la v\u00e9rit\u00e9 int\u00e9rieure, \u00e9tant un canal direct vers les plans sup\u00e9rieurs.  <\/p>\n<p data-start=\"602\" data-end=\"768\">La forme de pointe renforce sa capacit\u00e9 \u00e0 diriger l&rsquo;\u00e9nergie, ce qui la rend id\u00e9ale pour la m\u00e9ditation, le nettoyage \u00e9nerg\u00e9tique, la reprogrammation mentale et le travail spirituel profond.<\/p>\n<hr data-start=\"770\" data-end=\"773\">\n<h3 data-start=\"775\" data-end=\"815\"><strong data-start=\"782\" data-end=\"815\">Propri\u00e9t\u00e9s \u00e9sot\u00e9riques cl\u00e9s :<\/strong><\/h3>\n<ul data-start=\"817\" data-end=\"1148\">\n<li data-start=\"817\" data-end=\"882\">\n<p data-start=\"819\" data-end=\"882\"><strong data-start=\"819\" data-end=\"880\">Active tous les chakras, en particulier le chakra couronne.<\/strong><\/p>\n<\/li>\n<li data-start=\"883\" data-end=\"950\">\n<p data-start=\"885\" data-end=\"950\"><strong data-start=\"885\" data-end=\"948\">Amplifie l&rsquo;\u00e9nergie d&rsquo;autres pierres et de vos intentions.<\/strong><\/p>\n<\/li>\n<li data-start=\"951\" data-end=\"1009\">\n<p data-start=\"953\" data-end=\"1009\"><strong data-start=\"953\" data-end=\"1007\">Purifie l&rsquo;aura et prot\u00e8ge contre les \u00e9nergies denses.<\/strong><\/p>\n<\/li>\n<li data-start=\"1010\" data-end=\"1088\">\n<p data-start=\"1012\" data-end=\"1088\"><strong data-start=\"1012\" data-end=\"1086\">Favorise la clart\u00e9 mentale, la concentration et la sagesse int\u00e9rieure.<\/strong><\/p>\n<\/li>\n<li data-start=\"1089\" data-end=\"1148\">\n<p data-start=\"1091\" data-end=\"1148\"><strong data-start=\"1091\" data-end=\"1148\">Sert de pont entre le plan physique et spirituel.<\/strong><\/p>\n<\/li>\n<\/ul>\n<hr data-start=\"1150\" data-end=\"1153\">\n<h3 data-start=\"1155\" data-end=\"1184\"><strong data-start=\"1162\" data-end=\"1184\">Usages recommand\u00e9s :<\/strong><\/h3>\n<ol data-start=\"1186\" data-end=\"1528\">\n<li data-start=\"1186\" data-end=\"1261\">\n<p data-start=\"1189\" data-end=\"1261\"><strong data-start=\"1189\" data-end=\"1259\">M\u00e9ditations pour \u00e9lever la vibration et se connecter \u00e0 l&rsquo;intuition.<\/strong><\/p>\n<\/li>\n<li data-start=\"1262\" data-end=\"1313\">\n<p data-start=\"1265\" data-end=\"1313\"><strong data-start=\"1265\" data-end=\"1311\">Rituels de nettoyage et de recharge \u00e9nerg\u00e9tique.<\/strong><\/p>\n<\/li>\n<li data-start=\"1314\" data-end=\"1391\">\n<p data-start=\"1317\" data-end=\"1391\"><strong data-start=\"1317\" data-end=\"1389\">\u00c0 placer sur des autels ou dans des espaces sacr\u00e9s comme amplificateur \u00e9nerg\u00e9tique.<\/strong><\/p>\n<\/li>\n<li data-start=\"1392\" data-end=\"1448\">\n<p data-start=\"1395\" data-end=\"1448\"><strong data-start=\"1395\" data-end=\"1446\">Utilisation lors de s\u00e9ances de Reiki ou de th\u00e9rapies holistiques.<\/strong><\/p>\n<\/li>\n<li data-start=\"1449\" data-end=\"1528\">\n<p data-start=\"1452\" data-end=\"1528\"><strong data-start=\"1452\" data-end=\"1528\">Id\u00e9al pour accompagner les d\u00e9crets, les affirmations ou la programmation de cristaux.<\/strong><\/p>\n<\/li>\n<\/ol>\n","protected":false},"excerpt":{"rendered":"<h3 data-start=\"72\" data-end=\"128\">Pointe de Quartz Cristal<\/h3>\n<pre data-start=\"107\" data-end=\"168\">Choisissez la taille<\/pre>\n","protected":false},"featured_media":23678,"comment_status":"open","ping_status":"closed","template":"","meta":[],"product_brand":[],"product_cat":[109,232],"product_tag":[],"class_list":{"0":"post-25647","1":"product","2":"type-product","3":"status-publish","4":"has-post-thumbnail","6":"product_cat-mineraux","7":"product_cat-pointes","9":"first","10":"instock","11":"shipping-taxable","12":"purchasable","13":"product-type-variable"},"_links":{"self":[{"href":"https:\/\/mystikus.dsignpoint.com\/fr\/wp-json\/wp\/v2\/product\/25647","targetHints":{"allow":["GET"]}}],"collection":[{"href":"https:\/\/mystikus.dsignpoint.com\/fr\/wp-json\/wp\/v2\/product"}],"about":[{"href":"https:\/\/mystikus.dsignpoint.com\/fr\/wp-json\/wp\/v2\/types\/product"}],"replies":[{"embeddable":true,"href":"https:\/\/mystikus.dsignpoint.com\/fr\/wp-json\/wp\/v2\/comments?post=25647"}],"wp:featuredmedia":[{"embeddable":true,"href":"https:\/\/mystikus.dsignpoint.com\/fr\/wp-json\/wp\/v2\/media\/23678"}],"wp:attachment":[{"href":"https:\/\/mystikus.dsignpoint.com\/fr\/wp-json\/wp\/v2\/media?parent=25647"}],"wp:term":[{"taxonomy":"product_brand","embeddable":true,"href":"https:\/\/mystikus.dsignpoint.com\/fr\/wp-json\/wp\/v2\/product_brand?post=25647"},{"taxonomy":"product_cat","embeddable":true,"href":"https:\/\/mystikus.dsignpoint.com\/fr\/wp-json\/wp\/v2\/product_cat?post=25647"},{"taxonomy":"product_tag","embeddable":true,"href":"https:\/\/mystikus.dsignpoint.com\/fr\/wp-json\/wp\/v2\/product_tag?post=25647"}],"curies":[{"name":"wp","href":"https:\/\/api.w.org\/{rel}","templated":true}]}}