{"id":25654,"date":"2025-06-27T17:17:00","date_gmt":"2025-06-27T15:17:00","guid":{"rendered":"https:\/\/mystikus.dsignpoint.com\/producto\/pointe-de-sodalite\/"},"modified":"2025-06-27T17:17:00","modified_gmt":"2025-06-27T15:17:00","slug":"pointe-de-sodalite","status":"publish","type":"product","link":"https:\/\/mystikus.dsignpoint.com\/fr\/producto\/pointe-de-sodalite\/","title":{"rendered":"Pointe de Sodalite"},"content":{"rendered":"<h3 data-start=\"68\" data-end=\"120\"><strong data-start=\"75\" data-end=\"120\">Description \u00e9sot\u00e9rique \u2013 Pointe de Sodalite<\/strong><\/h3>\n<p data-start=\"122\" data-end=\"164\"><strong data-start=\"122\" data-end=\"146\">Nom de l&rsquo;article :<\/strong> Pointe de Sodalite<\/p>\n<p data-start=\"166\" data-end=\"192\"><strong data-start=\"166\" data-end=\"192\">Description \u00e9sot\u00e9rique :<\/strong><\/p>\n<p data-start=\"194\" data-end=\"536\">La <strong data-start=\"197\" data-end=\"209\">Sodalite<\/strong> est une pierre profond\u00e9ment associ\u00e9e \u00e0 la <strong data-start=\"254\" data-end=\"305\">sagesse, \u00e0 l&rsquo;intuition et \u00e0 la communication claire<\/strong>. Son \u00e9nergie active le chakra du troisi\u00e8me \u0153il, aidant \u00e0 \u00e9largir la perception int\u00e9rieure, \u00e0 renforcer l&rsquo;esprit rationnel et \u00e0 ouvrir l&rsquo;intuition spirituelle. Elle harmonise \u00e9galement le chakra de la gorge, favorisant l&rsquo;expression authentique.  <\/p>\n<p data-start=\"538\" data-end=\"734\">Cette pointe de sodalite agit comme un canalisateur de clart\u00e9 mentale et d&rsquo;\u00e9quilibre \u00e9motionnel, id\u00e9ale pour ceux qui cherchent \u00e0 calmer les pens\u00e9es chaotiques et \u00e0 am\u00e9liorer leur capacit\u00e9 d&rsquo;analyse et de compr\u00e9hension.<\/p>\n<hr data-start=\"736\" data-end=\"739\">\n<h3 data-start=\"741\" data-end=\"781\"><strong data-start=\"748\" data-end=\"781\">Propri\u00e9t\u00e9s \u00e9sot\u00e9riques cl\u00e9s :<\/strong><\/h3>\n<ul data-start=\"783\" data-end=\"1012\">\n<li data-start=\"783\" data-end=\"834\">\n<p data-start=\"785\" data-end=\"834\"><strong data-start=\"785\" data-end=\"832\">Stimule l&rsquo;intuition et la vision int\u00e9rieure.<\/strong><\/p>\n<\/li>\n<li data-start=\"835\" data-end=\"885\">\n<p data-start=\"837\" data-end=\"885\"><strong data-start=\"837\" data-end=\"883\">Favorise une communication honn\u00eate et fluide.<\/strong><\/p>\n<\/li>\n<li data-start=\"886\" data-end=\"932\">\n<p data-start=\"888\" data-end=\"932\"><strong data-start=\"888\" data-end=\"930\">Soulage l&rsquo;anxi\u00e9t\u00e9 et le stress mental.<\/strong><\/p>\n<\/li>\n<li data-start=\"933\" data-end=\"978\">\n<p data-start=\"935\" data-end=\"978\"><strong data-start=\"935\" data-end=\"976\">Encourage la confiance en soi et la logique.<\/strong><\/p>\n<\/li>\n<li data-start=\"979\" data-end=\"1012\">\n<p data-start=\"981\" data-end=\"1012\"><strong data-start=\"981\" data-end=\"1012\">Harmonise l&rsquo;esprit et les \u00e9motions.<\/strong><\/p>\n<\/li>\n<\/ul>\n<hr data-start=\"1014\" data-end=\"1017\">\n<h3 data-start=\"1019\" data-end=\"1047\"><strong data-start=\"1025\" data-end=\"1047\">Usages recommand\u00e9s :<\/strong><\/h3>\n<ol data-start=\"1049\" data-end=\"1363\">\n<li data-start=\"1049\" data-end=\"1098\">\n<p data-start=\"1052\" data-end=\"1098\"><strong data-start=\"1052\" data-end=\"1096\">M\u00e9ditations pour activer le troisi\u00e8me \u0153il.<\/strong><\/p>\n<\/li>\n<li data-start=\"1099\" data-end=\"1150\">\n<p data-start=\"1102\" data-end=\"1150\"><strong data-start=\"1102\" data-end=\"1148\">Th\u00e9rapies d&rsquo;\u00e9quilibre \u00e9motionnel et mental.<\/strong><\/p>\n<\/li>\n<li data-start=\"1151\" data-end=\"1223\">\n<p data-start=\"1154\" data-end=\"1223\"><strong data-start=\"1154\" data-end=\"1221\">Placer sur les bureaux ou les lieux d&rsquo;\u00e9tude pour la concentration.<\/strong><\/p>\n<\/li>\n<li data-start=\"1224\" data-end=\"1289\">\n<p data-start=\"1227\" data-end=\"1289\"><strong data-start=\"1227\" data-end=\"1287\">Rituels de clart\u00e9, de communication ou de prise de d\u00e9cisions.<\/strong><\/p>\n<\/li>\n<li data-start=\"1290\" data-end=\"1363\">\n<p data-start=\"1293\" data-end=\"1363\"><strong data-start=\"1293\" data-end=\"1363\">Porter pendant les examens ou les entretiens pour renforcer l&rsquo;expression.<\/strong><\/p>\n<\/li>\n<\/ol>\n","protected":false},"excerpt":{"rendered":"<h3 data-start=\"271\" data-end=\"331\">Pointe de Sodalite<\/h3>\n<pre data-start=\"107\" data-end=\"168\">Choisissez la taille<\/pre>\n","protected":false},"featured_media":23674,"comment_status":"open","ping_status":"closed","template":"","meta":[],"product_brand":[],"product_cat":[109,232],"product_tag":[],"class_list":{"0":"post-25654","1":"product","2":"type-product","3":"status-publish","4":"has-post-thumbnail","6":"product_cat-mineraux","7":"product_cat-pointes","9":"first","10":"instock","11":"shipping-taxable","12":"purchasable","13":"product-type-variable"},"_links":{"self":[{"href":"https:\/\/mystikus.dsignpoint.com\/fr\/wp-json\/wp\/v2\/product\/25654","targetHints":{"allow":["GET"]}}],"collection":[{"href":"https:\/\/mystikus.dsignpoint.com\/fr\/wp-json\/wp\/v2\/product"}],"about":[{"href":"https:\/\/mystikus.dsignpoint.com\/fr\/wp-json\/wp\/v2\/types\/product"}],"replies":[{"embeddable":true,"href":"https:\/\/mystikus.dsignpoint.com\/fr\/wp-json\/wp\/v2\/comments?post=25654"}],"wp:featuredmedia":[{"embeddable":true,"href":"https:\/\/mystikus.dsignpoint.com\/fr\/wp-json\/wp\/v2\/media\/23674"}],"wp:attachment":[{"href":"https:\/\/mystikus.dsignpoint.com\/fr\/wp-json\/wp\/v2\/media?parent=25654"}],"wp:term":[{"taxonomy":"product_brand","embeddable":true,"href":"https:\/\/mystikus.dsignpoint.com\/fr\/wp-json\/wp\/v2\/product_brand?post=25654"},{"taxonomy":"product_cat","embeddable":true,"href":"https:\/\/mystikus.dsignpoint.com\/fr\/wp-json\/wp\/v2\/product_cat?post=25654"},{"taxonomy":"product_tag","embeddable":true,"href":"https:\/\/mystikus.dsignpoint.com\/fr\/wp-json\/wp\/v2\/product_tag?post=25654"}],"curies":[{"name":"wp","href":"https:\/\/api.w.org\/{rel}","templated":true}]}}