{"id":25676,"date":"2025-06-27T17:09:49","date_gmt":"2025-06-27T15:09:49","guid":{"rendered":"https:\/\/mystikus.dsignpoint.com\/producto\/pointe-damethyste-chevron\/"},"modified":"2025-06-27T17:09:49","modified_gmt":"2025-06-27T15:09:49","slug":"pointe-damethyste-chevron","status":"publish","type":"product","link":"https:\/\/mystikus.dsignpoint.com\/fr\/producto\/pointe-damethyste-chevron\/","title":{"rendered":"Pointe d&rsquo;Am\u00e9thyste Chevron"},"content":{"rendered":"<h3 data-start=\"271\" data-end=\"331\"><strong data-start=\"278\" data-end=\"331\">Description \u00e9sot\u00e9rique \u2013 Pointe d&rsquo;Am\u00e9thyste Chevron<\/strong><\/h3>\n<p data-start=\"333\" data-end=\"400\"><strong data-start=\"333\" data-end=\"357\">Nom de l&rsquo;article:<\/strong> Pointe d&rsquo;Am\u00e9thyste Chevron (Quartz Chevron)<\/p>\n<p data-start=\"402\" data-end=\"428\"><strong data-start=\"402\" data-end=\"428\">Description \u00e9sot\u00e9rique :<\/strong><\/p>\n<p data-start=\"430\" data-end=\"792\">L&rsquo;<strong data-start=\"433\" data-end=\"453\">Am\u00e9thyste Chevron<\/strong> est une pierre spirituelle puissante qui combine l&rsquo;intuition de l&rsquo;am\u00e9thyste avec la clart\u00e9 du quartz blanc. Elle est id\u00e9ale pour approfondir la m\u00e9ditation, ouvrir la perception int\u00e9rieure et se connecter aux plans sup\u00e9rieurs de conscience. Sa vibration \u00e9lev\u00e9e aide \u00e0 dissoudre les blocages mentaux et \u00e9motionnels, guidant vers la v\u00e9rit\u00e9 int\u00e9rieure.  <\/p>\n<p data-start=\"794\" data-end=\"975\">Sa forme en pointe dirige l&rsquo;\u00e9nergie vers le haut, facilitant la canalisation de messages spirituels et le d\u00e9veloppement de comp\u00e9tences psychiques comme la clairvoyance ou l&rsquo;intuition.<\/p>\n<hr data-start=\"977\" data-end=\"980\">\n<h3 data-start=\"982\" data-end=\"1021\"><strong data-start=\"988\" data-end=\"1021\">Propri\u00e9t\u00e9s \u00e9sot\u00e9riques cl\u00e9s :<\/strong><\/h3>\n<ul data-start=\"1023\" data-end=\"1324\">\n<li data-start=\"1023\" data-end=\"1073\">\n<p data-start=\"1025\" data-end=\"1073\"><strong data-start=\"1025\" data-end=\"1071\">Stimule le troisi\u00e8me \u0153il et le chakra couronne.<\/strong><\/p>\n<\/li>\n<li data-start=\"1074\" data-end=\"1145\">\n<p data-start=\"1076\" data-end=\"1145\"><strong data-start=\"1076\" data-end=\"1143\">Facilite la croissance spirituelle et la connexion avec le divin.<\/strong><\/p>\n<\/li>\n<li data-start=\"1146\" data-end=\"1213\">\n<p data-start=\"1148\" data-end=\"1213\"><strong data-start=\"1148\" data-end=\"1211\">Potentiel de m\u00e9ditation profonde et de protection \u00e9nerg\u00e9tique.<\/strong><\/p>\n<\/li>\n<li data-start=\"1214\" data-end=\"1271\">\n<p data-start=\"1216\" data-end=\"1271\"><strong data-start=\"1216\" data-end=\"1269\">Aide \u00e0 briser les sch\u00e9mas de pens\u00e9e n\u00e9gatifs.<\/strong><\/p>\n<\/li>\n<li data-start=\"1272\" data-end=\"1324\">\n<p data-start=\"1274\" data-end=\"1324\"><strong data-start=\"1274\" data-end=\"1324\">Favorise la paix, l&rsquo;\u00e9quilibre et la sagesse int\u00e9rieure.<\/strong><\/p>\n<\/li>\n<\/ul>\n<hr data-start=\"1326\" data-end=\"1329\">\n<h3 data-start=\"1331\" data-end=\"1360\"><strong data-start=\"1338\" data-end=\"1360\">Usages recommand\u00e9s :<\/strong><\/h3>\n<ol data-start=\"1362\" data-end=\"1648\">\n<li data-start=\"1362\" data-end=\"1408\">\n<p data-start=\"1365\" data-end=\"1408\"><strong data-start=\"1365\" data-end=\"1406\">M\u00e9ditations pour ouvrir l&rsquo;intuition.<\/strong><\/p>\n<\/li>\n<li data-start=\"1409\" data-end=\"1466\">\n<p data-start=\"1412\" data-end=\"1466\"><strong data-start=\"1412\" data-end=\"1464\">Rituels de nettoyage \u00e9nerg\u00e9tique et de transmutation.<\/strong><\/p>\n<\/li>\n<li data-start=\"1467\" data-end=\"1540\">\n<p data-start=\"1470\" data-end=\"1540\"><strong data-start=\"1470\" data-end=\"1538\">Placer pr\u00e8s du lit pour des r\u00eaves lucides et un repos profond.<\/strong><\/p>\n<\/li>\n<li data-start=\"1541\" data-end=\"1597\">\n<p data-start=\"1544\" data-end=\"1597\"><strong data-start=\"1544\" data-end=\"1595\">Utilisation dans les s\u00e9ances de Reiki et les th\u00e9rapies \u00e9nerg\u00e9tiques.<\/strong><\/p>\n<\/li>\n<li data-start=\"1598\" data-end=\"1648\">\n<p data-start=\"1601\" data-end=\"1648\"><strong data-start=\"1601\" data-end=\"1648\">\u00c9l\u00e9ment protecteur dans les autels spirituels.<\/strong><\/p>\n<\/li>\n<\/ol>\n","protected":false},"excerpt":{"rendered":"<h3 data-start=\"271\" data-end=\"331\"><strong data-start=\"278\" data-end=\"331\">Pointe d&rsquo;Am\u00e9thyste Chevron<\/strong><\/h3>\n<pre data-start=\"107\" data-end=\"168\">Choisissez la taille<\/pre>\n","protected":false},"featured_media":23672,"comment_status":"open","ping_status":"closed","template":"","meta":[],"product_brand":[],"product_cat":[109,232],"product_tag":[],"class_list":{"0":"post-25676","1":"product","2":"type-product","3":"status-publish","4":"has-post-thumbnail","6":"product_cat-mineraux","7":"product_cat-pointes","9":"first","10":"instock","11":"shipping-taxable","12":"purchasable","13":"product-type-variable"},"_links":{"self":[{"href":"https:\/\/mystikus.dsignpoint.com\/fr\/wp-json\/wp\/v2\/product\/25676","targetHints":{"allow":["GET"]}}],"collection":[{"href":"https:\/\/mystikus.dsignpoint.com\/fr\/wp-json\/wp\/v2\/product"}],"about":[{"href":"https:\/\/mystikus.dsignpoint.com\/fr\/wp-json\/wp\/v2\/types\/product"}],"replies":[{"embeddable":true,"href":"https:\/\/mystikus.dsignpoint.com\/fr\/wp-json\/wp\/v2\/comments?post=25676"}],"wp:featuredmedia":[{"embeddable":true,"href":"https:\/\/mystikus.dsignpoint.com\/fr\/wp-json\/wp\/v2\/media\/23672"}],"wp:attachment":[{"href":"https:\/\/mystikus.dsignpoint.com\/fr\/wp-json\/wp\/v2\/media?parent=25676"}],"wp:term":[{"taxonomy":"product_brand","embeddable":true,"href":"https:\/\/mystikus.dsignpoint.com\/fr\/wp-json\/wp\/v2\/product_brand?post=25676"},{"taxonomy":"product_cat","embeddable":true,"href":"https:\/\/mystikus.dsignpoint.com\/fr\/wp-json\/wp\/v2\/product_cat?post=25676"},{"taxonomy":"product_tag","embeddable":true,"href":"https:\/\/mystikus.dsignpoint.com\/fr\/wp-json\/wp\/v2\/product_tag?post=25676"}],"curies":[{"name":"wp","href":"https:\/\/api.w.org\/{rel}","templated":true}]}}