{"id":25681,"date":"2025-06-27T16:29:54","date_gmt":"2025-06-27T14:29:54","guid":{"rendered":"https:\/\/mystikus.dsignpoint.com\/producto\/pointe-de-rubis-avec-zoisite\/"},"modified":"2025-06-27T16:29:54","modified_gmt":"2025-06-27T14:29:54","slug":"pointe-de-rubis-avec-zoisite","status":"publish","type":"product","link":"https:\/\/mystikus.dsignpoint.com\/fr\/producto\/pointe-de-rubis-avec-zoisite\/","title":{"rendered":"Pointe de Rubis avec Zo\u00efsite"},"content":{"rendered":"<h3 data-start=\"255\" data-end=\"317\"><strong data-start=\"264\" data-end=\"317\">Description \u00e9sot\u00e9rique \u2013 Pointe de Zo\u00efsite avec Rubis<\/strong><\/h3>\n<p data-start=\"319\" data-end=\"380\"><strong data-start=\"319\" data-end=\"343\">Nom de l&rsquo;article :<\/strong> Pointe de Zo\u00efsite avec Rubis (Anyolite)<\/p>\n<p data-start=\"382\" data-end=\"408\"><strong data-start=\"382\" data-end=\"408\">Description \u00e9sot\u00e9rique :<\/strong><\/p>\n<p data-start=\"410\" data-end=\"675\">La <strong data-start=\"413\" data-end=\"433\">Zo\u00efsite avec Rubis<\/strong> est une pierre de transformation, de passion et de gu\u00e9rison du c\u0153ur. Cette combinaison unique unit l&rsquo;\u00e9nergie vitale du rubis au calme et \u00e0 la r\u00e9g\u00e9n\u00e9ration de la zo\u00efsite, cr\u00e9ant un \u00e9quilibre parfait entre l&rsquo;enthousiasme et la stabilit\u00e9 \u00e9motionnelle. <\/p>\n<p data-start=\"677\" data-end=\"924\">Elle est consid\u00e9r\u00e9e comme une pierre de <strong data-start=\"704\" data-end=\"730\">renaissance \u00e9motionnelle<\/strong>, qui aide \u00e0 lib\u00e9rer de vieilles blessures, \u00e0 activer la joie de vivre et \u00e0 se reconnecter avec le but de l&rsquo;\u00e2me. Sa forme en pointe renforce la direction de ces \u00e9nergies vers vos objectifs les plus profonds. <\/p>\n<hr data-start=\"926\" data-end=\"929\">\n<h3 data-start=\"931\" data-end=\"971\"><strong data-start=\"938\" data-end=\"971\">Propri\u00e9t\u00e9s \u00e9sot\u00e9riques cl\u00e9s :<\/strong><\/h3>\n<ul data-start=\"973\" data-end=\"1258\">\n<li data-start=\"973\" data-end=\"1023\">\n<p data-start=\"975\" data-end=\"1023\"><strong data-start=\"975\" data-end=\"1021\">Active le chakra du c\u0153ur et le chakra racine.<\/strong><\/p>\n<\/li>\n<li data-start=\"1024\" data-end=\"1076\">\n<p data-start=\"1026\" data-end=\"1076\"><strong data-start=\"1026\" data-end=\"1074\">Stimule la passion avec conscience et contr\u00f4le.<\/strong><\/p>\n<\/li>\n<li data-start=\"1077\" data-end=\"1131\">\n<p data-start=\"1079\" data-end=\"1131\"><strong data-start=\"1079\" data-end=\"1129\">Aide \u00e0 lib\u00e9rer les blocages \u00e9motionnels anciens.<\/strong><\/p>\n<\/li>\n<li data-start=\"1132\" data-end=\"1196\">\n<p data-start=\"1134\" data-end=\"1196\"><strong data-start=\"1134\" data-end=\"1194\">Favorise la cr\u00e9ativit\u00e9, la motivation et la joie authentique.<\/strong><\/p>\n<\/li>\n<li data-start=\"1197\" data-end=\"1258\">\n<p data-start=\"1199\" data-end=\"1258\"><strong data-start=\"1199\" data-end=\"1258\">Connecte l&rsquo;amour spirituel \u00e0 l&rsquo;action dans la mati\u00e8re.<\/strong><\/p>\n<\/li>\n<\/ul>\n<hr data-start=\"1260\" data-end=\"1263\">\n<h3 data-start=\"1265\" data-end=\"1294\"><strong data-start=\"1272\" data-end=\"1294\">Usages recommand\u00e9s :<\/strong><\/h3>\n<ol data-start=\"1296\" data-end=\"1567\">\n<li data-start=\"1296\" data-end=\"1348\">\n<p data-start=\"1299\" data-end=\"1348\"><strong data-start=\"1299\" data-end=\"1346\">M\u00e9ditations pour gu\u00e9rir les relations pass\u00e9es.<\/strong><\/p>\n<\/li>\n<li data-start=\"1349\" data-end=\"1411\">\n<p data-start=\"1352\" data-end=\"1411\"><strong data-start=\"1352\" data-end=\"1409\">Rituels d&rsquo;amour propre et de manifestation de but.<\/strong><\/p>\n<\/li>\n<li data-start=\"1412\" data-end=\"1471\">\n<p data-start=\"1415\" data-end=\"1471\"><strong data-start=\"1415\" data-end=\"1469\">Placer sur le c\u0153ur pour harmoniser les \u00e9motions.<\/strong><\/p>\n<\/li>\n<li data-start=\"1472\" data-end=\"1515\">\n<p data-start=\"1475\" data-end=\"1515\"><strong data-start=\"1475\" data-end=\"1513\">Th\u00e9rapies de d\u00e9blocage \u00e9nerg\u00e9tique.<\/strong><\/p>\n<\/li>\n<li data-start=\"1516\" data-end=\"1567\">\n<p data-start=\"1519\" data-end=\"1567\"><strong data-start=\"1519\" data-end=\"1567\">D\u00e9coration \u00e9nerg\u00e9tique dans les espaces cr\u00e9atifs.<\/strong><\/p>\n<\/li>\n<\/ol>\n","protected":false},"excerpt":{"rendered":"<pre data-start=\"107\" data-end=\"168\">Pointe de Rubis avec Zo\u00efsite<\/pre>\n<p>Taille 9 cm<\/p>\n","protected":false},"featured_media":23668,"comment_status":"open","ping_status":"closed","template":"","meta":[],"product_brand":[],"product_cat":[109,232],"product_tag":[],"class_list":{"0":"post-25681","1":"product","2":"type-product","3":"status-publish","4":"has-post-thumbnail","6":"product_cat-mineraux","7":"product_cat-pointes","9":"first","10":"instock","11":"shipping-taxable","12":"purchasable","13":"product-type-simple"},"_links":{"self":[{"href":"https:\/\/mystikus.dsignpoint.com\/fr\/wp-json\/wp\/v2\/product\/25681","targetHints":{"allow":["GET"]}}],"collection":[{"href":"https:\/\/mystikus.dsignpoint.com\/fr\/wp-json\/wp\/v2\/product"}],"about":[{"href":"https:\/\/mystikus.dsignpoint.com\/fr\/wp-json\/wp\/v2\/types\/product"}],"replies":[{"embeddable":true,"href":"https:\/\/mystikus.dsignpoint.com\/fr\/wp-json\/wp\/v2\/comments?post=25681"}],"wp:featuredmedia":[{"embeddable":true,"href":"https:\/\/mystikus.dsignpoint.com\/fr\/wp-json\/wp\/v2\/media\/23668"}],"wp:attachment":[{"href":"https:\/\/mystikus.dsignpoint.com\/fr\/wp-json\/wp\/v2\/media?parent=25681"}],"wp:term":[{"taxonomy":"product_brand","embeddable":true,"href":"https:\/\/mystikus.dsignpoint.com\/fr\/wp-json\/wp\/v2\/product_brand?post=25681"},{"taxonomy":"product_cat","embeddable":true,"href":"https:\/\/mystikus.dsignpoint.com\/fr\/wp-json\/wp\/v2\/product_cat?post=25681"},{"taxonomy":"product_tag","embeddable":true,"href":"https:\/\/mystikus.dsignpoint.com\/fr\/wp-json\/wp\/v2\/product_tag?post=25681"}],"curies":[{"name":"wp","href":"https:\/\/api.w.org\/{rel}","templated":true}]}}