{"id":25693,"date":"2025-06-27T17:01:47","date_gmt":"2025-06-27T15:01:47","guid":{"rendered":"https:\/\/mystikus.dsignpoint.com\/producto\/pointe-daventurine-verte\/"},"modified":"2025-06-27T17:01:47","modified_gmt":"2025-06-27T15:01:47","slug":"pointe-daventurine-verte","status":"publish","type":"product","link":"https:\/\/mystikus.dsignpoint.com\/fr\/producto\/pointe-daventurine-verte\/","title":{"rendered":"Pointe d&rsquo;Aventurine Verte"},"content":{"rendered":"<h3 data-start=\"76\" data-end=\"136\"><strong data-start=\"83\" data-end=\"136\">Description \u00e9sot\u00e9rique \u2013 Pointe d&rsquo;Aventurine Verte<\/strong><\/h3>\n<p data-start=\"138\" data-end=\"188\"><strong data-start=\"138\" data-end=\"162\">Nom de l&rsquo;article :<\/strong> Pointe d&rsquo;Aventurine Verte<\/p>\n<p data-start=\"190\" data-end=\"216\"><strong data-start=\"190\" data-end=\"216\">Description \u00e9sot\u00e9rique :<\/strong><\/p>\n<p data-start=\"218\" data-end=\"531\">L&rsquo;<strong data-start=\"221\" data-end=\"241\">Aventurine Verte<\/strong> est connue comme la <strong data-start=\"262\" data-end=\"325\">pierre de la chance, de la prosp\u00e9rit\u00e9 et de la gu\u00e9rison \u00e9motionnelle<\/strong>. C&rsquo;est l&rsquo;une des gemmes les plus utilis\u00e9es pour attirer de nouvelles opportunit\u00e9s, l&rsquo;abondance et le bien-\u00eatre g\u00e9n\u00e9ral. Associ\u00e9e au chakra du c\u0153ur, elle aide \u00e0 lib\u00e9rer les blocages \u00e9motionnels et favorise l&rsquo;harmonie int\u00e9rieure.  <\/p>\n<p data-start=\"533\" data-end=\"754\">Cette pointe concentre l&rsquo;\u00e9nergie de gu\u00e9rison de l&rsquo;aventurine, la projetant vers vos objectifs, ce qui la rend id\u00e9ale pour les rituels de manifestation, les pratiques spirituelles ou simplement pour \u00e9quilibrer l&rsquo;\u00e9nergie de l&rsquo;environnement.<\/p>\n<hr data-start=\"756\" data-end=\"759\">\n<h3 data-start=\"761\" data-end=\"801\"><strong data-start=\"768\" data-end=\"801\">Propri\u00e9t\u00e9s \u00e9sot\u00e9riques cl\u00e9s :<\/strong><\/h3>\n<ul data-start=\"803\" data-end=\"1098\">\n<li data-start=\"803\" data-end=\"852\">\n<p data-start=\"805\" data-end=\"852\"><strong data-start=\"805\" data-end=\"850\">Attire la prosp\u00e9rit\u00e9, le succ\u00e8s et les opportunit\u00e9s.<\/strong><\/p>\n<\/li>\n<li data-start=\"853\" data-end=\"915\">\n<p data-start=\"855\" data-end=\"915\"><strong data-start=\"855\" data-end=\"913\">Renforce le chakra du c\u0153ur, favorisant la compassion.<\/strong><\/p>\n<\/li>\n<li data-start=\"916\" data-end=\"977\">\n<p data-start=\"918\" data-end=\"977\"><strong data-start=\"918\" data-end=\"975\">Soulage le stress, l&rsquo;anxi\u00e9t\u00e9 et la tension \u00e9motionnelle.<\/strong><\/p>\n<\/li>\n<li data-start=\"978\" data-end=\"1041\">\n<p data-start=\"980\" data-end=\"1041\"><strong data-start=\"980\" data-end=\"1039\">Encourage la prise de d\u00e9cisions avec clart\u00e9 et confiance.<\/strong><\/p>\n<\/li>\n<li data-start=\"1042\" data-end=\"1098\">\n<p data-start=\"1044\" data-end=\"1098\"><strong data-start=\"1044\" data-end=\"1098\">Aide dans les processus de gu\u00e9rison physique et \u00e9nerg\u00e9tique.<\/strong><\/p>\n<\/li>\n<\/ul>\n<hr data-start=\"1100\" data-end=\"1103\">\n<h3 data-start=\"1105\" data-end=\"1133\"><strong data-start=\"1111\" data-end=\"1133\">Usages recommand\u00e9s :<\/strong><\/h3>\n<ol data-start=\"1135\" data-end=\"1445\">\n<li data-start=\"1135\" data-end=\"1192\">\n<p data-start=\"1138\" data-end=\"1192\"><strong data-start=\"1138\" data-end=\"1190\">M\u00e9ditations d&rsquo;ouverture du c\u0153ur et de gratitude.<\/strong><\/p>\n<\/li>\n<li data-start=\"1193\" data-end=\"1250\">\n<p data-start=\"1196\" data-end=\"1250\"><strong data-start=\"1196\" data-end=\"1248\">Rituels d&rsquo;abondance et de manifestation d&rsquo;objectifs.<\/strong><\/p>\n<\/li>\n<li data-start=\"1251\" data-end=\"1321\">\n<p data-start=\"1254\" data-end=\"1321\"><strong data-start=\"1254\" data-end=\"1319\">\u00c0 placer dans les espaces de travail pour attirer le succ\u00e8s professionnel.<\/strong><\/p>\n<\/li>\n<li data-start=\"1322\" data-end=\"1387\">\n<p data-start=\"1325\" data-end=\"1387\"><strong data-start=\"1325\" data-end=\"1385\">Utilisation comme amulette de bonne chance et de protection \u00e9motionnelle.<\/strong><\/p>\n<\/li>\n<li data-start=\"1388\" data-end=\"1445\">\n<p data-start=\"1391\" data-end=\"1445\"><strong data-start=\"1391\" data-end=\"1445\">Id\u00e9al pour les cadeaux charg\u00e9s d&rsquo;intention positive.<\/strong><\/p>\n<\/li>\n<\/ol>\n","protected":false},"excerpt":{"rendered":"<pre data-start=\"107\" data-end=\"168\">Pointe d'Aventurine Verte<\/pre>\n<pre data-start=\"107\" data-end=\"168\">Taille 7,5 cm<\/pre>\n","protected":false},"featured_media":23670,"comment_status":"open","ping_status":"closed","template":"","meta":[],"product_brand":[],"product_cat":[109,232],"product_tag":[],"class_list":{"0":"post-25693","1":"product","2":"type-product","3":"status-publish","4":"has-post-thumbnail","6":"product_cat-mineraux","7":"product_cat-pointes","9":"first","10":"instock","11":"shipping-taxable","12":"purchasable","13":"product-type-simple"},"_links":{"self":[{"href":"https:\/\/mystikus.dsignpoint.com\/fr\/wp-json\/wp\/v2\/product\/25693","targetHints":{"allow":["GET"]}}],"collection":[{"href":"https:\/\/mystikus.dsignpoint.com\/fr\/wp-json\/wp\/v2\/product"}],"about":[{"href":"https:\/\/mystikus.dsignpoint.com\/fr\/wp-json\/wp\/v2\/types\/product"}],"replies":[{"embeddable":true,"href":"https:\/\/mystikus.dsignpoint.com\/fr\/wp-json\/wp\/v2\/comments?post=25693"}],"wp:featuredmedia":[{"embeddable":true,"href":"https:\/\/mystikus.dsignpoint.com\/fr\/wp-json\/wp\/v2\/media\/23670"}],"wp:attachment":[{"href":"https:\/\/mystikus.dsignpoint.com\/fr\/wp-json\/wp\/v2\/media?parent=25693"}],"wp:term":[{"taxonomy":"product_brand","embeddable":true,"href":"https:\/\/mystikus.dsignpoint.com\/fr\/wp-json\/wp\/v2\/product_brand?post=25693"},{"taxonomy":"product_cat","embeddable":true,"href":"https:\/\/mystikus.dsignpoint.com\/fr\/wp-json\/wp\/v2\/product_cat?post=25693"},{"taxonomy":"product_tag","embeddable":true,"href":"https:\/\/mystikus.dsignpoint.com\/fr\/wp-json\/wp\/v2\/product_tag?post=25693"}],"curies":[{"name":"wp","href":"https:\/\/api.w.org\/{rel}","templated":true}]}}