{"id":25695,"date":"2025-06-27T16:16:52","date_gmt":"2025-06-27T14:16:52","guid":{"rendered":"https:\/\/mystikus.dsignpoint.com\/producto\/pointe-de-jaspe-zebre-vert\/"},"modified":"2025-06-27T16:16:52","modified_gmt":"2025-06-27T14:16:52","slug":"pointe-de-jaspe-zebre-vert","status":"publish","type":"product","link":"https:\/\/mystikus.dsignpoint.com\/fr\/producto\/pointe-de-jaspe-zebre-vert\/","title":{"rendered":"Pointe de jaspe z\u00e8bre vert"},"content":{"rendered":"<p data-start=\"331\" data-end=\"357\"><strong data-start=\"331\" data-end=\"357\">Description \u00e9sot\u00e9rique :<\/strong><\/p>\n<h3 data-start=\"107\" data-end=\"168\"><strong data-start=\"114\" data-end=\"168\">Pointe de jaspe z\u00e8bre vert<\/strong><\/h3>\n<p data-start=\"170\" data-end=\"510\">Le <strong data-start=\"173\" data-end=\"194\">jaspe z\u00e8bre vert<\/strong> est une pierre d&rsquo;\u00e9quilibre, de vitalit\u00e9 et de renouveau. Combinant des bandes de vert et de noir, cette pierre symbolise l&rsquo;harmonie entre le corps physique et le spirituel. On dit que son \u00e9nergie revitalisante stimule la croissance personnelle, renforce la connexion avec la nature et aide \u00e0 trouver l&rsquo;ordre dans le chaos.  <\/p>\n<p data-start=\"512\" data-end=\"756\">Cette pointe canalise l&rsquo;\u00e9nergie du jaspe z\u00e8bre vert vers le haut, facilitant la transformation des \u00e9motions denses en clart\u00e9 et en motivation. Elle est id\u00e9ale pour les personnes qui traversent des changements ou qui cherchent \u00e0 recentrer leur \u00e9nergie sur des objectifs importants. <\/p>\n<h3 data-start=\"763\" data-end=\"803\">\ud83c\udf3f <strong data-start=\"770\" data-end=\"803\">Propri\u00e9t\u00e9s \u00e9sot\u00e9riques cl\u00e9s :<\/strong><\/h3>\n<ul data-start=\"805\" data-end=\"1171\">\n<li data-start=\"805\" data-end=\"886\">\n<p data-start=\"807\" data-end=\"886\"><strong data-start=\"807\" data-end=\"829\">Harmonie \u00e9motionnelle :<\/strong> Aide \u00e0 \u00e9quilibrer les pens\u00e9es et les sentiments extr\u00eames.<\/p>\n<\/li>\n<li data-start=\"887\" data-end=\"984\">\n<p data-start=\"889\" data-end=\"984\"><strong data-start=\"889\" data-end=\"913\">Enracinement doux :<\/strong> Connecte avec l&rsquo;\u00e9nergie de la Terre sans perdre la l\u00e9g\u00e8ret\u00e9 spirituelle.<\/p>\n<\/li>\n<li data-start=\"985\" data-end=\"1081\">\n<p data-start=\"987\" data-end=\"1081\"><strong data-start=\"987\" data-end=\"1007\">Clart\u00e9 mentale :<\/strong> Dissipe la confusion, am\u00e9liore la concentration et encourage l&rsquo;autodiscipline.<\/p>\n<\/li>\n<li data-start=\"1082\" data-end=\"1171\">\n<p data-start=\"1084\" data-end=\"1171\"><strong data-start=\"1084\" data-end=\"1108\">\u00c9nergie de gu\u00e9rison :<\/strong> Calme le syst\u00e8me nerveux et favorise la r\u00e9g\u00e9n\u00e9ration int\u00e9rieure.<\/p>\n<\/li>\n<\/ul>\n","protected":false},"excerpt":{"rendered":"<pre data-start=\"107\" data-end=\"168\">Pointe de jaspe z\u00e8bre vert<\/pre>\n<p>Taille 9 cm<\/p>\n","protected":false},"featured_media":23666,"comment_status":"open","ping_status":"closed","template":"","meta":[],"product_brand":[],"product_cat":[109,232],"product_tag":[],"class_list":{"0":"post-25695","1":"product","2":"type-product","3":"status-publish","4":"has-post-thumbnail","6":"product_cat-mineraux","7":"product_cat-pointes","9":"first","10":"instock","11":"shipping-taxable","12":"purchasable","13":"product-type-simple"},"_links":{"self":[{"href":"https:\/\/mystikus.dsignpoint.com\/fr\/wp-json\/wp\/v2\/product\/25695","targetHints":{"allow":["GET"]}}],"collection":[{"href":"https:\/\/mystikus.dsignpoint.com\/fr\/wp-json\/wp\/v2\/product"}],"about":[{"href":"https:\/\/mystikus.dsignpoint.com\/fr\/wp-json\/wp\/v2\/types\/product"}],"replies":[{"embeddable":true,"href":"https:\/\/mystikus.dsignpoint.com\/fr\/wp-json\/wp\/v2\/comments?post=25695"}],"wp:featuredmedia":[{"embeddable":true,"href":"https:\/\/mystikus.dsignpoint.com\/fr\/wp-json\/wp\/v2\/media\/23666"}],"wp:attachment":[{"href":"https:\/\/mystikus.dsignpoint.com\/fr\/wp-json\/wp\/v2\/media?parent=25695"}],"wp:term":[{"taxonomy":"product_brand","embeddable":true,"href":"https:\/\/mystikus.dsignpoint.com\/fr\/wp-json\/wp\/v2\/product_brand?post=25695"},{"taxonomy":"product_cat","embeddable":true,"href":"https:\/\/mystikus.dsignpoint.com\/fr\/wp-json\/wp\/v2\/product_cat?post=25695"},{"taxonomy":"product_tag","embeddable":true,"href":"https:\/\/mystikus.dsignpoint.com\/fr\/wp-json\/wp\/v2\/product_tag?post=25695"}],"curies":[{"name":"wp","href":"https:\/\/api.w.org\/{rel}","templated":true}]}}