{"id":25700,"date":"2025-06-25T15:05:53","date_gmt":"2025-06-25T13:05:53","guid":{"rendered":"https:\/\/mystikus.dsignpoint.com\/producto\/magie-du-mage-vaincre-les-ennemis\/"},"modified":"2025-06-25T15:05:53","modified_gmt":"2025-06-25T13:05:53","slug":"magie-du-mage-vaincre-les-ennemis","status":"publish","type":"product","link":"https:\/\/mystikus.dsignpoint.com\/fr\/producto\/magie-du-mage-vaincre-les-ennemis\/","title":{"rendered":"Magie du mage&nbsp;: vaincre les ennemis"},"content":{"rendered":"<p><strong>\u00c9loigne et domine les ennemis<\/strong><br \/>\n<strong>Bloque les attaques<\/strong><\/p>\n<p>Contient une explication d\u00e9taill\u00e9e \u2013 Ingr\u00e9dients in\u00e9dits, selon les formules des grands mages.<\/p>\n<p>Gr\u00e2ce au pouvoir des forces occultes et de la lumi\u00e8re ancestrale, \u00e9loigne et domine tes ennemis, bloque toute attaque spirituelle et prot\u00e8ge ton \u00e9nergie. Un rituel de force ancestrale pour couper le mal \u00e0 sa source. <\/p>\n<p>Les explications peuvent \u00eatre demand\u00e9es dans n&rsquo;importe quelle langue.<\/p>\n","protected":false},"excerpt":{"rendered":"<p><strong>\u00c9loigne et domine les ennemis<\/strong><br \/>\n<strong>Bloque les attaques<\/strong><\/p>\n<p>Contient une explication d\u00e9taill\u00e9e \u2013 Ingr\u00e9dients in\u00e9dits, selon les formules des grands mages.<\/p>\n<p>Gr\u00e2ce au pouvoir des forces occultes et de la lumi\u00e8re ancestrale, \u00e9loigne et domine tes ennemis, bloque toute attaque spirituelle et prot\u00e8ge ton \u00e9nergie. Un rituel de force ancestrale pour couper le mal \u00e0 sa source. <\/p>\n<p>Les explications peuvent \u00eatre demand\u00e9es dans n&rsquo;importe quelle langue.<\/p>\n","protected":false},"featured_media":23659,"comment_status":"closed","ping_status":"closed","template":"","meta":[],"product_brand":[],"product_cat":[139,185,193,145],"product_tag":[],"class_list":{"0":"post-25700","1":"product","2":"type-product","3":"status-publish","4":"has-post-thumbnail","6":"product_cat-esoteriques","7":"product_cat-magie-du-magicien","9":"product_cat-mystikus-collection","11":"first","12":"instock","13":"shipping-taxable","14":"purchasable","15":"product-type-simple"},"_links":{"self":[{"href":"https:\/\/mystikus.dsignpoint.com\/fr\/wp-json\/wp\/v2\/product\/25700","targetHints":{"allow":["GET"]}}],"collection":[{"href":"https:\/\/mystikus.dsignpoint.com\/fr\/wp-json\/wp\/v2\/product"}],"about":[{"href":"https:\/\/mystikus.dsignpoint.com\/fr\/wp-json\/wp\/v2\/types\/product"}],"replies":[{"embeddable":true,"href":"https:\/\/mystikus.dsignpoint.com\/fr\/wp-json\/wp\/v2\/comments?post=25700"}],"wp:featuredmedia":[{"embeddable":true,"href":"https:\/\/mystikus.dsignpoint.com\/fr\/wp-json\/wp\/v2\/media\/23659"}],"wp:attachment":[{"href":"https:\/\/mystikus.dsignpoint.com\/fr\/wp-json\/wp\/v2\/media?parent=25700"}],"wp:term":[{"taxonomy":"product_brand","embeddable":true,"href":"https:\/\/mystikus.dsignpoint.com\/fr\/wp-json\/wp\/v2\/product_brand?post=25700"},{"taxonomy":"product_cat","embeddable":true,"href":"https:\/\/mystikus.dsignpoint.com\/fr\/wp-json\/wp\/v2\/product_cat?post=25700"},{"taxonomy":"product_tag","embeddable":true,"href":"https:\/\/mystikus.dsignpoint.com\/fr\/wp-json\/wp\/v2\/product_tag?post=25700"}],"curies":[{"name":"wp","href":"https:\/\/api.w.org\/{rel}","templated":true}]}}