{"id":25707,"date":"2025-06-27T16:02:30","date_gmt":"2025-06-27T14:02:30","guid":{"rendered":"https:\/\/mystikus.dsignpoint.com\/producto\/pointe-de-jaspe-vert-mousse\/"},"modified":"2025-06-27T16:02:30","modified_gmt":"2025-06-27T14:02:30","slug":"pointe-de-jaspe-vert-mousse","status":"publish","type":"product","link":"https:\/\/mystikus.dsignpoint.com\/fr\/producto\/pointe-de-jaspe-vert-mousse\/","title":{"rendered":"Pointe de Jaspe Vert Mousse"},"content":{"rendered":"<p data-start=\"331\" data-end=\"357\"><strong data-start=\"331\" data-end=\"357\">Description \u00e9sot\u00e9rique :<\/strong><\/p>\n<p data-start=\"359\" data-end=\"709\">Le Jaspe Vert Mousse est une pierre profond\u00e9ment connect\u00e9e \u00e0 la nature. Il est connu comme la <strong data-start=\"460\" data-end=\"491\">\u00ab\u00a0pierre du nouveau d\u00e9part\u00a0\u00bb<\/strong>, car il favorise la croissance, le renouveau et la connexion spirituelle avec la Terre. Son \u00e9nergie douce et stabilisatrice aide \u00e0 lib\u00e9rer les peurs et les blocages \u00e9motionnels, en encourageant la confiance et l&rsquo;\u00e9quilibre int\u00e9rieur.  <\/p>\n<p data-start=\"711\" data-end=\"995\">Cette tour, avec sa forme pointue, canalise l&rsquo;\u00e9nergie vers le haut, \u00e9tant id\u00e9ale pour les <strong data-start=\"800\" data-end=\"875\">rituels de nettoyage \u00e9nerg\u00e9tique, la m\u00e9ditation et l&rsquo;alignement des chakras<\/strong>. On dit qu&rsquo;elle renforce le syst\u00e8me immunitaire et favorise la sant\u00e9 g\u00e9n\u00e9rale, attirant l&rsquo;abondance et la prosp\u00e9rit\u00e9 naturelle. <\/p>\n<h3 data-start=\"152\" data-end=\"224\">\ud83c\udf3f <strong data-start=\"159\" data-end=\"224\">Usages recommand\u00e9s alternatifs \u2013 Pointe de Jaspe Vert Mousse<\/strong><\/h3>\n<ol data-start=\"226\" data-end=\"1907\">\n<li data-start=\"226\" data-end=\"472\">\n<p data-start=\"229\" data-end=\"472\"><strong data-start=\"229\" data-end=\"273\">Ancrage pendant le sommeil (usage nocturne) :<\/strong><br data-start=\"273\" data-end=\"276\">Place la tour pr\u00e8s de la t\u00eate du lit ou sous l&rsquo;oreiller (si c&rsquo;est s\u00fbr), pour calmer l&rsquo;esprit et favoriser un sommeil r\u00e9parateur, particuli\u00e8rement utile en p\u00e9riode d&rsquo;anxi\u00e9t\u00e9 ou de stress.<\/p>\n<\/li>\n<li data-start=\"474\" data-end=\"724\">\n<p data-start=\"477\" data-end=\"724\"><strong data-start=\"477\" data-end=\"531\">Renforcement des intentions lors de rituels de nouvelle lune :<\/strong><br data-start=\"531\" data-end=\"534\">Utilise la tour comme canalisateur d&rsquo;intentions lors de rituels de d\u00e9but de cycle. \u00c9cris ton souhait ou ton objectif sur un papier et place-le sous la base de la tour pendant la m\u00e9ditation. <\/p>\n<\/li>\n<li data-start=\"726\" data-end=\"954\">\n<p data-start=\"729\" data-end=\"954\"><strong data-start=\"729\" data-end=\"798\">\u00c9l\u00e9ment de gu\u00e9rison lors de s\u00e9ances de Reiki ou de th\u00e9rapies \u00e9nerg\u00e9tiques :<\/strong><br data-start=\"798\" data-end=\"801\">Place la tour pr\u00e8s du chakra du c\u0153ur ou du chakra racine pendant la s\u00e9ance pour \u00e9quilibrer les \u00e9motions et r\u00e9tablir la connexion avec l&rsquo;\u00e9nergie vitale.<\/p>\n<\/li>\n<li data-start=\"956\" data-end=\"1179\">\n<p data-start=\"959\" data-end=\"1179\"><strong data-start=\"959\" data-end=\"1009\">Amulette de protection pour les plantes et les jardins :<\/strong><br data-start=\"1009\" data-end=\"1012\">Comme cette pierre est li\u00e9e \u00e0 la croissance et \u00e0 la nature, elle peut \u00eatre plac\u00e9e dans les jardins, les potagers ou les pots de fleurs pour prot\u00e9ger les plantes et stimuler leur d\u00e9veloppement.<\/p>\n<\/li>\n<li data-start=\"1181\" data-end=\"1459\">\n<p data-start=\"1184\" data-end=\"1459\"><strong data-start=\"1184\" data-end=\"1265\">Outil pour la respiration consciente et la connexion \u00e0 la terre (grounding) :<\/strong><br data-start=\"1265\" data-end=\"1268\">Tiens la tour avec les deux mains tout en effectuant des respirations profondes. Visualise des racines sortant de tes pieds et te connectant \u00e0 la Terre, tandis que la pierre aide \u00e0 ancrer ton \u00e9nergie. <\/p>\n<\/li>\n<li data-start=\"1461\" data-end=\"1689\">\n<p data-start=\"1464\" data-end=\"1689\"><strong data-start=\"1464\" data-end=\"1535\">\u00c9l\u00e9ment spirituel d\u00e9coratif pour les bureaux ou les espaces d&rsquo;\u00e9tude :<\/strong><br data-start=\"1535\" data-end=\"1538\">Place la tour sur ton bureau pour attirer la clart\u00e9, la patience et la concentration, en plus de maintenir l&rsquo;environnement prot\u00e9g\u00e9 des \u00e9nergies n\u00e9gatives.<\/p>\n<\/li>\n<li data-start=\"1691\" data-end=\"1907\">\n<p data-start=\"1694\" data-end=\"1907\"><strong data-start=\"1694\" data-end=\"1748\">Cadeau symbolique de renouveau et de nouveaux d\u00e9parts :<\/strong><br data-start=\"1748\" data-end=\"1751\">Id\u00e9al pour offrir \u00e0 quelqu&rsquo;un qui traverse des changements importants (nouvel emploi, fin de cycle, d\u00e9m\u00e9nagement), comme symbole de croissance et d&rsquo;espoir.<\/p>\n<\/li>\n<\/ol>\n","protected":false},"excerpt":{"rendered":"<p>Pointe de Jaspe Vert Mousse<\/p>\n<p>Taille 9 cm<\/p>\n","protected":false},"featured_media":23664,"comment_status":"open","ping_status":"closed","template":"","meta":[],"product_brand":[],"product_cat":[109,232],"product_tag":[],"class_list":{"0":"post-25707","1":"product","2":"type-product","3":"status-publish","4":"has-post-thumbnail","6":"product_cat-mineraux","7":"product_cat-pointes","9":"first","10":"instock","11":"shipping-taxable","12":"purchasable","13":"product-type-simple"},"_links":{"self":[{"href":"https:\/\/mystikus.dsignpoint.com\/fr\/wp-json\/wp\/v2\/product\/25707","targetHints":{"allow":["GET"]}}],"collection":[{"href":"https:\/\/mystikus.dsignpoint.com\/fr\/wp-json\/wp\/v2\/product"}],"about":[{"href":"https:\/\/mystikus.dsignpoint.com\/fr\/wp-json\/wp\/v2\/types\/product"}],"replies":[{"embeddable":true,"href":"https:\/\/mystikus.dsignpoint.com\/fr\/wp-json\/wp\/v2\/comments?post=25707"}],"wp:featuredmedia":[{"embeddable":true,"href":"https:\/\/mystikus.dsignpoint.com\/fr\/wp-json\/wp\/v2\/media\/23664"}],"wp:attachment":[{"href":"https:\/\/mystikus.dsignpoint.com\/fr\/wp-json\/wp\/v2\/media?parent=25707"}],"wp:term":[{"taxonomy":"product_brand","embeddable":true,"href":"https:\/\/mystikus.dsignpoint.com\/fr\/wp-json\/wp\/v2\/product_brand?post=25707"},{"taxonomy":"product_cat","embeddable":true,"href":"https:\/\/mystikus.dsignpoint.com\/fr\/wp-json\/wp\/v2\/product_cat?post=25707"},{"taxonomy":"product_tag","embeddable":true,"href":"https:\/\/mystikus.dsignpoint.com\/fr\/wp-json\/wp\/v2\/product_tag?post=25707"}],"curies":[{"name":"wp","href":"https:\/\/api.w.org\/{rel}","templated":true}]}}