{"id":25720,"date":"2025-06-19T17:11:03","date_gmt":"2025-06-19T15:11:03","guid":{"rendered":"https:\/\/mystikus.dsignpoint.com\/producto\/bague-avec-lapis-lazuli\/"},"modified":"2025-06-19T17:11:03","modified_gmt":"2025-06-19T15:11:03","slug":"bague-avec-lapis-lazuli","status":"publish","type":"product","link":"https:\/\/mystikus.dsignpoint.com\/fr\/producto\/bague-avec-lapis-lazuli\/","title":{"rendered":"Bague avec lapis-lazuli"},"content":{"rendered":"<p>Taille ajustable.<\/p>\n<p><em>*Ce produit ne contient ni nickel, ni plomb, ni cadmium, ce qui signifie que ces \u00e9l\u00e9ments ne sont pas pr\u00e9sents, m\u00eame dans les quantit\u00e9s limit\u00e9es autoris\u00e9es par les normes europ\u00e9ennes de s\u00e9curit\u00e9 des produits (REACH).<\/em><\/p>\n<p><em>Il s&rsquo;agit d&rsquo;un produit naturel, par cons\u00e9quent, la couleur et la transparence peuvent varier et diff\u00e9rer de l&rsquo;image montr\u00e9e.<\/em><\/p>\n","protected":false},"excerpt":{"rendered":"<p>Taille ajustable.<\/p>\n<div class=\"spec-desc\">Mat\u00e9riau Laiton<\/div>\n","protected":false},"featured_media":23621,"comment_status":"open","ping_status":"closed","template":"","meta":[],"product_brand":[],"product_cat":[212,106],"product_tag":[],"class_list":{"0":"post-25720","1":"product","2":"type-product","3":"status-publish","4":"has-post-thumbnail","6":"product_cat-bagues","7":"product_cat-mineraux-et-bijoux","9":"first","10":"instock","11":"shipping-taxable","12":"purchasable","13":"product-type-simple"},"_links":{"self":[{"href":"https:\/\/mystikus.dsignpoint.com\/fr\/wp-json\/wp\/v2\/product\/25720","targetHints":{"allow":["GET"]}}],"collection":[{"href":"https:\/\/mystikus.dsignpoint.com\/fr\/wp-json\/wp\/v2\/product"}],"about":[{"href":"https:\/\/mystikus.dsignpoint.com\/fr\/wp-json\/wp\/v2\/types\/product"}],"replies":[{"embeddable":true,"href":"https:\/\/mystikus.dsignpoint.com\/fr\/wp-json\/wp\/v2\/comments?post=25720"}],"wp:featuredmedia":[{"embeddable":true,"href":"https:\/\/mystikus.dsignpoint.com\/fr\/wp-json\/wp\/v2\/media\/23621"}],"wp:attachment":[{"href":"https:\/\/mystikus.dsignpoint.com\/fr\/wp-json\/wp\/v2\/media?parent=25720"}],"wp:term":[{"taxonomy":"product_brand","embeddable":true,"href":"https:\/\/mystikus.dsignpoint.com\/fr\/wp-json\/wp\/v2\/product_brand?post=25720"},{"taxonomy":"product_cat","embeddable":true,"href":"https:\/\/mystikus.dsignpoint.com\/fr\/wp-json\/wp\/v2\/product_cat?post=25720"},{"taxonomy":"product_tag","embeddable":true,"href":"https:\/\/mystikus.dsignpoint.com\/fr\/wp-json\/wp\/v2\/product_tag?post=25720"}],"curies":[{"name":"wp","href":"https:\/\/api.w.org\/{rel}","templated":true}]}}