{"id":25755,"date":"2025-06-14T18:01:30","date_gmt":"2025-06-14T16:01:30","guid":{"rendered":"https:\/\/mystikus.dsignpoint.com\/producto\/velon-mille-visages-jaune\/"},"modified":"2025-06-14T18:01:30","modified_gmt":"2025-06-14T16:01:30","slug":"velon-mille-visages-jaune","status":"publish","type":"product","link":"https:\/\/mystikus.dsignpoint.com\/fr\/producto\/velon-mille-visages-jaune\/","title":{"rendered":"V\u00e9lon Mille Visages Jaune"},"content":{"rendered":"<p><strong>V\u00e9lon Mille Visages Jaune<\/strong><\/p>\n<p><strong>Succ\u00e8s dans les affaires, attire les ventes, les clients, l&rsquo;argent et l&rsquo;abondance<\/strong><\/p>\n<p data-start=\"126\" data-end=\"370\">La <strong data-start=\"129\" data-end=\"147\">bougie Mille Visages<\/strong> est une bougie \u00e9sot\u00e9rique sp\u00e9cialement pr\u00e9par\u00e9e avec de multiples visages sculpt\u00e9s sur sa surface, repr\u00e9sentant diverses \u00e9nergies, esprits ou forces qui agissent ensemble pour vous aider \u00e0 atteindre un objectif sp\u00e9cifique.<\/p>\n<p data-start=\"372\" data-end=\"558\">Elle est utilis\u00e9e dans les rituels pour <strong data-start=\"400\" data-end=\"484\">ouvrir des chemins, supprimer des obstacles, attirer le succ\u00e8s, l&rsquo;argent, l&rsquo;amour, la sant\u00e9, la protection<\/strong> et bien plus encore, en fonction de la couleur et de l&rsquo;intention du travail spirituel.<\/p>\n<p data-start=\"560\" data-end=\"745\">Chaque \u00ab\u00a0visage\u00a0\u00bb symbolise une facette de l&rsquo;univers ou de votre \u00eatre int\u00e9rieur qui s&rsquo;active pendant la combustion, amplifiant la demande et faisant en sorte que le d\u00e9sir arrive plus rapidement et avec plus de force.<\/p>\n<p><em>Contient une explication d\u00e9taill\u00e9e \u2013 Ingr\u00e9dients in\u00e9dits, selon les formules des grands mages.<\/em><\/p>\n<p><em>Les explications peuvent \u00eatre demand\u00e9es dans n&rsquo;importe quelle langue.<\/em><\/p>\n","protected":false},"excerpt":{"rendered":"<p><strong>V\u00e9lon Mille Visages Jaune<\/strong><\/p>\n<p><strong>Succ\u00e8s dans les affaires, attire les ventes, les clients, l&rsquo;argent et l&rsquo;abondance<\/strong><\/p>\n","protected":false},"featured_media":23591,"comment_status":"open","ping_status":"closed","template":"","meta":[],"product_brand":[],"product_cat":[235,139,145],"product_tag":[],"class_list":{"0":"post-25755","1":"product","2":"type-product","3":"status-publish","4":"has-post-thumbnail","6":"product_cat-bougies","7":"product_cat-esoteriques","8":"product_cat-mystikus-collection","10":"first","11":"instock","12":"shipping-taxable","13":"purchasable","14":"product-type-simple"},"_links":{"self":[{"href":"https:\/\/mystikus.dsignpoint.com\/fr\/wp-json\/wp\/v2\/product\/25755","targetHints":{"allow":["GET"]}}],"collection":[{"href":"https:\/\/mystikus.dsignpoint.com\/fr\/wp-json\/wp\/v2\/product"}],"about":[{"href":"https:\/\/mystikus.dsignpoint.com\/fr\/wp-json\/wp\/v2\/types\/product"}],"replies":[{"embeddable":true,"href":"https:\/\/mystikus.dsignpoint.com\/fr\/wp-json\/wp\/v2\/comments?post=25755"}],"wp:featuredmedia":[{"embeddable":true,"href":"https:\/\/mystikus.dsignpoint.com\/fr\/wp-json\/wp\/v2\/media\/23591"}],"wp:attachment":[{"href":"https:\/\/mystikus.dsignpoint.com\/fr\/wp-json\/wp\/v2\/media?parent=25755"}],"wp:term":[{"taxonomy":"product_brand","embeddable":true,"href":"https:\/\/mystikus.dsignpoint.com\/fr\/wp-json\/wp\/v2\/product_brand?post=25755"},{"taxonomy":"product_cat","embeddable":true,"href":"https:\/\/mystikus.dsignpoint.com\/fr\/wp-json\/wp\/v2\/product_cat?post=25755"},{"taxonomy":"product_tag","embeddable":true,"href":"https:\/\/mystikus.dsignpoint.com\/fr\/wp-json\/wp\/v2\/product_tag?post=25755"}],"curies":[{"name":"wp","href":"https:\/\/api.w.org\/{rel}","templated":true}]}}