{"id":25786,"date":"2025-06-14T17:50:43","date_gmt":"2025-06-14T15:50:43","guid":{"rendered":"https:\/\/mystikus.dsignpoint.com\/producto\/pendentif-main-figa-noire-en-argent\/"},"modified":"2025-06-14T17:50:43","modified_gmt":"2025-06-14T15:50:43","slug":"pendentif-main-figa-noire-en-argent","status":"publish","type":"product","link":"https:\/\/mystikus.dsignpoint.com\/fr\/producto\/pendentif-main-figa-noire-en-argent\/","title":{"rendered":"Pendentif Main Figa Noire en Argent"},"content":{"rendered":"<p data-start=\"333\" data-end=\"413\"><strong data-start=\"333\" data-end=\"413\">Pendentif Main Figa \u2013 Amulette de Protection contre le Mauvais \u0152il et l&rsquo;Envie<\/strong><\/p>\n<p data-start=\"415\" data-end=\"619\">La Main Figa (ou \u00ab main fico \u00bb) est un ancien talisman d&rsquo;origine m\u00e9diterran\u00e9enne et afro-br\u00e9silienne, traditionnellement utilis\u00e9 comme <strong data-start=\"535\" data-end=\"618\">symbole de protection contre la malchance, le mauvais \u0153il et les mauvaises \u00e9nergies<\/strong>.<\/p>\n<p data-start=\"621\" data-end=\"870\">Ce pendentif, en forme de poing ferm\u00e9 avec le pouce entre les doigts, repr\u00e9sente un geste de force, de d\u00e9fense et d&rsquo;\u00e9nergie vitale. Confectionn\u00e9 en mat\u00e9riau sombre avec des d\u00e9tails en m\u00e9tal, il combine le symbolisme ancestral avec un design moderne et puissant. <\/p>\n<p data-start=\"872\" data-end=\"966\">Id\u00e9al \u00e0 porter au quotidien ou comme cadeau charg\u00e9 d&rsquo;intention et de protection spirituelle.<\/p>\n<p data-start=\"968\" data-end=\"1065\"><strong data-start=\"968\" data-end=\"1065\">Emportez avec vous la force de l&rsquo;ancestral et prot\u00e9gez votre \u00e9nergie des influences n\u00e9gatives.<\/strong><\/p>\n","protected":false},"excerpt":{"rendered":"<p>Pendentif Main Figa Noire en Argent<\/p>\n<p>Taille 1,5 cm<\/p>\n","protected":false},"featured_media":23586,"comment_status":"open","ping_status":"closed","template":"","meta":[],"product_brand":[],"product_cat":[223,222],"product_tag":[],"class_list":{"0":"post-25786","1":"product","2":"type-product","3":"status-publish","4":"has-post-thumbnail","6":"product_cat-argent","7":"product_cat-talismans-et-amulettes","9":"first","10":"instock","11":"shipping-taxable","12":"purchasable","13":"product-type-simple"},"_links":{"self":[{"href":"https:\/\/mystikus.dsignpoint.com\/fr\/wp-json\/wp\/v2\/product\/25786","targetHints":{"allow":["GET"]}}],"collection":[{"href":"https:\/\/mystikus.dsignpoint.com\/fr\/wp-json\/wp\/v2\/product"}],"about":[{"href":"https:\/\/mystikus.dsignpoint.com\/fr\/wp-json\/wp\/v2\/types\/product"}],"replies":[{"embeddable":true,"href":"https:\/\/mystikus.dsignpoint.com\/fr\/wp-json\/wp\/v2\/comments?post=25786"}],"wp:featuredmedia":[{"embeddable":true,"href":"https:\/\/mystikus.dsignpoint.com\/fr\/wp-json\/wp\/v2\/media\/23586"}],"wp:attachment":[{"href":"https:\/\/mystikus.dsignpoint.com\/fr\/wp-json\/wp\/v2\/media?parent=25786"}],"wp:term":[{"taxonomy":"product_brand","embeddable":true,"href":"https:\/\/mystikus.dsignpoint.com\/fr\/wp-json\/wp\/v2\/product_brand?post=25786"},{"taxonomy":"product_cat","embeddable":true,"href":"https:\/\/mystikus.dsignpoint.com\/fr\/wp-json\/wp\/v2\/product_cat?post=25786"},{"taxonomy":"product_tag","embeddable":true,"href":"https:\/\/mystikus.dsignpoint.com\/fr\/wp-json\/wp\/v2\/product_tag?post=25786"}],"curies":[{"name":"wp","href":"https:\/\/api.w.org\/{rel}","templated":true}]}}