{"id":25806,"date":"2025-06-14T17:20:52","date_gmt":"2025-06-14T15:20:52","guid":{"rendered":"https:\/\/mystikus.dsignpoint.com\/producto\/pendentif-caducee-en-argent\/"},"modified":"2025-06-14T17:20:52","modified_gmt":"2025-06-14T15:20:52","slug":"pendentif-caducee-en-argent","status":"publish","type":"product","link":"https:\/\/mystikus.dsignpoint.com\/fr\/producto\/pendentif-caducee-en-argent\/","title":{"rendered":"Pendentif Caduc\u00e9e en Argent"},"content":{"rendered":"<p data-start=\"265\" data-end=\"341\"><strong data-start=\"265\" data-end=\"341\">Pendentif Caduc\u00e9e en Argent \u2013 Talisman de Gu\u00e9rison, d\u2019\u00c9quilibre et de Sagesse<\/strong><\/p>\n<p data-start=\"343\" data-end=\"649\">Le Caduc\u00e9e, symbole ancestral compos\u00e9 de <strong data-start=\"387\" data-end=\"447\">deux serpents entrelac\u00e9s autour d&rsquo;un b\u00e2ton ail\u00e9<\/strong>, repr\u00e9sente l&rsquo;union des oppos\u00e9s, l&rsquo;\u00e9quilibre entre le corps et l&rsquo;esprit, et l&rsquo;\u00e9nergie vitale en mouvement. Associ\u00e9 au dieu Herm\u00e8s, il est aussi l&#8217;embl\u00e8me de la connaissance, de la communication et de la transmutation. <\/p>\n<p data-start=\"651\" data-end=\"945\">Dans l&rsquo;\u00e9sot\u00e9risme, ce symbole refl\u00e8te l&rsquo;<strong data-start=\"693\" data-end=\"731\">activation de l&rsquo;\u00e9nergie kundalini<\/strong>, l&rsquo;ascension spirituelle et l&rsquo;harmonie int\u00e9rieure. Ce pendentif, \u00e9labor\u00e9 en <strong data-start=\"806\" data-end=\"825\">argent authentique<\/strong>, ne se distingue pas seulement par sa beaut\u00e9, mais fonctionne comme un puissant talisman de protection, de gu\u00e9rison et de clart\u00e9 mentale. <\/p>\n<p data-start=\"947\" data-end=\"1054\"><strong data-start=\"947\" data-end=\"1054\">Id\u00e9al pour les th\u00e9rapeutes, les gu\u00e9risseurs, et ceux qui cheminent sur la voie de la connaissance de soi et de la transformation.<\/strong><\/p>\n","protected":false},"excerpt":{"rendered":"<p><strong data-start=\"265\" data-end=\"341\">Pendentif Caduc\u00e9e en Argent<\/strong><\/p>\n<p>Taille 2,5x1cm<\/p>\n","protected":false},"featured_media":23577,"comment_status":"open","ping_status":"closed","template":"","meta":[],"product_brand":[],"product_cat":[223,222],"product_tag":[],"class_list":{"0":"post-25806","1":"product","2":"type-product","3":"status-publish","4":"has-post-thumbnail","6":"product_cat-argent","7":"product_cat-talismans-et-amulettes","9":"first","10":"instock","11":"shipping-taxable","12":"purchasable","13":"product-type-simple"},"_links":{"self":[{"href":"https:\/\/mystikus.dsignpoint.com\/fr\/wp-json\/wp\/v2\/product\/25806","targetHints":{"allow":["GET"]}}],"collection":[{"href":"https:\/\/mystikus.dsignpoint.com\/fr\/wp-json\/wp\/v2\/product"}],"about":[{"href":"https:\/\/mystikus.dsignpoint.com\/fr\/wp-json\/wp\/v2\/types\/product"}],"replies":[{"embeddable":true,"href":"https:\/\/mystikus.dsignpoint.com\/fr\/wp-json\/wp\/v2\/comments?post=25806"}],"wp:featuredmedia":[{"embeddable":true,"href":"https:\/\/mystikus.dsignpoint.com\/fr\/wp-json\/wp\/v2\/media\/23577"}],"wp:attachment":[{"href":"https:\/\/mystikus.dsignpoint.com\/fr\/wp-json\/wp\/v2\/media?parent=25806"}],"wp:term":[{"taxonomy":"product_brand","embeddable":true,"href":"https:\/\/mystikus.dsignpoint.com\/fr\/wp-json\/wp\/v2\/product_brand?post=25806"},{"taxonomy":"product_cat","embeddable":true,"href":"https:\/\/mystikus.dsignpoint.com\/fr\/wp-json\/wp\/v2\/product_cat?post=25806"},{"taxonomy":"product_tag","embeddable":true,"href":"https:\/\/mystikus.dsignpoint.com\/fr\/wp-json\/wp\/v2\/product_tag?post=25806"}],"curies":[{"name":"wp","href":"https:\/\/api.w.org\/{rel}","templated":true}]}}