{"id":25826,"date":"2025-06-14T16:59:18","date_gmt":"2025-06-14T14:59:18","guid":{"rendered":"https:\/\/mystikus.dsignpoint.com\/producto\/pendentif-attrape-reves-avec-pierres-naturelles-en-argent-2\/"},"modified":"2025-06-14T16:59:18","modified_gmt":"2025-06-14T14:59:18","slug":"pendentif-attrape-reves-avec-pierres-naturelles-en-argent-2","status":"publish","type":"product","link":"https:\/\/mystikus.dsignpoint.com\/fr\/producto\/pendentif-attrape-reves-avec-pierres-naturelles-en-argent-2\/","title":{"rendered":"Pendentif Attrape-r\u00eaves avec Pierres Naturelles en Argent"},"content":{"rendered":"<p data-start=\"108\" data-end=\"204\"><strong data-start=\"108\" data-end=\"204\">Pendentif Attrape-r\u00eaves avec Pierres Naturelles \u2013 Talisman de Protection et d&rsquo;\u00c9quilibre \u00c9nerg\u00e9tique<\/strong><\/p>\n<p data-start=\"206\" data-end=\"454\">Ce pendentif unique en forme d&rsquo;<strong data-start=\"238\" data-end=\"254\">attrape-r\u00eaves<\/strong> s&rsquo;inspire de la sagesse ancestrale des peuples autochtones, qui utilisaient ce symbole pour <strong data-start=\"349\" data-end=\"386\">prot\u00e9ger l&rsquo;\u00e2me pendant le sommeil<\/strong>, en pi\u00e9geant les \u00e9nergies n\u00e9gatives et en ne laissant passer que le positif.<\/p>\n<p data-start=\"456\" data-end=\"749\">\u00c0 l&rsquo;int\u00e9rieur, il incorpore des <strong data-start=\"482\" data-end=\"529\">pierres naturelles associ\u00e9es aux 7 chakras<\/strong>, chacune vibrant \u00e0 une fr\u00e9quence sp\u00e9cifique pour aider \u00e0 \u00e9quilibrer le corps, l&rsquo;esprit et l&rsquo;\u00e2me. Cette combinaison transforme le pendentif en un puissant <strong data-start=\"694\" data-end=\"748\">amulette de protection, de gu\u00e9rison et d&rsquo;harmonie int\u00e9rieure<\/strong>. <\/p>\n<p data-start=\"751\" data-end=\"861\">Id\u00e9al pour ceux qui cherchent \u00e0 porter sur eux un bijou significatif, avec un but spirituel et une beaut\u00e9 artisanale.<\/p>\n<p data-start=\"863\" data-end=\"962\"><strong data-start=\"863\" data-end=\"962\">Connecte-toi \u00e0 ton \u00e9nergie, prot\u00e8ge ta lumi\u00e8re et \u00e9quilibre tes \u00e9motions avec cet attrape-r\u00eaves sacr\u00e9.<\/strong><\/p>\n","protected":false},"excerpt":{"rendered":"<p><strong data-start=\"108\" data-end=\"204\">Pendentif Attrape-r\u00eaves avec Pierres Naturelles en Argent<\/strong><\/p>\n<p>Taille 3cm<\/p>\n<p>Plaqu\u00e9 or<\/p>\n","protected":false},"featured_media":23569,"comment_status":"open","ping_status":"closed","template":"","meta":[],"product_brand":[],"product_cat":[223,222],"product_tag":[],"class_list":{"0":"post-25826","1":"product","2":"type-product","3":"status-publish","4":"has-post-thumbnail","6":"product_cat-argent","7":"product_cat-talismans-et-amulettes","9":"first","10":"instock","11":"shipping-taxable","12":"purchasable","13":"product-type-simple"},"_links":{"self":[{"href":"https:\/\/mystikus.dsignpoint.com\/fr\/wp-json\/wp\/v2\/product\/25826","targetHints":{"allow":["GET"]}}],"collection":[{"href":"https:\/\/mystikus.dsignpoint.com\/fr\/wp-json\/wp\/v2\/product"}],"about":[{"href":"https:\/\/mystikus.dsignpoint.com\/fr\/wp-json\/wp\/v2\/types\/product"}],"replies":[{"embeddable":true,"href":"https:\/\/mystikus.dsignpoint.com\/fr\/wp-json\/wp\/v2\/comments?post=25826"}],"wp:featuredmedia":[{"embeddable":true,"href":"https:\/\/mystikus.dsignpoint.com\/fr\/wp-json\/wp\/v2\/media\/23569"}],"wp:attachment":[{"href":"https:\/\/mystikus.dsignpoint.com\/fr\/wp-json\/wp\/v2\/media?parent=25826"}],"wp:term":[{"taxonomy":"product_brand","embeddable":true,"href":"https:\/\/mystikus.dsignpoint.com\/fr\/wp-json\/wp\/v2\/product_brand?post=25826"},{"taxonomy":"product_cat","embeddable":true,"href":"https:\/\/mystikus.dsignpoint.com\/fr\/wp-json\/wp\/v2\/product_cat?post=25826"},{"taxonomy":"product_tag","embeddable":true,"href":"https:\/\/mystikus.dsignpoint.com\/fr\/wp-json\/wp\/v2\/product_tag?post=25826"}],"curies":[{"name":"wp","href":"https:\/\/api.w.org\/{rel}","templated":true}]}}