{"id":25834,"date":"2025-06-14T15:09:29","date_gmt":"2025-06-14T13:09:29","guid":{"rendered":"https:\/\/mystikus.dsignpoint.com\/producto\/pendentif-en-forme-de-coeur-dans-la-main-en-argent\/"},"modified":"2025-06-14T15:09:29","modified_gmt":"2025-06-14T13:09:29","slug":"pendentif-en-forme-de-coeur-dans-la-main-en-argent","status":"publish","type":"product","link":"https:\/\/mystikus.dsignpoint.com\/fr\/producto\/pendentif-en-forme-de-coeur-dans-la-main-en-argent\/","title":{"rendered":"Pendentif en forme de c\u0153ur dans la main en argent"},"content":{"rendered":"<p data-start=\"113\" data-end=\"195\"><strong data-start=\"113\" data-end=\"195\">Pendentif en forme de c\u0153ur dans la main \u2013 Talisman d\u2019amour, de protection et de gu\u00e9rison<\/strong><\/p>\n<p data-start=\"197\" data-end=\"433\">Ce pendentif unit deux symboles \u00e9sot\u00e9riques puissants : la <strong data-start=\"253\" data-end=\"261\">main<\/strong>, protectrice par excellence, qui \u00e9loigne les \u00e9nergies n\u00e9gatives et agit comme un bouclier spirituel, et le <strong data-start=\"360\" data-end=\"371\">c\u0153ur<\/strong>, symbole universel de l\u2019amour, de la compassion et de l\u2019\u00e9nergie vitale.<\/p>\n<p data-start=\"435\" data-end=\"752\">Ensemble, ils forment un talisman de profonde signification : une main qui soutient le c\u0153ur repr\u00e9sente l\u2019amour conscient, le don sinc\u00e8re et la force de prot\u00e9ger ce qui est vrai. Id\u00e9al pour ceux qui recherchent l\u2019\u00e9quilibre \u00e9motionnel, renforcer les liens affectifs ou ouvrir le c\u0153ur \u00e0 l\u2019amour propre et \u00e0 la gu\u00e9rison int\u00e9rieure. <\/p>\n<p data-start=\"754\" data-end=\"868\">Fabriqu\u00e9 en <strong data-start=\"767\" data-end=\"786\">argent authentique<\/strong>, ce pendentif est \u00e0 la fois un ornement \u00e9l\u00e9gant et une amulette puissante pour l\u2019\u00e2me.<\/p>\n<p data-start=\"870\" data-end=\"950\"><strong data-start=\"870\" data-end=\"950\">Emporte avec toi l\u2019\u00e9nergie de l\u2019amour prot\u00e9g\u00e9 et du c\u0153ur guid\u00e9 par la lumi\u00e8re.<\/strong><\/p>\n","protected":false},"excerpt":{"rendered":"<p>Pendentif en forme de c\u0153ur dans la main en argent \u2013 taille 2,5 cm.<\/p>\n<p>Cha\u00eene en argent en option 45 cm<\/p>\n","protected":false},"featured_media":23553,"comment_status":"open","ping_status":"closed","template":"","meta":[],"product_brand":[],"product_cat":[223,222],"product_tag":[],"class_list":{"0":"post-25834","1":"product","2":"type-product","3":"status-publish","4":"has-post-thumbnail","6":"product_cat-argent","7":"product_cat-talismans-et-amulettes","9":"first","10":"instock","11":"shipping-taxable","12":"purchasable","13":"product-type-variable"},"_links":{"self":[{"href":"https:\/\/mystikus.dsignpoint.com\/fr\/wp-json\/wp\/v2\/product\/25834","targetHints":{"allow":["GET"]}}],"collection":[{"href":"https:\/\/mystikus.dsignpoint.com\/fr\/wp-json\/wp\/v2\/product"}],"about":[{"href":"https:\/\/mystikus.dsignpoint.com\/fr\/wp-json\/wp\/v2\/types\/product"}],"replies":[{"embeddable":true,"href":"https:\/\/mystikus.dsignpoint.com\/fr\/wp-json\/wp\/v2\/comments?post=25834"}],"wp:featuredmedia":[{"embeddable":true,"href":"https:\/\/mystikus.dsignpoint.com\/fr\/wp-json\/wp\/v2\/media\/23553"}],"wp:attachment":[{"href":"https:\/\/mystikus.dsignpoint.com\/fr\/wp-json\/wp\/v2\/media?parent=25834"}],"wp:term":[{"taxonomy":"product_brand","embeddable":true,"href":"https:\/\/mystikus.dsignpoint.com\/fr\/wp-json\/wp\/v2\/product_brand?post=25834"},{"taxonomy":"product_cat","embeddable":true,"href":"https:\/\/mystikus.dsignpoint.com\/fr\/wp-json\/wp\/v2\/product_cat?post=25834"},{"taxonomy":"product_tag","embeddable":true,"href":"https:\/\/mystikus.dsignpoint.com\/fr\/wp-json\/wp\/v2\/product_tag?post=25834"}],"curies":[{"name":"wp","href":"https:\/\/api.w.org\/{rel}","templated":true}]}}