{"id":25847,"date":"2025-06-14T16:37:31","date_gmt":"2025-06-14T14:37:31","guid":{"rendered":"https:\/\/mystikus.dsignpoint.com\/producto\/croix-celtique-en-argent\/"},"modified":"2025-06-14T16:37:31","modified_gmt":"2025-06-14T14:37:31","slug":"croix-celtique-en-argent","status":"publish","type":"product","link":"https:\/\/mystikus.dsignpoint.com\/fr\/producto\/croix-celtique-en-argent\/","title":{"rendered":"Croix celtique en argent"},"content":{"rendered":"<p data-start=\"89\" data-end=\"208\"><strong data-start=\"117\" data-end=\"131\">Croix celtique<\/strong>, d\u00e9cor\u00e9e d&rsquo;\u00e9l\u00e9ments caract\u00e9ristiques de l&rsquo;art m\u00e9di\u00e9val celte et chr\u00e9tien.<\/p>\n<h3 data-start=\"210\" data-end=\"241\">Caract\u00e9ristiques principales :<\/h3>\n<ul data-start=\"242\" data-end=\"699\">\n<li data-start=\"242\" data-end=\"401\">\n<p data-start=\"244\" data-end=\"401\"><strong data-start=\"244\" data-end=\"291\">Forme de croix latine avec un cercle central<\/strong>, typique de la <strong data-start=\"306\" data-end=\"320\">Croix celtique<\/strong>, qui symbolise l&rsquo;union entre le ciel et la terre, le spirituel et le mat\u00e9riel.<\/p>\n<\/li>\n<li data-start=\"402\" data-end=\"503\">\n<p data-start=\"404\" data-end=\"503\"><strong data-start=\"404\" data-end=\"456\">D\u00e9tails en relief avec des n\u0153uds celtes et des c\u0153urs<\/strong>, qui repr\u00e9sentent la protection, l&rsquo;\u00e9ternit\u00e9 et l&rsquo;amour.<\/p>\n<\/li>\n<li data-start=\"504\" data-end=\"699\">\n<p data-start=\"506\" data-end=\"699\"><strong data-start=\"506\" data-end=\"559\">Symbole central avec une croix \u00e0 l&rsquo;int\u00e9rieur d&rsquo;un cercle<\/strong>, entour\u00e9 de points, qui rappelle la <strong data-start=\"598\" data-end=\"619\">Croix de J\u00e9rusalem<\/strong>, un ancien symbole chr\u00e9tien associ\u00e9 aux croisades et \u00e0 la protection divine.<\/p>\n<\/li>\n<\/ul>\n<h3 data-start=\"701\" data-end=\"743\">Interpr\u00e9tation \u00e9sot\u00e9rique et spirituelle :<\/h3>\n<p data-start=\"744\" data-end=\"988\">Cette croix peut \u00eatre consid\u00e9r\u00e9e comme un <strong data-start=\"776\" data-end=\"850\">talisman de protection spirituelle, d&rsquo;\u00e9quilibre et de connexion avec le divin<\/strong>, avec des racines \u00e0 la fois dans le christianisme et dans la tradition celtique, qui honore la nature, les cycles de la vie et la sagesse ancestrale.<\/p>\n","protected":false},"excerpt":{"rendered":"<p>Croix celtique en argent \u2013 taille 4&#215;2,5 cm.<\/p>\n<p>Cha\u00eene en cuir<\/p>\n","protected":false},"featured_media":23565,"comment_status":"open","ping_status":"closed","template":"","meta":[],"product_brand":[],"product_cat":[223,222],"product_tag":[],"class_list":{"0":"post-25847","1":"product","2":"type-product","3":"status-publish","4":"has-post-thumbnail","6":"product_cat-argent","7":"product_cat-talismans-et-amulettes","9":"first","10":"instock","11":"shipping-taxable","12":"purchasable","13":"product-type-simple"},"_links":{"self":[{"href":"https:\/\/mystikus.dsignpoint.com\/fr\/wp-json\/wp\/v2\/product\/25847","targetHints":{"allow":["GET"]}}],"collection":[{"href":"https:\/\/mystikus.dsignpoint.com\/fr\/wp-json\/wp\/v2\/product"}],"about":[{"href":"https:\/\/mystikus.dsignpoint.com\/fr\/wp-json\/wp\/v2\/types\/product"}],"replies":[{"embeddable":true,"href":"https:\/\/mystikus.dsignpoint.com\/fr\/wp-json\/wp\/v2\/comments?post=25847"}],"wp:featuredmedia":[{"embeddable":true,"href":"https:\/\/mystikus.dsignpoint.com\/fr\/wp-json\/wp\/v2\/media\/23565"}],"wp:attachment":[{"href":"https:\/\/mystikus.dsignpoint.com\/fr\/wp-json\/wp\/v2\/media?parent=25847"}],"wp:term":[{"taxonomy":"product_brand","embeddable":true,"href":"https:\/\/mystikus.dsignpoint.com\/fr\/wp-json\/wp\/v2\/product_brand?post=25847"},{"taxonomy":"product_cat","embeddable":true,"href":"https:\/\/mystikus.dsignpoint.com\/fr\/wp-json\/wp\/v2\/product_cat?post=25847"},{"taxonomy":"product_tag","embeddable":true,"href":"https:\/\/mystikus.dsignpoint.com\/fr\/wp-json\/wp\/v2\/product_tag?post=25847"}],"curies":[{"name":"wp","href":"https:\/\/api.w.org\/{rel}","templated":true}]}}