{"id":25854,"date":"2025-06-14T14:53:51","date_gmt":"2025-06-14T12:53:51","guid":{"rendered":"https:\/\/mystikus.dsignpoint.com\/producto\/pendentif-etoile-a-5-branches-avec-noeuds-celtiques-et-lune-en-argent\/"},"modified":"2025-06-14T14:53:51","modified_gmt":"2025-06-14T12:53:51","slug":"pendentif-etoile-a-5-branches-avec-noeuds-celtiques-et-lune-en-argent","status":"publish","type":"product","link":"https:\/\/mystikus.dsignpoint.com\/fr\/producto\/pendentif-etoile-a-5-branches-avec-noeuds-celtiques-et-lune-en-argent\/","title":{"rendered":"Pendentif \u00c9toile \u00e0 5 branches avec n\u0153uds celtiques et lune en argent"},"content":{"rendered":"<p data-start=\"112\" data-end=\"225\"><strong data-start=\"112\" data-end=\"225\">Pendentif \u00c9toile \u00e0 5 branches avec n\u0153uds celtiques et lune \u2013 Talisman de protection, d\u2019\u00e9nergie et de connexion spirituelle<\/strong><\/p>\n<p data-start=\"227\" data-end=\"867\">Ce pendentif est bien plus qu\u2019un bijou : c\u2019est un puissant outil \u00e9sot\u00e9rique charg\u00e9 de symboles ancestraux.<br data-start=\"338\" data-end=\"341\">L\u2019<strong data-start=\"344\" data-end=\"368\">\u00e9toile \u00e0 5 branches<\/strong> (pentagramme) repr\u00e9sente l\u2019harmonie entre les cinq \u00e9l\u00e9ments \u2014terre, eau, feu, air et esprit\u2014 et a \u00e9t\u00e9 utilis\u00e9e pendant des si\u00e8cles comme amulette de protection et d\u2019\u00e9quilibre.<br data-start=\"544\" data-end=\"547\">Les <strong data-start=\"551\" data-end=\"567\">n\u0153uds celtes<\/strong>, sans d\u00e9but ni fin, symbolisent l\u2019\u00e9ternit\u00e9, la connexion entre le corps, l\u2019esprit et l\u2019\u00e2me, et la sagesse des anciens peuples druidiques.<br data-start=\"714\" data-end=\"717\">La <strong data-start=\"720\" data-end=\"728\" data-is-only-node=\"\">lune<\/strong>, pr\u00e9sente dans son design, apporte une \u00e9nergie f\u00e9minine profonde, associ\u00e9e \u00e0 l\u2019intuition, aux cycles de la vie et \u00e0 la transformation int\u00e9rieure.<\/p>\n<p data-start=\"869\" data-end=\"1045\">Fabriqu\u00e9 en <strong data-start=\"882\" data-end=\"898\">argent sterling<\/strong>, ce pendentif est id\u00e9al pour ceux qui recherchent un symbole de pouvoir spirituel, de protection \u00e9nerg\u00e9tique et de connexion avec les forces naturelles et cosmiques.<\/p>\n<p data-start=\"1047\" data-end=\"1151\"><strong data-start=\"1047\" data-end=\"1151\">Portez-le avec vous comme un rappel de votre force int\u00e9rieure, de votre sagesse ancestrale et de votre chemin sacr\u00e9.<\/strong><\/p>\n","protected":false},"excerpt":{"rendered":"<p>Pendentif \u00c9toile \u00e0 5 branches avec n\u0153uds celtiques et lune en argent \u2013 taille 2,5 cm.<\/p>\n<p>Cha\u00eene en argent en option 45 cm<\/p>\n","protected":false},"featured_media":23549,"comment_status":"open","ping_status":"closed","template":"","meta":[],"product_brand":[],"product_cat":[223,222],"product_tag":[],"class_list":{"0":"post-25854","1":"product","2":"type-product","3":"status-publish","4":"has-post-thumbnail","6":"product_cat-argent","7":"product_cat-talismans-et-amulettes","9":"first","10":"instock","11":"shipping-taxable","12":"purchasable","13":"product-type-variable"},"_links":{"self":[{"href":"https:\/\/mystikus.dsignpoint.com\/fr\/wp-json\/wp\/v2\/product\/25854","targetHints":{"allow":["GET"]}}],"collection":[{"href":"https:\/\/mystikus.dsignpoint.com\/fr\/wp-json\/wp\/v2\/product"}],"about":[{"href":"https:\/\/mystikus.dsignpoint.com\/fr\/wp-json\/wp\/v2\/types\/product"}],"replies":[{"embeddable":true,"href":"https:\/\/mystikus.dsignpoint.com\/fr\/wp-json\/wp\/v2\/comments?post=25854"}],"wp:featuredmedia":[{"embeddable":true,"href":"https:\/\/mystikus.dsignpoint.com\/fr\/wp-json\/wp\/v2\/media\/23549"}],"wp:attachment":[{"href":"https:\/\/mystikus.dsignpoint.com\/fr\/wp-json\/wp\/v2\/media?parent=25854"}],"wp:term":[{"taxonomy":"product_brand","embeddable":true,"href":"https:\/\/mystikus.dsignpoint.com\/fr\/wp-json\/wp\/v2\/product_brand?post=25854"},{"taxonomy":"product_cat","embeddable":true,"href":"https:\/\/mystikus.dsignpoint.com\/fr\/wp-json\/wp\/v2\/product_cat?post=25854"},{"taxonomy":"product_tag","embeddable":true,"href":"https:\/\/mystikus.dsignpoint.com\/fr\/wp-json\/wp\/v2\/product_tag?post=25854"}],"curies":[{"name":"wp","href":"https:\/\/api.w.org\/{rel}","templated":true}]}}