{"id":25900,"date":"2025-06-11T18:52:54","date_gmt":"2025-06-11T16:52:54","guid":{"rendered":"https:\/\/mystikus.dsignpoint.com\/producto\/rituel-premium-sept-magies\/"},"modified":"2025-06-11T18:52:54","modified_gmt":"2025-06-11T16:52:54","slug":"rituel-premium-sept-magies","status":"publish","type":"product","link":"https:\/\/mystikus.dsignpoint.com\/fr\/producto\/rituel-premium-sept-magies\/","title":{"rendered":"Rituel Premium Sept Magies"},"content":{"rendered":"<p>D\u00e9truit la magie noire \u2013 Sorcellerie, fl\u00e9aux \u2013 Contre le mal<\/p>\n<p>Pour commencer, il est important de se purifier avant de faire un Rituel. Il suffit de prendre une douche. Choisis des v\u00eatements blancs et amples. Les v\u00eatements en mati\u00e8res naturelles comme le coton ou le lin sont recommand\u00e9s.   <\/p>\n<p>Les bas ressentiments de l&rsquo;\u00eatre humain les m\u00e8nent \u00e0 l&rsquo;amertume, \u00e0 la jalousie, \u00e0 la col\u00e8re, \u00e0 de nombreuses autres \u00e9motions n\u00e9gatives, voire \u00e0 la haine. L&rsquo;objet de l&rsquo;utilisation de la magie noire est de changer la volont\u00e9 de quelqu&rsquo;un comme effet primaire ou secondaire&nbsp;; ses cons\u00e9quences sont d\u00e9vastatrices. Pour pratiquer la magie noire, le sorcier convoque les forces du mal, les esprits malins et les d\u00e9mons.  <\/p>\n<p>N&rsquo;oubliez pas que la magie noire ne consiste pas seulement \u00e0 faire des rituels avec des sacrifices, des poup\u00e9es vaudou ou des offrandes \u00e0 des entit\u00e9s malignes. Tout rituel qui fait tomber les gens amoureux contre leur volont\u00e9, s\u00e9pare les couples, se venge des ennemis, entre autres, est \u00e9galement consid\u00e9r\u00e9 comme de la magie noire. Vous avez le droit de vous prot\u00e9ger et, plus encore, vous devez vous en d\u00e9barrasser et mettre fin \u00e0 la magie noire lanc\u00e9e contre vous.  <\/p>\n<p>Ce puissant rituel \u00ab&nbsp;Sept Magique&nbsp;\u00bb de magie blanche a \u00e9t\u00e9 sp\u00e9cialement pr\u00e9par\u00e9 pour lib\u00e9rer une personne des griffes des \u0153uvres occultes. Il comprend toutes les pratiques de sorcellerie, de magie noire et de vaudou, ainsi que les invocations des sectes sataniques et lucif\u00e9riennes. Ce rituel comprend toutes les m\u00e9thodes qui permettent d&rsquo;annuler tous les effets des charmes de magie noire et de magie rouge. Le pouvoir de cette \u0153uvre d&rsquo;alchimie vous apportera la gu\u00e9rison et une lib\u00e9ration totale et finale de tous les maux de tout monde occulte.   <\/p>\n<p>Apr\u00e8s avoir r\u00e9alis\u00e9 cette puissante pr\u00e9paration magique, vous b\u00e9n\u00e9ficierez d&rsquo;une protection in\u00e9branlable contre de nouvelles tentatives de sorts mal\u00e9fiques.<\/p>\n<p>Chaque Intervention n\u2019implique aucun risque ni choc en \u00e9change. Tu n\u2019as absolument rien \u00e0 craindre, au contraire, les Rituels de Magie Blanche ne pr\u00e9sentent aucun danger, ils servent seulement \u00e0 nettoyer et \u00e0 d\u00e9fendre. <\/p>\n<p>Il est \u00e9vident que la pratique de ce rituel exige l&rsquo;implication totale du praticien, ainsi qu&rsquo;une quantit\u00e9 consid\u00e9rable d&rsquo;\u00e9nergie.<\/p>\n<p>Cependant, il est essentiel de croire au pouvoir de la magie avant de la pratiquer. Si vous doutez du r\u00e9sultat ou si vous faites un rituel \u00ab&nbsp;juste pour voir si \u00e7a marche&nbsp;\u00bb, il est fort probable que vous n&rsquo;obteniez aucun r\u00e9sultat. En fait, les sorts invoquent de nombreuses \u00e9nergies puissantes, y compris la v\u00f4tre. Projeter mentalement le r\u00e9sultat b\u00e9n\u00e9fique canalise toutes ces \u00e9nergies.   <\/p>\n<p>Par cons\u00e9quent, le manque de foi, le manque de s\u00e9rieux ou les pens\u00e9es n\u00e9gatives r\u00e9duiront consid\u00e9rablement les effets. D\u2019un autre c\u00f4t\u00e9, une bonne Projection de ce qui est Souhait\u00e9 et une Forte Concentration favoriseront \u00e9norm\u00e9ment les R\u00e9sultats. <\/p>\n<p>Contient une explication d\u00e9taill\u00e9e \u2013 Ingr\u00e9dients in\u00e9dits, selon les formules extraites des grands greniers.<br \/>\n Notre Service d&rsquo;Assistance \u00e0 la Client\u00e8le est \u00e0 votre disposition pour toute clarification ou explication suppl\u00e9mentaire.<\/p>\n","protected":false},"excerpt":{"rendered":"<p>D\u00e9truit la magie noire<br \/>\nSorcellerie, mal\u00e9dictions<br \/>\nContre le mal<\/p>\n","protected":false},"featured_media":23509,"comment_status":"open","ping_status":"closed","template":"","meta":[],"product_brand":[],"product_cat":[139,145,149,144],"product_tag":[],"class_list":{"0":"post-25900","1":"product","2":"type-product","3":"status-publish","4":"has-post-thumbnail","6":"product_cat-esoteriques","7":"product_cat-mystikus-collection","8":"product_cat-rituels-premium","11":"first","12":"instock","13":"shipping-taxable","14":"purchasable","15":"product-type-simple"},"_links":{"self":[{"href":"https:\/\/mystikus.dsignpoint.com\/fr\/wp-json\/wp\/v2\/product\/25900","targetHints":{"allow":["GET"]}}],"collection":[{"href":"https:\/\/mystikus.dsignpoint.com\/fr\/wp-json\/wp\/v2\/product"}],"about":[{"href":"https:\/\/mystikus.dsignpoint.com\/fr\/wp-json\/wp\/v2\/types\/product"}],"replies":[{"embeddable":true,"href":"https:\/\/mystikus.dsignpoint.com\/fr\/wp-json\/wp\/v2\/comments?post=25900"}],"wp:featuredmedia":[{"embeddable":true,"href":"https:\/\/mystikus.dsignpoint.com\/fr\/wp-json\/wp\/v2\/media\/23509"}],"wp:attachment":[{"href":"https:\/\/mystikus.dsignpoint.com\/fr\/wp-json\/wp\/v2\/media?parent=25900"}],"wp:term":[{"taxonomy":"product_brand","embeddable":true,"href":"https:\/\/mystikus.dsignpoint.com\/fr\/wp-json\/wp\/v2\/product_brand?post=25900"},{"taxonomy":"product_cat","embeddable":true,"href":"https:\/\/mystikus.dsignpoint.com\/fr\/wp-json\/wp\/v2\/product_cat?post=25900"},{"taxonomy":"product_tag","embeddable":true,"href":"https:\/\/mystikus.dsignpoint.com\/fr\/wp-json\/wp\/v2\/product_tag?post=25900"}],"curies":[{"name":"wp","href":"https:\/\/api.w.org\/{rel}","templated":true}]}}