{"id":25910,"date":"2025-06-11T19:26:45","date_gmt":"2025-06-11T17:26:45","guid":{"rendered":"https:\/\/mystikus.dsignpoint.com\/producto\/rituel-premium-amansa\/"},"modified":"2025-06-11T19:26:45","modified_gmt":"2025-06-11T17:26:45","slug":"rituel-premium-amansa","status":"publish","type":"product","link":"https:\/\/mystikus.dsignpoint.com\/fr\/producto\/rituel-premium-amansa\/","title":{"rendered":"Rituel Premium Amansa"},"content":{"rendered":"<p><strong data-start=\"318\" data-end=\"340\">Dompter l&rsquo;Amour Rebelle<\/strong><\/p>\n<p><strong data-start=\"1401\" data-end=\"1423\">S\u00e9curiser la Relation<\/strong><\/p>\n<p><strong data-start=\"2354\" data-end=\"2372\">Calmer et Soumettre<\/strong><\/p>\n<p><strong data-start=\"3274\" data-end=\"3296\">Harmonie dans l&rsquo;Amour<\/strong><\/p>\n<p>Pour commencer, il est important de se purifier avant de faire un Rituel. Il suffit de prendre une douche. Choisissez des v\u00eatements blancs, propres et amples. Les v\u00eatements en mati\u00e8res naturelles comme le coton ou le lin sont recommand\u00e9s.   <\/p>\n<p><strong data-start=\"318\" data-end=\"340\">Dompter l&rsquo;Amour Rebelle<\/strong> \u2013 Attirer et Apprivoiser un Amour Incontr\u00f4lable<\/p>\n<p data-start=\"395\" data-end=\"691\">Sentez-vous que la personne que vous aimez est \u00e9motionnellement instable, changeante ou d\u00e9pass\u00e9e&nbsp;? Qu&rsquo;il y a de l&rsquo;amour, mais pas de direction ni d&rsquo;engagement&nbsp;? Ce <strong data-start=\"540\" data-end=\"566\">rituel de magie blanche<\/strong> a \u00e9t\u00e9 con\u00e7u pour <strong data-start=\"585\" data-end=\"615\">amadouer les c\u0153urs rebelles<\/strong>, calmer les sentiments incontr\u00f4l\u00e9s et <strong data-start=\"654\" data-end=\"690\">restaurer l&rsquo;\u00e9quilibre affectif<\/strong>.  <\/p>\n<p data-start=\"817\" data-end=\"980\">Ce rituel puissant est id\u00e9al lorsque <strong data-start=\"854\" data-end=\"920\">la personne aim\u00e9e agit avec froideur, ind\u00e9cision ou impulsivit\u00e9<\/strong>, et semble ne pas avoir de clart\u00e9 sur ses propres sentiments.<\/p>\n<p data-start=\"817\" data-end=\"980\"><strong data-start=\"1401\" data-end=\"1423\">S\u00e9curiser la Relation<\/strong> \u2013 Prot\u00e9ger et Renforcer l&rsquo;Amour<\/p>\n<p data-start=\"1208\" data-end=\"1386\">\n<p data-start=\"1469\" data-end=\"1705\">Lorsque vous sentez que votre relation est affect\u00e9e par la routine, par des tiers ou par la m\u00e9fiance, ce rituel agit comme une <strong data-start=\"1608\" data-end=\"1630\">barri\u00e8re protectrice<\/strong>, renfor\u00e7ant le lien et <strong data-start=\"1656\" data-end=\"1704\">\u00e9vitant les ruptures ou les \u00e9loignements \u00e9motionnels<\/strong>.<\/p>\n<p data-start=\"1469\" data-end=\"1705\"><strong data-start=\"2354\" data-end=\"2372\">Calmer et Soumettre<\/strong> \u2013 Apaiser et Adoucir l&rsquo;\u00catre Aim\u00e9<\/p>\n<p data-start=\"2195\" data-end=\"2339\">\n<p data-start=\"2420\" data-end=\"2626\">Lorsque votre partenaire agit avec agressivit\u00e9, col\u00e8re ou indiff\u00e9rence, ce rituel a le pouvoir d&rsquo;<strong data-start=\"2512\" data-end=\"2546\">apaiser l&rsquo;\u00e2me et le c\u0153ur<\/strong> de la personne aim\u00e9e, aidant \u00e0 <strong data-start=\"2579\" data-end=\"2625\">dissoudre les tensions, les ranc\u0153urs et les discussions<\/strong>.<\/p>\n<p data-start=\"2420\" data-end=\"2626\"><strong data-start=\"3274\" data-end=\"3296\">Harmonie dans l&rsquo;Amour<\/strong> \u2013 Restaurer la Paix et l&rsquo;Union Affective<\/p>\n<p data-start=\"3068\" data-end=\"3260\">\n<p data-start=\"3349\" data-end=\"3547\">Les relations traversent des moments difficiles. Si vous vivez une \u00e9tape de distanciation, de froideur ou de silences, ce rituel est con\u00e7u pour <strong data-start=\"3495\" data-end=\"3546\">r\u00e9tablir l&rsquo;harmonie et la compr\u00e9hension mutuelle<\/strong>. <\/p>\n<p>Il est \u00e9vident que la pratique de ce rituel n\u00e9cessite l&rsquo;implication totale du pratiquant, ainsi qu&rsquo;une quantit\u00e9 consid\u00e9rable d&rsquo;\u00e9nergie.<\/p>\n<p>Cependant, il est essentiel de croire au pouvoir de la magie avant de la pratiquer. Si vous doutez du r\u00e9sultat ou si vous faites un rituel \u00ab&nbsp;juste pour voir si \u00e7a marche&nbsp;\u00bb, il est fort probable que vous n&rsquo;obteniez aucun r\u00e9sultat. En fait, les sorts invoquent de nombreuses \u00e9nergies puissantes, y compris la v\u00f4tre. Projeter mentalement le r\u00e9sultat b\u00e9n\u00e9fique canalise toutes ces \u00e9nergies.   <\/p>\n<p>Par cons\u00e9quent, le manque de foi, le manque de s\u00e9rieux ou les pens\u00e9es n\u00e9gatives r\u00e9duiront consid\u00e9rablement les effets. D\u2019un autre c\u00f4t\u00e9, une bonne Projection de ce qui est Souhait\u00e9 et une Forte Concentration favoriseront \u00e9norm\u00e9ment les R\u00e9sultats. <\/p>\n<p>Contient une explication d\u00e9taill\u00e9e \u2013 Ingr\u00e9dients in\u00e9dits, selon les formules extraites des grands greniers.<\/p>\n<p>Notre Service Client est \u00e0 ta disposition pour toute clarification ou explication suppl\u00e9mentaire.<\/p>\n<p>&nbsp;<\/p>\n","protected":false},"excerpt":{"rendered":"<p><strong data-start=\"318\" data-end=\"340\">Dompter l&rsquo;Amour Rebelle<\/strong><\/p>\n<p><strong data-start=\"1401\" data-end=\"1423\">S\u00e9curiser la Relation<\/strong><\/p>\n<p><strong data-start=\"2354\" data-end=\"2372\">Calmer et Soumettre<\/strong><\/p>\n<p><strong data-start=\"3274\" data-end=\"3296\">Harmonie dans l&rsquo;Amour<\/strong><\/p>\n","protected":false},"featured_media":23517,"comment_status":"open","ping_status":"closed","template":"","meta":[],"product_brand":[],"product_cat":[139,145,144,149],"product_tag":[],"class_list":{"0":"post-25910","1":"product","2":"type-product","3":"status-publish","4":"has-post-thumbnail","6":"product_cat-esoteriques","7":"product_cat-mystikus-collection","8":"product_cat-rituels-premium","11":"first","12":"instock","13":"shipping-taxable","14":"purchasable","15":"product-type-simple"},"_links":{"self":[{"href":"https:\/\/mystikus.dsignpoint.com\/fr\/wp-json\/wp\/v2\/product\/25910","targetHints":{"allow":["GET"]}}],"collection":[{"href":"https:\/\/mystikus.dsignpoint.com\/fr\/wp-json\/wp\/v2\/product"}],"about":[{"href":"https:\/\/mystikus.dsignpoint.com\/fr\/wp-json\/wp\/v2\/types\/product"}],"replies":[{"embeddable":true,"href":"https:\/\/mystikus.dsignpoint.com\/fr\/wp-json\/wp\/v2\/comments?post=25910"}],"wp:featuredmedia":[{"embeddable":true,"href":"https:\/\/mystikus.dsignpoint.com\/fr\/wp-json\/wp\/v2\/media\/23517"}],"wp:attachment":[{"href":"https:\/\/mystikus.dsignpoint.com\/fr\/wp-json\/wp\/v2\/media?parent=25910"}],"wp:term":[{"taxonomy":"product_brand","embeddable":true,"href":"https:\/\/mystikus.dsignpoint.com\/fr\/wp-json\/wp\/v2\/product_brand?post=25910"},{"taxonomy":"product_cat","embeddable":true,"href":"https:\/\/mystikus.dsignpoint.com\/fr\/wp-json\/wp\/v2\/product_cat?post=25910"},{"taxonomy":"product_tag","embeddable":true,"href":"https:\/\/mystikus.dsignpoint.com\/fr\/wp-json\/wp\/v2\/product_tag?post=25910"}],"curies":[{"name":"wp","href":"https:\/\/api.w.org\/{rel}","templated":true}]}}