{"id":25915,"date":"2025-06-11T18:48:31","date_gmt":"2025-06-11T16:48:31","guid":{"rendered":"https:\/\/mystikus.dsignpoint.com\/producto\/rituel-premium-saint-michel\/"},"modified":"2025-06-11T18:48:31","modified_gmt":"2025-06-11T16:48:31","slug":"rituel-premium-saint-michel","status":"publish","type":"product","link":"https:\/\/mystikus.dsignpoint.com\/fr\/producto\/rituel-premium-saint-michel\/","title":{"rendered":"Rituel Premium Saint Michel"},"content":{"rendered":"<p>Protection puissante contre les ennemis<br \/>\nContre les forces n\u00e9gatives \u2013 D\u00e9fense contre les dommages<\/p>\n<p>Pour commencer, il est important de se purifier avant de faire un Rituel. Il suffit de prendre une douche. Choisis des v\u00eatements blancs et amples. Les v\u00eatements en mati\u00e8res naturelles comme le coton ou le lin sont recommand\u00e9s.   <\/p>\n<p>Les archanges ont un pouvoir extraordinaire pour ceux qui les invoquent, chacun d&rsquo;eux ayant une comp\u00e9tence sp\u00e9cifique.<\/p>\n<p>\u00c9tymologiquement, Michel (Michael en h\u00e9breu) signifie \u00ab&nbsp;Qui est comme Dieu&nbsp;\u00bb. Il suffit de dire que le pouvoir du chef des l\u00e9gions c\u00e9lestes est immense et que son aide pour combattre le mal est plus qu&rsquo;indispensable. <\/p>\n<p>L&rsquo;archange Michel est celui qui, symboliquement, avec son \u00e9p\u00e9e, coupera tout maillon du mal qui pourrait vous nuire. Il n&rsquo;y a pas de sorcellerie, de d\u00e9mon ou d&rsquo;esprit malin qui puisse r\u00e9sister au pouvoir de l&rsquo;archange Michel. Selon la mythologie, Lucifer lui-m\u00eame a \u00e9t\u00e9 vaincu et expuls\u00e9 des sph\u00e8res c\u00e9lestes par lui.  <\/p>\n<p>Vous vous sentez impuissant \u00e0 lutter au quotidien, les probl\u00e8mes s&rsquo;accumulent dans plusieurs domaines de votre vie sans raison apparente, tout va mal. Il est tr\u00e8s probable que vous soyez victime d&rsquo;un sort ou d&rsquo;un mal\u00e9fice. <\/p>\n<p>Ce rituel puissant ob\u00e9it \u00e0 tous les rites essentiels \u00e0 l&rsquo;invocation de Saint Michel, permettant son aide totale dans votre vie, vous lib\u00e9rant de tous les maux.<\/p>\n<p>L&rsquo;archange Michel symbolise la victoire du bien sur le mal et symbolise la protection dans sa forme la plus puissante.<\/p>\n<p>Chaque Intervention n\u2019implique aucun risque ni choc en \u00e9change. Tu n\u2019as absolument rien \u00e0 craindre, au contraire, les Rituels de Magie Blanche ne pr\u00e9sentent aucun danger, ils servent seulement \u00e0 nettoyer et \u00e0 d\u00e9fendre. <\/p>\n<p>Cependant, il est essentiel de croire au pouvoir de la magie avant de la pratiquer. Si vous doutez du r\u00e9sultat ou si vous faites un rituel \u00ab&nbsp;juste pour voir si \u00e7a marche&nbsp;\u00bb, il est fort probable que vous n&rsquo;obteniez aucun r\u00e9sultat. En fait, les sorts invoquent de nombreuses \u00e9nergies puissantes, y compris la v\u00f4tre. Projeter mentalement le r\u00e9sultat b\u00e9n\u00e9fique canalise toutes ces \u00e9nergies.   <\/p>\n<p>Par cons\u00e9quent, le manque de foi, le manque de s\u00e9rieux ou les pens\u00e9es n\u00e9gatives r\u00e9duiront consid\u00e9rablement les effets. D\u2019un autre c\u00f4t\u00e9, une bonne Projection de ce qui est Souhait\u00e9 et une Forte Concentration favoriseront \u00e9norm\u00e9ment les R\u00e9sultats. <\/p>\n<p>Contient une explication d\u00e9taill\u00e9e \u2013 Ingr\u00e9dients in\u00e9dits, selon les formules extraites des grands greniers.<\/p>\n<p>Notre Service Client est \u00e0 ta disposition pour toute clarification ou explication suppl\u00e9mentaire.<\/p>\n","protected":false},"excerpt":{"rendered":"<p>Une protection puissante<br \/>\nContre les ennemis<br \/>\nContre les forces n\u00e9gatives<br \/>\nD\u00e9fense contre les dommages<\/p>\n","protected":false},"featured_media":23507,"comment_status":"open","ping_status":"closed","template":"","meta":[],"product_brand":[],"product_cat":[139,145,149,144],"product_tag":[],"class_list":{"0":"post-25915","1":"product","2":"type-product","3":"status-publish","4":"has-post-thumbnail","6":"product_cat-esoteriques","7":"product_cat-mystikus-collection","8":"product_cat-rituels-premium","11":"first","12":"instock","13":"shipping-taxable","14":"purchasable","15":"product-type-simple"},"_links":{"self":[{"href":"https:\/\/mystikus.dsignpoint.com\/fr\/wp-json\/wp\/v2\/product\/25915","targetHints":{"allow":["GET"]}}],"collection":[{"href":"https:\/\/mystikus.dsignpoint.com\/fr\/wp-json\/wp\/v2\/product"}],"about":[{"href":"https:\/\/mystikus.dsignpoint.com\/fr\/wp-json\/wp\/v2\/types\/product"}],"replies":[{"embeddable":true,"href":"https:\/\/mystikus.dsignpoint.com\/fr\/wp-json\/wp\/v2\/comments?post=25915"}],"wp:featuredmedia":[{"embeddable":true,"href":"https:\/\/mystikus.dsignpoint.com\/fr\/wp-json\/wp\/v2\/media\/23507"}],"wp:attachment":[{"href":"https:\/\/mystikus.dsignpoint.com\/fr\/wp-json\/wp\/v2\/media?parent=25915"}],"wp:term":[{"taxonomy":"product_brand","embeddable":true,"href":"https:\/\/mystikus.dsignpoint.com\/fr\/wp-json\/wp\/v2\/product_brand?post=25915"},{"taxonomy":"product_cat","embeddable":true,"href":"https:\/\/mystikus.dsignpoint.com\/fr\/wp-json\/wp\/v2\/product_cat?post=25915"},{"taxonomy":"product_tag","embeddable":true,"href":"https:\/\/mystikus.dsignpoint.com\/fr\/wp-json\/wp\/v2\/product_tag?post=25915"}],"curies":[{"name":"wp","href":"https:\/\/api.w.org\/{rel}","templated":true}]}}