{"id":25928,"date":"2025-06-11T18:39:36","date_gmt":"2025-06-11T16:39:36","guid":{"rendered":"https:\/\/mystikus.dsignpoint.com\/producto\/rituel-premium-enchaine-a-moi\/"},"modified":"2025-06-11T18:39:36","modified_gmt":"2025-06-11T16:39:36","slug":"rituel-premium-enchaine-a-moi","status":"publish","type":"product","link":"https:\/\/mystikus.dsignpoint.com\/fr\/producto\/rituel-premium-enchaine-a-moi\/","title":{"rendered":"Rituel Premium Encha\u00een\u00e9 \u00e0 Moi"},"content":{"rendered":"<p>Amarrez votre amour \u2013 Assurez votre relation<br \/>\nP<span class=\"Y2IQFc\" lang=\"es\">otentialisez la passion<\/span> \u2013 Puissante ligature astrale<\/p>\n<p>Pour commencer, il est important de se purifier avant de faire un Rituel. Il suffit de prendre une douche. Choisis des v\u00eatements blancs et amples. Les v\u00eatements en mati\u00e8res naturelles comme le coton ou le lin sont recommand\u00e9s.   <\/p>\n<p>Le Rituel de Magie Rouge, Encha\u00een\u00e9 \u00e0 Moi, est un puissant Rituel d&rsquo;Amour, sp\u00e9cialement pr\u00e9par\u00e9 pour lier l&rsquo;homme ou la femme dans une relation romantique ou de couple. . Si vous avez la certitude ou le soup\u00e7on que votre \u00e9poux ou \u00e9pouse vous est infid\u00e8le, ou si vous croyez qu&rsquo;il y a trahison, ce Rituel est la Solution pour sauver votre relation, sauver votre couple ou sauver votre mariage. R\u00e9solvez les conflits, les col\u00e8res, les d\u00e9saccords et les d\u00e9sagr\u00e9ments de la vie quotidienne. R\u00e9tablissez l&rsquo;harmonie, renforcez les sentiments d&rsquo;amour. De plus, cette puissante recette de magie rouge renforcera votre relation, mettra votre conjoint sur le bon chemin et apportera une protection. R\u00e9alisez ce Rituel pour Attacher votre Amour de mani\u00e8re Durable et Obtenir votre Amour Inconditionnel. Parfois, l&rsquo;Amour ne suffit pas, il est n\u00e9cessaire d&rsquo;utiliser la voie forte de l&rsquo;obligation, lorsqu&rsquo;il s&rsquo;agit d&rsquo;un c\u0153ur intr\u00e9pide et errant.     <\/p>\n<p>D&rsquo;un autre c\u00f4t\u00e9, si vous venez de rencontrer quelqu&rsquo;un et que vous \u00eates tomb\u00e9 amoureux, ce Rituel de Magie Rouge vous aidera \u00e0 consolider l&rsquo;amour et la passion. De plus, si vous avez d\u00e9j\u00e0 une relation et que vous souhaitez continuer \u00e0 s\u00e9duire votre partenaire, cette recette de magie rouge renforcera votre pouvoir de s\u00e9duction et, par cons\u00e9quent, rendra vos sentiments r\u00e9ciproques. Ce Puissant Rituel, Adh\u00e9r\u00e9 \u00e0 Moi, Sert \u00e0 Faire Fondre et \u00e0 Attacher le C\u0153ur de l&rsquo;Aim\u00e9 et \u00e0 Assurer l&rsquo;Union.  <\/p>\n<p>Utilisez ce Puissant Rituel de Magie Rouge pour Attacher et \u00c9tablir un Lien Astral entre deux Amants ou un Couple. Consolidez et renforcez les sentiments, r\u00e9veillez et augmentez fortement le d\u00e9sir de votre amour, en concentrant toute l&rsquo;attention sur vous. <\/p>\n<p>Cependant, il est essentiel de croire au pouvoir de la magie avant de la pratiquer. Si tu doutes du r\u00e9sultat ou si tu fais un rituel \u00ab&nbsp;juste pour voir si \u00e7a marche&nbsp;\u00bb, il est fort probable que tu n\u2019obtiennes aucun effet. En effet, les sorts invoquent de nombreuses \u00e9nergies puissantes, y compris la tienne. Projeter mentalement le r\u00e9sultat b\u00e9n\u00e9fique canalise toutes ces \u00e9nergies.   <\/p>\n<p>Par cons\u00e9quent, le manque de foi, le manque de s\u00e9rieux ou les pens\u00e9es n\u00e9gatives r\u00e9duiront consid\u00e9rablement les effets. D\u2019un autre c\u00f4t\u00e9, une bonne Projection de ce qui est Souhait\u00e9 et une Forte Concentration favoriseront \u00e9norm\u00e9ment les R\u00e9sultats. <\/p>\n<p>Contient une explication d\u00e9taill\u00e9e \u2013 Ingr\u00e9dients in\u00e9dits, selon les formules extraites des grands greniers.<\/p>\n<p>Notre Service Client est \u00e0 ta disposition pour toute clarification ou explication suppl\u00e9mentaire.<\/p>\n","protected":false},"excerpt":{"rendered":"<p>Encha\u00eenez votre amour<br \/>\nAssurez la relation<br \/>\nPotentialisez la passion<br \/>\nPuissante connexion amoureuse astrale<\/p>\n","protected":false},"featured_media":23504,"comment_status":"open","ping_status":"closed","template":"","meta":[],"product_brand":[],"product_cat":[139,145,144,149],"product_tag":[],"class_list":{"0":"post-25928","1":"product","2":"type-product","3":"status-publish","4":"has-post-thumbnail","6":"product_cat-esoteriques","7":"product_cat-mystikus-collection","8":"product_cat-rituels-premium","11":"first","12":"instock","13":"shipping-taxable","14":"purchasable","15":"product-type-simple"},"_links":{"self":[{"href":"https:\/\/mystikus.dsignpoint.com\/fr\/wp-json\/wp\/v2\/product\/25928","targetHints":{"allow":["GET"]}}],"collection":[{"href":"https:\/\/mystikus.dsignpoint.com\/fr\/wp-json\/wp\/v2\/product"}],"about":[{"href":"https:\/\/mystikus.dsignpoint.com\/fr\/wp-json\/wp\/v2\/types\/product"}],"replies":[{"embeddable":true,"href":"https:\/\/mystikus.dsignpoint.com\/fr\/wp-json\/wp\/v2\/comments?post=25928"}],"wp:featuredmedia":[{"embeddable":true,"href":"https:\/\/mystikus.dsignpoint.com\/fr\/wp-json\/wp\/v2\/media\/23504"}],"wp:attachment":[{"href":"https:\/\/mystikus.dsignpoint.com\/fr\/wp-json\/wp\/v2\/media?parent=25928"}],"wp:term":[{"taxonomy":"product_brand","embeddable":true,"href":"https:\/\/mystikus.dsignpoint.com\/fr\/wp-json\/wp\/v2\/product_brand?post=25928"},{"taxonomy":"product_cat","embeddable":true,"href":"https:\/\/mystikus.dsignpoint.com\/fr\/wp-json\/wp\/v2\/product_cat?post=25928"},{"taxonomy":"product_tag","embeddable":true,"href":"https:\/\/mystikus.dsignpoint.com\/fr\/wp-json\/wp\/v2\/product_tag?post=25928"}],"curies":[{"name":"wp","href":"https:\/\/api.w.org\/{rel}","templated":true}]}}