{"id":25942,"date":"2025-05-24T14:07:57","date_gmt":"2025-05-24T12:07:57","guid":{"rendered":"https:\/\/mystikus.dsignpoint.com\/producto\/pure-as-sea-eau-purificatrice-denergies\/"},"modified":"2025-05-24T14:07:57","modified_gmt":"2025-05-24T12:07:57","slug":"pure-as-sea-eau-purificatrice-denergies","status":"publish","type":"product","link":"https:\/\/mystikus.dsignpoint.com\/fr\/producto\/pure-as-sea-eau-purificatrice-denergies\/","title":{"rendered":"Pure as Sea Eau Purificatrice d&rsquo;\u00c9nergies"},"content":{"rendered":"<p class=\"p1\">Parfois, notre quotidien est rempli d&rsquo;\u00e9nergies n\u00e9gatives et d&rsquo;impuret\u00e9s qui nous affectent.<\/p>\n<p class=\"p1\">Parce que tu m\u00e9rites la paix mentale et la tranquillit\u00e9&#8230; et parce qu&rsquo;il existe des rituels qui ne faillissent pas&#8230;<\/p>\n<p class=\"p1\">Nous vous pr\u00e9sentons Pure as Sea, le spray qui nettoie et vous prot\u00e8ge des mauvaises \u00e9nergies du quotidien, cr\u00e9ant un bouclier de s\u00e9r\u00e9nit\u00e9 autour de vous.<\/p>\n<p class=\"p1\">Notre formule exclusive combine les bienfaits de l&rsquo;eau de mer avec les herbes purificatrices les plus efficaces du monde \u00e9sot\u00e9rique. Avec une touche d&rsquo;ar\u00f4me de lavande, le tout dans un petit flacon spray \u00e0 emporter partout avec vous. <\/p>\n<p class=\"p1\">Nettoie et prot\u00e8ge-toi des mauvaises \u00e9nergies du quotidien avec notre Pure as Sea, eau purificatrice d&rsquo;\u00e9nergies.<\/p>\n","protected":false},"excerpt":{"rendered":"<p class=\"p1\">Pure as Sea, le spray qui nettoie et vous prot\u00e8ge des mauvaises \u00e9nergies du quotidien, cr\u00e9ant un bouclier de s\u00e9r\u00e9nit\u00e9 autour de vous.<\/p>\n","protected":false},"featured_media":1087,"comment_status":"open","ping_status":"closed","template":"","meta":[],"product_brand":[31],"product_cat":[139,145,140,220],"product_tag":[],"class_list":{"0":"post-25942","1":"product","2":"type-product","3":"status-publish","4":"has-post-thumbnail","6":"product_brand-mystikus","7":"product_cat-esoteriques","8":"product_cat-mystikus-collection","9":"product_cat-parfums-dambiance","10":"product_cat-parfums-ambiance","12":"first","13":"instock","14":"shipping-taxable","15":"purchasable","16":"product-type-simple"},"_links":{"self":[{"href":"https:\/\/mystikus.dsignpoint.com\/fr\/wp-json\/wp\/v2\/product\/25942","targetHints":{"allow":["GET"]}}],"collection":[{"href":"https:\/\/mystikus.dsignpoint.com\/fr\/wp-json\/wp\/v2\/product"}],"about":[{"href":"https:\/\/mystikus.dsignpoint.com\/fr\/wp-json\/wp\/v2\/types\/product"}],"replies":[{"embeddable":true,"href":"https:\/\/mystikus.dsignpoint.com\/fr\/wp-json\/wp\/v2\/comments?post=25942"}],"wp:featuredmedia":[{"embeddable":true,"href":"https:\/\/mystikus.dsignpoint.com\/fr\/wp-json\/wp\/v2\/media\/1087"}],"wp:attachment":[{"href":"https:\/\/mystikus.dsignpoint.com\/fr\/wp-json\/wp\/v2\/media?parent=25942"}],"wp:term":[{"taxonomy":"product_brand","embeddable":true,"href":"https:\/\/mystikus.dsignpoint.com\/fr\/wp-json\/wp\/v2\/product_brand?post=25942"},{"taxonomy":"product_cat","embeddable":true,"href":"https:\/\/mystikus.dsignpoint.com\/fr\/wp-json\/wp\/v2\/product_cat?post=25942"},{"taxonomy":"product_tag","embeddable":true,"href":"https:\/\/mystikus.dsignpoint.com\/fr\/wp-json\/wp\/v2\/product_tag?post=25942"}],"curies":[{"name":"wp","href":"https:\/\/api.w.org\/{rel}","templated":true}]}}